{"id":3883,"date":"2021-07-02T17:54:08","date_gmt":"2021-07-02T17:54:08","guid":{"rendered":"https:\/\/www.artestruzmallorca.com\/visitar-artestruz\/"},"modified":"2026-04-21T10:13:03","modified_gmt":"2026-04-21T08:13:03","slug":"visitar-artestruz","status":"publish","type":"page","link":"https:\/\/www.artestruzmallorca.com\/zh-hans\/visitar-artestruz\/","title":{"rendered":"\u8bbf\u95eeArtestruz"},"content":{"rendered":"<p>[vc_row gap=&#8221;5&#8243; content_placement=&#8221;middle&#8221; anchor_wrap_section=&#8221;no&#8221;][vc_column width=&#8221;1\/2&#8243;][vc_cta h2=&#8221;&#8221; txt_align=&#8221;center&#8221; style=&#8221;outline&#8221; color=&#8221;green&#8221; el_width=&#8221;xl&#8221;]<strong>\u65e0\u9700\u9884\u8ba2<\/strong>\u3002\u60a8\u53ef\u4ee5\u5728\u95e8\u53e3\u4e70\u7968\u3002\u4f46\u5982\u679c\u4f60\u613f\u610f\uff1a[\/vc_cta][vc_btn title=&#8221;\u4e70\u7968&#8221; color=&#8221;green&#8221; align=&#8221;center&#8221; button_block=&#8221;true&#8221; link=&#8221;url:https%3A%2F%2Fwww.artestruzmallorca.com%2Fproducto%2Fentradas-artestruz%2F&#8221;][vc_cta h2=&#8221;&#8221; txt_align=&#8221;center&#8221; style=&#8221;outline&#8221; color=&#8221;green&#8221; el_width=&#8221;xl&#8221;]\u5178\u578b\u7684\u8bbf\u95ee\u65f6\u95f4\uff1a60\u5206\u949f<\/p>\n<p>&nbsp;<\/p>\n<p><strong>\u4e00\u822c\u4ef7\u683c<\/strong><br \/>\n\u6210\u4eba&#8211;19.50\u6b27\u5143\uff0812\u5c81\u4ee5\u4e0a\uff09\u3002<br \/>\n\u517b\u8001\u91d1\u9886\u53d6\u8005&#8211;18.50\u6b27\u5143\u3002<br \/>\n\u6b8b\u75be\u6210\u4eba &#8211; 18.50\u6b27\u5143\u3002<br \/>\n\u5927\u5bb6\u5ead\u6210\u4eba &#8211; 18,50\u6b27\u5143\u3002<\/p>\n<p>\u513f\u7ae5 &#8211; 10\u6b27\u5143\uff083-11\u5c81\u5747\u5305\u62ec\u5728\u5185\uff09\u3002<br \/>\n\u5c0f\u578b\u6b8b\u75be\u4eba &#8211; 9\u6b27\u5143<br \/>\n\u5927\u5bb6\u5ead\u5c0f &#8211; 9\u6b27\u5143\u3002<\/p>\n<p><strong>\u4ef7\u683c \u5c45\u6c11<\/strong><br \/>\n\u6210\u4eba&#8211;17\u6b27\u5143\uff0812\u5c81\u4ee5\u4e0a\uff09\u3002<br \/>\n\u517b\u8001\u91d1\u9886\u53d6\u8005&#8211;16\u6b27\u5143\u3002<br \/>\n\u6b8b\u75be\u6210\u4eba-16\u6b27\u5143<br \/>\n\u5927\u5bb6\u5ead\u6210\u4eba &#8211; 16\u6b27\u5143<\/p>\n<p>\u513f\u7ae5&#8211;9\u6b27\u5143\uff08\u5305\u62ec3-11\u5c81\uff09\u3002<br \/>\n\u5c0f\u578b\u6b8b\u75be\u4eba &#8211; 8\u6b27\u5143<br \/>\n\u5927\u5bb6\u5ead\u5c0f &#8211; 8\u6b27\u5143\u3002<\/p>\n<p>\u8bf7\u8be2\u95ee\u56e2\u4f53\u4ef7\u683c\u548c\u5176\u4ed6\u6298\u6263\u3002<\/p>\n<p>3\u5c81\u4ee5\u4e0b\u513f\u7ae5\u514d\u8d39\u3002<\/p>\n<p>\u4e0d\u9700\u8981\u9884\u7ea6\u3002<\/p>\n<p>&nbsp;<\/p>\n<p class=\"opening-hours\">\r\n\t<span class=\"day-name\">\u661f\u671f\u4e00:<\/span> <span class=\"hours\">Closed<\/span><br>\n\t<span class=\"day-name\">\u661f\u671f\u4e8c:<\/span> <span class=\"hours\">Closed<\/span><br>\n\t<span class=\"day-name\">\u661f\u671f\u4e09:<\/span> <span class=\"hours\">11:00 \u2013 16:00<\/span><br>\n\t<span class=\"day-name\">\u661f\u671f\u56db:<\/span> <span class=\"hours\">11:00 \u2013 16:00<\/span><br>\n\t<span class=\"day-name\">\u661f\u671f\u4e94:<\/span> <span class=\"hours\">11:00 \u2013 16:00<\/span><br>\n\t<span class=\"day-name\">\u661f\u671f\u516d:<\/span> <span class=\"hours\">11:00 \u2013 16:00<\/span><br>\n\t<span class=\"day-name\">\u661f\u671f\u65e5:<\/span> <span class=\"hours\">11:00 \u2013 16:00<\/span>\n<\/p>\r\n\n<p>\u6700\u540e\u5165\u573a\u65f6\u95f4\u4e3a\u4e0b\u5348 3:00<\/p>\n<p><strong>2026\u5e744\u670830\u65e5\uff0c\u661f\u671f\u56db\uff1a\u5b66\u6821\u53c2\u89c2\u6682\u505c\u5f00\u653e<\/strong>[\/vc_cta][vc_column_text]\u9e35\u9e1f\u662f\u8ff7\u4eba\u7684\u52a8\u7269\u3002 \u8fd9\u79cd\u9e1f\u901f\u5ea6\u5feb\u3001\u4f53\u683c\u5f3a\u58ee\uff0c\u5e76\u62e5\u6709\u4e00\u957f\u4e32\u7684\u4e16\u754c\u7eaa\u5f55\uff0c\u65e0\u8bba\u4f60\u5728\u54ea\u91cc\u770b\u5230\u7260\u90fd\u4f1a\u611f\u5230\u60ca\u8bb6\u3002\u9664\u4e86\u4e86\u89e3\u6280\u672f\u548c\u4e8b\u5b9e\u7684\u7ec6\u8282\uff0c\u6211\u4eec\u8fd8\u60f3\u5411\u4f60\u5c55\u793a\u6211\u4eec\u5bb6\u65cf\u7684\u53e6\u4e00\u9762\u3002\u597d\u5947\u548c\u4fcf\u76ae\uff0c\u8c03\u76ae\u548c\u4f18\u96c5\u3002\u8bb8\u591a\u6e38\u5ba2\u7231\u4e0a\u8fd9\u79cd\u52a8\u7269\u5e76\u4e0d\u662f\u6ca1\u6709\u539f\u56e0\u7684\u3002<\/p>\n<p>\u6765\u5427\uff0c\u88ab\u6211\u4eec\u5bf9\u8fd9\u4e9b\u52a8\u7269\u7684\u70ed\u60c5\u6240\u611f\u67d3\u3002\u6211\u4eec\u5e0c\u671b\u4e0e\u4f60\u5206\u4eab\u72ec\u7279\u7684\u7ecf\u5386\uff0c\u6211\u4eec\u7684\u7231\uff0c\u4ee5\u53ca\u6211\u4eec\u4e0e\u9e35\u9e1f\u7684\u8054\u7cfb\u3002<\/p>\n<p>\u6211\u4eec\u5bf9\u9e35\u9e1f\u7684\u70ed\u7231\u662f\u6211\u4eec\u7684\u9a84\u50b2\u3002\u6211\u4eec\u5df2\u7ecf\u4e3a\u8fd9\u4e9b\u4f18\u79c0\u7684\u52a8\u7269\uff0c\u5949\u732e\u4e86\u6211\u4eec\u751f\u547d\u4e2d\u7684\u5927\u90e8\u5206\u65f6\u95f4\uff0c\u6211\u4eec\u8ba1\u5212\u4e3a\u7260\u4eec\u5949\u732e\u66f4\u591a\u7684\u65f6\u95f4\u3002\u6b64\u5916\uff0c\u6211\u4eec\u5e0c\u671b\u60a8\u6709\u673a\u4f1a\u5728\u4e00\u4e2a\u5b89\u5168\u548c\u5c0a\u91cd\u7684\u73af\u5883\u4e2d\u4e0e\u7260\u4eec\u4e92\u52a8\u3002[\/vc_column_text][\/vc_column][vc_column width=&#8221;1\/2&#8243;][ts_side_slider details=&#8221;%5B%7B%22image%22%3A%22759%22%7D%2C%7B%22image%22%3A%22758%22%7D%2C%7B%22image%22%3A%22607%22%7D%2C%7B%22image%22%3A%22837%22%7D%5D&#8221;][vc_empty_space][\/vc_column][\/vc_row][vc_row][vc_column][\/vc_column][vc_column width=&#8221;1\/2&#8243;][ts_side_slider details=&#8221;%5B%7B%22image%22%3A%22684%22%7D%2C%7B%22image%22%3A%22605%22%7D%2C%7B%22image%22%3A%22638%22%7D%2C%7B%22image%22%3A%22642%22%7D%2C%7B%22image%22%3A%22646%22%7D%5D&#8221;][vc_empty_space][vc_column_text]<\/p>\n<p style=\"text-align: justify;\">\u00bfQuieres disfrutar a\u00fan m\u00e1s el tiempo? <strong>toma algo algo en nuestra terraza<\/strong>\u00a0mientras disfrutas de un espect\u00e1culo natural que es entretenido y ex\u00f3tico.<\/p>\n<p>\ud83d\udd25 \u00a1Nuevo! Ven a disfrutar de los Domingos de barbacoa: t\u00fa traes la comida y nosotros encendemos el fuego. Solo con reserva.<br data-start=\"437\" data-end=\"440\" \/><a href=\"http:\/\/www.artestruzmallorca.com\/bbq\">\ud83d\udc49 <strong data-start=\"443\" data-end=\"481\">Haz clic aqu\u00ed para m\u00e1s informaci\u00f3n<\/strong><\/a>[\/vc_column_text][vc_btn title=&#8221;\u8bf7\u5230\u6211\u4eec\u7684\u98df\u5802\u6765!&#8221; style=&#8221;outline&#8221; color=&#8221;orange&#8221; size=&#8221;lg&#8221; align=&#8221;center&#8221; link=&#8221;url:https%3A%2F%2Fwww.artestruzmallorca.com%2Fcafeteria|title:Cafeter%C3%ADa%20y%20Cocina%20Abierta&#8221;][\/vc_column][\/vc_row]<\/p>\n","protected":false},"excerpt":{"rendered":"<p>[vc_row gap=&#8221;5&#8243; content_placement=&#8221;mi [&hellip;]<\/p>\n","protected":false},"author":2,"featured_media":0,"parent":0,"menu_order":0,"comment_status":"closed","ping_status":"closed","template":"","meta":{"footnotes":""},"class_list":["post-3883","page","type-page","status-publish","hentry"],"_links":{"self":[{"href":"https:\/\/www.artestruzmallorca.com\/zh-hans\/wp-json\/wp\/v2\/pages\/3883","targetHints":{"allow":["GET"]}}],"collection":[{"href":"https:\/\/www.artestruzmallorca.com\/zh-hans\/wp-json\/wp\/v2\/pages"}],"about":[{"href":"https:\/\/www.artestruzmallorca.com\/zh-hans\/wp-json\/wp\/v2\/types\/page"}],"author":[{"embeddable":true,"href":"https:\/\/www.artestruzmallorca.com\/zh-hans\/wp-json\/wp\/v2\/users\/2"}],"replies":[{"embeddable":true,"href":"https:\/\/www.artestruzmallorca.com\/zh-hans\/wp-json\/wp\/v2\/comments?post=3883"}],"version-history":[{"count":56,"href":"https:\/\/www.artestruzmallorca.com\/zh-hans\/wp-json\/wp\/v2\/pages\/3883\/revisions"}],"predecessor-version":[{"id":12879,"href":"https:\/\/www.artestruzmallorca.com\/zh-hans\/wp-json\/wp\/v2\/pages\/3883\/revisions\/12879"}],"wp:attachment":[{"href":"https:\/\/www.artestruzmallorca.com\/zh-hans\/wp-json\/wp\/v2\/media?parent=3883"}],"curies":[{"name":"wp","href":"https:\/\/api.w.org\/{rel}","templated":true}]}}