{"id":7878,"date":"2021-08-31T14:01:15","date_gmt":"2021-08-31T14:01:15","guid":{"rendered":"https:\/\/www.artestruzmallorca.com\/ratites\/"},"modified":"2024-02-10T12:06:40","modified_gmt":"2024-02-10T11:06:40","slug":"ratites","status":"publish","type":"page","link":"https:\/\/www.artestruzmallorca.com\/pl\/ratites\/","title":{"rendered":"Ratites"},"content":{"rendered":"<p>[vc_row anchor_wrap_section=&#8221;no&#8221;][vc_column][vc_video link=&#8221;https:\/\/youtu.be\/1CXW549AOqg&#8221;][vc_message message_box_color=&#8221;violet&#8221; icon_fontawesome=&#8221;fas fa-arrow-down&#8221;]Wolne po\u0142\u0105czenie? Wypr\u00f3buj tylko d\u017awi\u0119k poni\u017cej.[\/vc_message][zoomsounds_player source=&#8221;7898&#8243; type=&#8221;detect&#8221; thumb=&#8221;2868&#8243; enable_likes=&#8221;on&#8221; wrapper_image_type=&#8221;zoomsounds-wrapper-bg-center&#8221;][\/zoomsounds_player][\/vc_column][\/vc_row]<\/p>\n","protected":false},"excerpt":{"rendered":"<p>[vc_row anchor_wrap_section=&#8221;no&#8221;][vc_column][vc_video link=&#8221;https:\/\/youtu.be\/1CXW549AOqg&#8221;][vc_message message_box_color=&#8221;violet&#8221; icon_fontawesome=&#8221;fas fa-arrow-down&#8221;]Wolne po\u0142\u0105czenie? Wypr\u00f3buj tylko d\u017awi\u0119k poni\u017cej.[\/vc_message][zoomsounds_player source=&#8221;7898&#8243; type=&#8221;detect&#8221; thumb=&#8221;2868&#8243; enable_likes=&#8221;on&#8221; wrapper_image_type=&#8221;zoomsounds-wrapper-bg-center&#8221;][\/zoomsounds_player][\/vc_column][\/vc_row]<\/p>\n","protected":false},"author":2,"featured_media":0,"parent":0,"menu_order":0,"comment_status":"closed","ping_status":"closed","template":"","meta":{"footnotes":""},"class_list":["post-7878","page","type-page","status-publish","hentry"],"_links":{"self":[{"href":"https:\/\/www.artestruzmallorca.com\/pl\/wp-json\/wp\/v2\/pages\/7878","targetHints":{"allow":["GET"]}}],"collection":[{"href":"https:\/\/www.artestruzmallorca.com\/pl\/wp-json\/wp\/v2\/pages"}],"about":[{"href":"https:\/\/www.artestruzmallorca.com\/pl\/wp-json\/wp\/v2\/types\/page"}],"author":[{"embeddable":true,"href":"https:\/\/www.artestruzmallorca.com\/pl\/wp-json\/wp\/v2\/users\/2"}],"replies":[{"embeddable":true,"href":"https:\/\/www.artestruzmallorca.com\/pl\/wp-json\/wp\/v2\/comments?post=7878"}],"version-history":[{"count":5,"href":"https:\/\/www.artestruzmallorca.com\/pl\/wp-json\/wp\/v2\/pages\/7878\/revisions"}],"predecessor-version":[{"id":8994,"href":"https:\/\/www.artestruzmallorca.com\/pl\/wp-json\/wp\/v2\/pages\/7878\/revisions\/8994"}],"wp:attachment":[{"href":"https:\/\/www.artestruzmallorca.com\/pl\/wp-json\/wp\/v2\/media?parent=7878"}],"curies":[{"name":"wp","href":"https:\/\/api.w.org\/{rel}","templated":true}]}}