{"id":11270,"date":"2021-08-31T14:18:18","date_gmt":"2021-08-31T14:18:18","guid":{"rendered":"https:\/\/www.artestruzmallorca.com\/mating-and-chicks\/"},"modified":"2025-11-08T15:39:24","modified_gmt":"2025-11-08T14:39:24","slug":"mating-and-chicks","status":"publish","type":"page","link":"https:\/\/www.artestruzmallorca.com\/hu\/mating-and-chicks\/","title":{"rendered":"Krycie i strusie piskl\u0119ta"},"content":{"rendered":"<p>[vc_row h2=&#8221;&#8221; use_custom_fonts_h2=&#8221;&#8221; h2_font_container=&#8221;tag:h2|text_align:left&#8221; h2_use_theme_fonts=&#8221;&#8221; h2_google_fonts=&#8221;font_family:Abril%20Fatface%3Aregular|font_style:400%20regular%3A400%3Anormal&#8221; h2_css_animation=&#8221;&#8221; h4=&#8221;&#8221; use_custom_fonts_h4=&#8221;&#8221; h4_font_container=&#8221;tag:h4|text_align:left&#8221; h4_use_theme_fonts=&#8221;&#8221; h4_google_fonts=&#8221;font_family:Abril%20Fatface%3Aregular|font_style:400%20regular%3A400%3Anormal&#8221; h4_css_animation=&#8221;&#8221; txt_align=&#8221;left&#8221; shape=&#8221;rounded&#8221; style=&#8221;classic&#8221; color=&#8221;classic&#8221; el_width=&#8221;&#8221; add_button=&#8221;&#8221; btn_title=&#8221;Texto del bot\u00f3n&#8221; btn_style=&#8221;modern&#8221; btn_gradient_color_1=&#8221;turquoise&#8221; btn_gradient_color_2=&#8221;blue&#8221; btn_gradient_custom_color_1=&#8221;#dd3333&#8243; btn_gradient_custom_color_2=&#8221;#eeee22&#8243; btn_gradient_text_color=&#8221;#ffffff&#8221; btn_custom_background=&#8221;#ededed&#8221; btn_custom_text=&#8221;#666&#8243; btn_outline_custom_color=&#8221;#666&#8243; btn_outline_custom_hover_background=&#8221;#666&#8243; btn_outline_custom_hover_text=&#8221;#fff&#8221; btn_shape=&#8221;rounded&#8221; btn_color=&#8221;grey&#8221; btn_size=&#8221;md&#8221; btn_align=&#8221;inline&#8221; btn_button_block=&#8221;&#8221; btn_add_icon=&#8221;&#8221; btn_i_align=&#8221;left&#8221; btn_i_type=&#8221;fontawesome&#8221; btn_i_icon_fontawesome=&#8221;fas fa-adjust&#8221; btn_i_icon_openiconic=&#8221;vc-oi vc-oi-dial&#8221; btn_i_icon_typicons=&#8221;typcn typcn-adjust-brightness&#8221; btn_i_icon_entypo=&#8221;entypo-icon entypo-icon-note&#8221; btn_i_icon_linecons=&#8221;vc_li vc_li-heart&#8221; btn_i_icon_monosocial=&#8221;vc-mono vc-mono-fivehundredpx&#8221; btn_i_icon_material=&#8221;vc-material vc-material-cake&#8221; btn_i_icon_pixelicons=&#8221;vc_pixel_icon vc_pixel_icon-alert&#8221; btn_css_animation=&#8221;&#8221; btn_custom_onclick=&#8221;&#8221; add_icon=&#8221;&#8221; i_on_border=&#8221;&#8221; i_type=&#8221;fontawesome&#8221; i_icon_fontawesome=&#8221;fas fa-adjust&#8221; i_icon_openiconic=&#8221;vc-oi vc-oi-dial&#8221; i_icon_typicons=&#8221;typcn typcn-adjust-brightness&#8221; i_icon_entypo=&#8221;entypo-icon entypo-icon-note&#8221; i_icon_linecons=&#8221;vc_li vc_li-heart&#8221; i_icon_monosocial=&#8221;vc-mono vc-mono-fivehundredpx&#8221; i_icon_material=&#8221;vc-material vc-material-cake&#8221; i_color=&#8221;blue&#8221; i_background_style=&#8221;&#8221; i_background_color=&#8221;grey&#8221; i_size=&#8221;md&#8221; i_css_animation=&#8221;&#8221; h2_link=&#8221;&#8221; h2_el_id=&#8221;&#8221; h2_el_class=&#8221;&#8221; h4_link=&#8221;&#8221; h4_el_id=&#8221;&#8221; h4_el_class=&#8221;&#8221; custom_background=&#8221;&#8221; custom_text=&#8221;&#8221; btn_link=&#8221;&#8221; btn_el_id=&#8221;&#8221; btn_el_class=&#8221;&#8221; btn_custom_onclick_code=&#8221;&#8221; i_custom_color=&#8221;&#8221; i_custom_background_color=&#8221;&#8221; i_link=&#8221;&#8221; i_el_id=&#8221;&#8221; i_el_class=&#8221;&#8221;][vc_column][vc_video link=&#8221;https:\/\/youtu.be\/X_16w445tZQ&#8221;][vc_message message_box_color=&#8221;violet&#8221; icon_fontawesome=&#8221;fas fa-arrow-down&#8221;]Lass\u00fa? Pr\u00f3b\u00e1lkozzon csak hanggal[\/vc_message][vc_column_text]<audio style=\"width: 100%; display: block;\" preload=\"metadata\" controls=\"controls\"><source src=\"https:\/\/www.artestruzmallorca.com\/wp-content\/uploads\/2024\/06\/Struthio-hungarian.mp3 type=\" audio=\"\" mpeg=\"\" \/>Tu navegador no soporta audio HTML5.<\/audio>[\/vc_column_text][\/vc_column][\/vc_row]<\/p>\n","protected":false},"excerpt":{"rendered":"<p>[vc_row h2=&#8221;&#8221; use_custom_fonts_h2=&#8221;&#8221; h2_font_container=&#8221;tag:h2|text_align:left&#8221; h2_use_theme_fonts=&#8221;&#8221; h2_google_fonts=&#8221;font_family:Abril%20Fatface%3Aregular|font_style:400%20regular%3A400%3Anormal&#8221; h2_css_animation=&#8221;&#8221; h4=&#8221;&#8221; use_custom_fonts_h4=&#8221;&#8221; h4_font_container=&#8221;tag:h4|text_align:left&#8221; h4_use_theme_fonts=&#8221;&#8221; h4_google_fonts=&#8221;font_family:Abril%20Fatface%3Aregular|font_style:400%20regular%3A400%3Anormal&#8221; h4_css_animation=&#8221;&#8221; txt_align=&#8221;left&#8221; shape=&#8221;rounded&#8221; style=&#8221;classic&#8221; color=&#8221;classic&#8221; el_width=&#8221;&#8221; add_button=&#8221;&#8221; btn_title=&#8221;Texto del bot\u00f3n&#8221; btn_style=&#8221;modern&#8221; btn_gradient_color_1=&#8221;turquoise&#8221; btn_gradient_color_2=&#8221;blue&#8221; btn_gradient_custom_color_1=&#8221;#dd3333&#8243; btn_gradient_custom_color_2=&#8221;#eeee22&#8243; btn_gradient_text_color=&#8221;#ffffff&#8221; btn_custom_background=&#8221;#ededed&#8221; btn_custom_text=&#8221;#666&#8243; btn_outline_custom_color=&#8221;#666&#8243; btn_outline_custom_hover_background=&#8221;#666&#8243; btn_outline_custom_hover_text=&#8221;#fff&#8221; btn_shape=&#8221;rounded&#8221; btn_color=&#8221;grey&#8221; btn_size=&#8221;md&#8221; btn_align=&#8221;inline&#8221; btn_button_block=&#8221;&#8221; btn_add_icon=&#8221;&#8221; btn_i_align=&#8221;left&#8221; btn_i_type=&#8221;fontawesome&#8221; btn_i_icon_fontawesome=&#8221;fas fa-adjust&#8221; btn_i_icon_openiconic=&#8221;vc-oi vc-oi-dial&#8221; btn_i_icon_typicons=&#8221;typcn typcn-adjust-brightness&#8221; btn_i_icon_entypo=&#8221;entypo-icon entypo-icon-note&#8221; btn_i_icon_linecons=&#8221;vc_li vc_li-heart&#8221; btn_i_icon_monosocial=&#8221;vc-mono vc-mono-fivehundredpx&#8221; btn_i_icon_material=&#8221;vc-material vc-material-cake&#8221; [&hellip;]<\/p>\n","protected":false},"author":2,"featured_media":0,"parent":0,"menu_order":0,"comment_status":"closed","ping_status":"closed","template":"","meta":{"footnotes":""},"class_list":["post-11270","page","type-page","status-publish","hentry"],"_links":{"self":[{"href":"https:\/\/www.artestruzmallorca.com\/hu\/wp-json\/wp\/v2\/pages\/11270","targetHints":{"allow":["GET"]}}],"collection":[{"href":"https:\/\/www.artestruzmallorca.com\/hu\/wp-json\/wp\/v2\/pages"}],"about":[{"href":"https:\/\/www.artestruzmallorca.com\/hu\/wp-json\/wp\/v2\/types\/page"}],"author":[{"embeddable":true,"href":"https:\/\/www.artestruzmallorca.com\/hu\/wp-json\/wp\/v2\/users\/2"}],"replies":[{"embeddable":true,"href":"https:\/\/www.artestruzmallorca.com\/hu\/wp-json\/wp\/v2\/comments?post=11270"}],"version-history":[{"count":3,"href":"https:\/\/www.artestruzmallorca.com\/hu\/wp-json\/wp\/v2\/pages\/11270\/revisions"}],"predecessor-version":[{"id":12418,"href":"https:\/\/www.artestruzmallorca.com\/hu\/wp-json\/wp\/v2\/pages\/11270\/revisions\/12418"}],"wp:attachment":[{"href":"https:\/\/www.artestruzmallorca.com\/hu\/wp-json\/wp\/v2\/media?parent=11270"}],"curies":[{"name":"wp","href":"https:\/\/api.w.org\/{rel}","templated":true}]}}