{"id":11189,"date":"2021-08-31T14:01:15","date_gmt":"2021-08-31T14:01:15","guid":{"rendered":"https:\/\/www.artestruzmallorca.com\/ratites\/"},"modified":"2024-06-08T08:17:57","modified_gmt":"2024-06-08T06:17:57","slug":"ratites","status":"publish","type":"page","link":"https:\/\/www.artestruzmallorca.com\/hu\/ratites\/","title":{"rendered":"Nagy r\u00f6pk\u00e9ptelen madarak"},"content":{"rendered":"<p>[vc_row anchor_wrap_section=&#8221;no&#8221;][vc_column][vc_video link=&#8221;https:\/\/youtu.be\/VhCIem0wp10&#8243;][vc_message message_box_color=&#8221;violet&#8221; icon_fontawesome=&#8221;fas fa-arrow-down&#8221;]Lass\u00fa? Pr\u00f3b\u00e1lkozzon csak hanggal[\/vc_message][zoomsounds_player source=&#8221;11311&#8243; type=&#8221;detect&#8221; thumb=&#8221;2868&#8243; enable_likes=&#8221;on&#8221; wrapper_image_type=&#8221;zoomsounds-wrapper-bg-center&#8221;][\/zoomsounds_player][\/vc_column][\/vc_row]<\/p>\n","protected":false},"excerpt":{"rendered":"<p>[vc_row anchor_wrap_section=&#8221;no&#8221;][vc_column][vc_video link=&#8221;https:\/\/youtu.be\/VhCIem0wp10&#8243;][vc_message message_box_color=&#8221;violet&#8221; icon_fontawesome=&#8221;fas fa-arrow-down&#8221;]Lass\u00fa? Pr\u00f3b\u00e1lkozzon csak hanggal[\/vc_message][zoomsounds_player source=&#8221;11311&#8243; type=&#8221;detect&#8221; thumb=&#8221;2868&#8243; enable_likes=&#8221;on&#8221; wrapper_image_type=&#8221;zoomsounds-wrapper-bg-center&#8221;][\/zoomsounds_player][\/vc_column][\/vc_row]<\/p>\n","protected":false},"author":2,"featured_media":0,"parent":0,"menu_order":0,"comment_status":"closed","ping_status":"closed","template":"","meta":{"footnotes":""},"class_list":["post-11189","page","type-page","status-publish","hentry"],"_links":{"self":[{"href":"https:\/\/www.artestruzmallorca.com\/hu\/wp-json\/wp\/v2\/pages\/11189","targetHints":{"allow":["GET"]}}],"collection":[{"href":"https:\/\/www.artestruzmallorca.com\/hu\/wp-json\/wp\/v2\/pages"}],"about":[{"href":"https:\/\/www.artestruzmallorca.com\/hu\/wp-json\/wp\/v2\/types\/page"}],"author":[{"embeddable":true,"href":"https:\/\/www.artestruzmallorca.com\/hu\/wp-json\/wp\/v2\/users\/2"}],"replies":[{"embeddable":true,"href":"https:\/\/www.artestruzmallorca.com\/hu\/wp-json\/wp\/v2\/comments?post=11189"}],"version-history":[{"count":3,"href":"https:\/\/www.artestruzmallorca.com\/hu\/wp-json\/wp\/v2\/pages\/11189\/revisions"}],"predecessor-version":[{"id":11312,"href":"https:\/\/www.artestruzmallorca.com\/hu\/wp-json\/wp\/v2\/pages\/11189\/revisions\/11312"}],"wp:attachment":[{"href":"https:\/\/www.artestruzmallorca.com\/hu\/wp-json\/wp\/v2\/media?parent=11189"}],"curies":[{"name":"wp","href":"https:\/\/api.w.org\/{rel}","templated":true}]}}