{"id":6648,"date":"2022-02-17T11:12:08","date_gmt":"2022-02-17T10:12:08","guid":{"rendered":"https:\/\/www.artestruzmallorca.com\/bienvenida\/"},"modified":"2024-04-28T10:04:17","modified_gmt":"2024-04-28T08:04:17","slug":"welcome","status":"publish","type":"page","link":"https:\/\/www.artestruzmallorca.com\/fr\/welcome\/","title":{"rendered":"Bienvenue"},"content":{"rendered":"<p>[vc_row][vc_column][vc_empty_space height=\u00a0\u00bb220&Prime;][ts_text_box]<\/p>\n<p style=\"text-align: center;\"><span style=\"font-family: Impact, Chicago; font-size: 24pt;\">Arte&#8230; quoi? \u00a1Artestruz!<\/span><\/p>\n<p>[\/ts_text_box][zoomsounds_player source=\u00a0\u00bb6665&Prime; type=\u00a0\u00bbdetect\u00a0\u00bb thumb=\u00a0\u00bb2875&Prime; enable_likes=\u00a0\u00bbon\u00a0\u00bb wrapper_image_type=\u00a0\u00bbzoomsounds-wrapper-bg-center\u00a0\u00bb][\/zoomsounds_player][vc_single_image image=\u00a0\u00bb5097&Prime; img_size=\u00a0\u00bbfull\u00a0\u00bb][ts_section_title title=\u00a0\u00bbUne ferme unique\u00a0\u00bb][ts_text_box]<\/p>\n<p style=\"text-align: center;\"><span style=\"font-family: Impact, Chicago; font-size: 24pt;\">Artestruz est une ferme p\u00e9dagogique et de production d&rsquo;\u0153ufs d&rsquo;autruche. Les visites sont amusantes, int\u00e9ressantes et tr\u00e8s surprenantes.<\/span><\/p>\n<p>[\/ts_text_box][vc_single_image image=\u00a0\u00bb3151&Prime; img_size=\u00a0\u00bbfull\u00a0\u00bb][ts_text_box]<\/p>\n<p style=\"text-align: center;\"><span style=\"font-family: Impact, Chicago; font-size: 24pt;\">Est-ce que j&rsquo;ai un nom, est-ce que tu me reconna\u00eetrais ?<\/span><\/p>\n<p>[\/ts_text_box][vc_empty_space][vc_single_image image=\u00a0\u00bb6128&Prime; img_size=\u00a0\u00bbfull\u00a0\u00bb][\/vc_column][\/vc_row][vc_row][vc_column width=\u00a0\u00bb1\/2&Prime;][ts_text_box]<\/p>\n<p style=\"text-align: center;\"><span style=\"font-family: Impact, Chicago; font-size: 36pt;\">L&rsquo;aventure donne faim. Essayez quelque chose de diff\u00e9rent, d&rsquo;excitant, de d\u00e9licieux et d&rsquo;accrocheur !<\/span><\/p>\n<p>[\/ts_text_box][\/vc_column][vc_column width=\u00a0\u00bb1\/2&Prime;][ts_side_image image=\u00a0\u00bb4047&Prime;][\/ts_side_image][\/vc_column][\/vc_row][vc_row][vc_column][ts_text_box]<span style=\"font-family: Impact, Chicago; font-size: 36pt;\">Autruches : ne vous laissera pas indiff\u00e9rent<\/span>[\/ts_text_box][vc_single_image image=\u00a0\u00bb5075&Prime; img_size=\u00a0\u00bbfull\u00a0\u00bb][vc_btn title=\u00a0\u00bbPour en savoir plus\u00a0\u00bb color=\u00a0\u00bbdanger\u00a0\u00bb align=\u00a0\u00bbcenter\u00a0\u00bb button_block=\u00a0\u00bbtrue\u00a0\u00bb link=\u00a0\u00bburl:https%3A%2F%2Fwww.artestruzmallorca.com%2F|title:Descubre%20m%C3%A1s\u00a0\u00bb][ts_google_maps iframe_url=\u00a0\u00bbhttps:\/\/www.google.com\/maps\/embed?pb=!1m14!1m8!1m3!1d1541.9123247714035!2d3.002996599089056!3d39.38284561870834!3m2!1i1024!2i768!4f13.1!3m3!1m2!1s0x0%3A0x583cf557611e2e44!2sARTESTRUZ!5e0!3m2!1ses!2ses!4v1624564457548!5m2!1ses!2ses\u00a0\u00bb map_height=\u00a0\u00bb520&Prime;][\/vc_column][\/vc_row]<\/p>\n","protected":false},"excerpt":{"rendered":"<p>[vc_row][vc_column][vc_empty_space height=\u00a0\u00bb220&Prime;][ts_text_box] Arte&#8230; quoi? \u00a1Artestruz! [\/ts_text_box][zoomsounds_player source=\u00a0\u00bb6665&Prime; type=\u00a0\u00bbdetect\u00a0\u00bb thumb=\u00a0\u00bb2875&Prime; enable_likes=\u00a0\u00bbon\u00a0\u00bb wrapper_image_type=\u00a0\u00bbzoomsounds-wrapper-bg-center\u00a0\u00bb][\/zoomsounds_player][vc_single_image image=\u00a0\u00bb5097&Prime; img_size=\u00a0\u00bbfull\u00a0\u00bb][ts_section_title title=\u00a0\u00bbUne ferme unique\u00a0\u00bb][ts_text_box] Artestruz est une ferme p\u00e9dagogique et de production d&rsquo;\u0153ufs d&rsquo;autruche. Les visites sont amusantes, int\u00e9ressantes et tr\u00e8s surprenantes. [\/ts_text_box][vc_single_image image=\u00a0\u00bb3151&Prime; img_size=\u00a0\u00bbfull\u00a0\u00bb][ts_text_box] Est-ce que j&rsquo;ai un nom, est-ce que tu me reconna\u00eetrais ? [\/ts_text_box][vc_empty_space][vc_single_image image=\u00a0\u00bb6128&Prime; img_size=\u00a0\u00bbfull\u00a0\u00bb][\/vc_column][\/vc_row][vc_row][vc_column width=\u00a0\u00bb1\/2&Prime;][ts_text_box] L&rsquo;aventure donne faim. [&hellip;]<\/p>\n","protected":false},"author":2,"featured_media":0,"parent":0,"menu_order":0,"comment_status":"closed","ping_status":"closed","template":"","meta":{"footnotes":""},"class_list":["post-6648","page","type-page","status-publish","hentry"],"_links":{"self":[{"href":"https:\/\/www.artestruzmallorca.com\/fr\/wp-json\/wp\/v2\/pages\/6648","targetHints":{"allow":["GET"]}}],"collection":[{"href":"https:\/\/www.artestruzmallorca.com\/fr\/wp-json\/wp\/v2\/pages"}],"about":[{"href":"https:\/\/www.artestruzmallorca.com\/fr\/wp-json\/wp\/v2\/types\/page"}],"author":[{"embeddable":true,"href":"https:\/\/www.artestruzmallorca.com\/fr\/wp-json\/wp\/v2\/users\/2"}],"replies":[{"embeddable":true,"href":"https:\/\/www.artestruzmallorca.com\/fr\/wp-json\/wp\/v2\/comments?post=6648"}],"version-history":[{"count":9,"href":"https:\/\/www.artestruzmallorca.com\/fr\/wp-json\/wp\/v2\/pages\/6648\/revisions"}],"predecessor-version":[{"id":10884,"href":"https:\/\/www.artestruzmallorca.com\/fr\/wp-json\/wp\/v2\/pages\/6648\/revisions\/10884"}],"wp:attachment":[{"href":"https:\/\/www.artestruzmallorca.com\/fr\/wp-json\/wp\/v2\/media?parent=6648"}],"curies":[{"name":"wp","href":"https:\/\/api.w.org\/{rel}","templated":true}]}}