{"id":3332,"date":"2021-07-02T17:54:08","date_gmt":"2021-07-02T17:54:08","guid":{"rendered":"https:\/\/www.artestruzmallorca.com\/visitar-artestruz\/"},"modified":"2026-04-21T10:12:39","modified_gmt":"2026-04-21T08:12:39","slug":"visite-artestruz","status":"publish","type":"page","link":"https:\/\/www.artestruzmallorca.com\/fr\/visite-artestruz\/","title":{"rendered":"Visitez Artestruz"},"content":{"rendered":"<p>[vc_row gap=\u00a0\u00bb5&Prime; content_placement=\u00a0\u00bbmiddle\u00a0\u00bb anchor_wrap_section=\u00a0\u00bbno\u00a0\u00bb][vc_column width=\u00a0\u00bb1\/2&Prime;][vc_cta h2=\u00a0\u00bb\u00a0\u00bb txt_align=\u00a0\u00bbcenter\u00a0\u00bb style=\u00a0\u00bboutline\u00a0\u00bb color=\u00a0\u00bbgreen\u00a0\u00bb el_width=\u00a0\u00bbxl\u00a0\u00bb]<strong>Aucune r\u00e9servation n\u00e9cessaire.<\/strong> Vous pouvez acheter vos billets \u00e0 la porte. Mais si vous pr\u00e9f\u00e9rez :[\/vc_cta][vc_btn title=\u00a0\u00bbAcheter des billets\u00a0\u00bb color=\u00a0\u00bbgreen\u00a0\u00bb align=\u00a0\u00bbcenter\u00a0\u00bb button_block=\u00a0\u00bbtrue\u00a0\u00bb link=\u00a0\u00bburl:https%3A%2F%2Fwww.artestruzmallorca.com%2Fproducto%2Fentradas-artestruz%2F\u00a0\u00bb][vc_cta h2=\u00a0\u00bb\u00a0\u00bb txt_align=\u00a0\u00bbcenter\u00a0\u00bb style=\u00a0\u00bboutline\u00a0\u00bb color=\u00a0\u00bbgreen\u00a0\u00bb el_width=\u00a0\u00bbxl\u00a0\u00bb]Dur\u00e9e typique d&rsquo;une visite : 60 minutes<\/p>\n<p>Aucune r\u00e9servation requise.<\/p>\n<p><strong>Prix g\u00e9n\u00e9ral<\/strong><br \/>\nAdultes &#8211; 19,50 \u20ac (\u00e0 partir de 12 ans)<br \/>\nPensionn\u00e9 &#8211; 18,50 \u20ac.<br \/>\nAdulte handicap\u00e9 &#8211; 18,50 \u20ac.<br \/>\nFamille nombreuse adulte &#8211; 18,50 \u20ac.<\/p>\n<p>Enfants &#8211; 10\u20ac (de 3 \u00e0 11 ans, tous deux inclus)<br \/>\nPetites personnes handicap\u00e9es &#8211; 9 \u20ac.<br \/>\nFamille nombreuse petite &#8211; 9 \u20ac.<\/p>\n<p><strong>Prix R\u00e9sidents<\/strong><br \/>\nAdultes &#8211; 17 \u20ac (\u00e0 partir de 12 ans)<br \/>\nPensionn\u00e9 &#8211; 16 \u20ac.<br \/>\nAdulte handicap\u00e9 &#8211; 16 \u20ac.<br \/>\nFamille nombreuse adulte &#8211; 16 \u20ac.<\/p>\n<p>Enfants &#8211; 9 \u20ac (de 3 \u00e0 11 ans inclus)<br \/>\nPetites personnes handicap\u00e9es &#8211; 8 \u20ac.<br \/>\nFamille nombreuse petite &#8211; 8 \u20ac.<\/p>\n<p>Enfants de moins de 3 ans gratuits.<\/p>\n<p>Consultez pour les prix de groupe et autres remises.<\/p>\n<p>&nbsp;<\/p>\n<p class=\"opening-hours\">\r\n\t<span class=\"day-name\">Lundi:<\/span> <span class=\"hours\">Closed<\/span><br>\n\t<span class=\"day-name\">Mardi:<\/span> <span class=\"hours\">Closed<\/span><br>\n\t<span class=\"day-name\">Mercredi:<\/span> <span class=\"hours\">11:00 \u2013 16:00<\/span><br>\n\t<span class=\"day-name\">Jeudi:<\/span> <span class=\"hours\">11:00 \u2013 16:00<\/span><br>\n\t<span class=\"day-name\">Vendredi:<\/span> <span class=\"hours\">11:00 \u2013 16:00<\/span><br>\n\t<span class=\"day-name\">Samedi:<\/span> <span class=\"hours\">11:00 \u2013 16:00<\/span><br>\n\t<span class=\"day-name\">Dimanche:<\/span> <span class=\"hours\">11:00 \u2013 16:00<\/span>\n<\/p>\r\n\n<p>Derni\u00e8re entr\u00e9e \u00e0 15h00<\/p>\n<p><strong>Jeudi 30 avril 2026\u00a0: Ferm\u00e9 pour les visites scolaires<\/strong>[\/vc_cta][vc_column_text]Les autruches sont des animaux fascinants.\u00a0Rapide, fort et dot\u00e9 d&rsquo;une longue liste de records mondiaux, cet oiseau surprend partout o\u00f9 l&rsquo;on regarde. Outre l&rsquo;apprentissage de d\u00e9tails techniques et factuels, nous voulons vous montrer l&rsquo;autre facette de notre famille. Curieux et enjou\u00e9, espi\u00e8gle et \u00e9l\u00e9gant. Ce n&rsquo;est pas pour rien que de nombreux visiteurs tombent amoureux de cet animal.<\/p>\n<p>Venez vous laisser contaminer par notre passion pour ces animaux. Nous voulons partager avec vous une exp\u00e9rience unique, notre amour et notre lien avec les autruches.<\/p>\n<p>Notre amour pour les autruches est notre fiert\u00e9. Nous avons consacr\u00e9 une grande partie de notre vie \u00e0 ces merveilleux animaux, et nous avons l&rsquo;intention de leur en consacrer encore beaucoup. En outre, nous voulons que vous ayez la possibilit\u00e9 d&rsquo;interagir avec eux dans un environnement s\u00fbr et respectueux.[\/vc_column_text][\/vc_column][vc_column width=\u00a0\u00bb1\/2&Prime;][ts_side_slider details=\u00a0\u00bb%5B%7B%22image%22%3A%22759%22%7D%2C%7B%22image%22%3A%22758%22%7D%2C%7B%22image%22%3A%22607%22%7D%2C%7B%22image%22%3A%22837%22%7D%5D\u00a0\u00bb][vc_empty_space][\/vc_column][\/vc_row][vc_row][vc_column][\/vc_column][vc_column width=\u00a0\u00bb1\/2&Prime;][ts_side_slider details=\u00a0\u00bb%5B%7B%22image%22%3A%22684%22%7D%2C%7B%22image%22%3A%22605%22%7D%2C%7B%22image%22%3A%22638%22%7D%2C%7B%22image%22%3A%22642%22%7D%2C%7B%22image%22%3A%22646%22%7D%5D\u00a0\u00bb][vc_empty_space][vc_column_text]<\/p>\n<p style=\"text-align: justify;\">Pour profiter encore plus du temps, <strong>prenez un verre sur notre terrasse<\/strong> tout en admirant un spectacle naturel \u00e0 la fois divertissant et exotique.<\/p>\n<p>\ud83d\udd25 Nouveau ! Barbecue tous les dimanches \u2013 tu apportes la nourriture, nous allumons le feu. R\u00e9servation obligatoire.<br data-start=\"994\" data-end=\"997\" \/>\ud83d\udc49 <a href=\"http:\/\/www.artestruzmallorca.com\/bbq\"><strong data-start=\"1000\" data-end=\"1039\">Clique ici pour plus d\u2019informations<\/strong><\/a>[\/vc_column_text][vc_btn title=\u00a0\u00bbVenez \u00e0 notre caf\u00e9t\u00e9ria !\u00a0\u00bb style=\u00a0\u00bboutline\u00a0\u00bb color=\u00a0\u00bborange\u00a0\u00bb size=\u00a0\u00bblg\u00a0\u00bb align=\u00a0\u00bbcenter\u00a0\u00bb link=\u00a0\u00bburl:https%3A%2F%2Fwww.artestruzmallorca.com%2Ffr%2Fcafeteria|title:Caf%C3%A9t%C3%A9ria\u00a0\u00bb][\/vc_column][\/vc_row]<\/p>\n","protected":false},"excerpt":{"rendered":"<p>[vc_row gap=\u00a0\u00bb5&Prime; content_placement=\u00a0\u00bbmiddle\u00a0\u00bb anchor_wrap_section=\u00a0\u00bbno\u00a0\u00bb][vc_column width=\u00a0\u00bb1\/2&Prime;][vc_cta h2=\u00a0\u00bb\u00a0\u00bb txt_align=\u00a0\u00bbcenter\u00a0\u00bb style=\u00a0\u00bboutline\u00a0\u00bb color=\u00a0\u00bbgreen\u00a0\u00bb el_width=\u00a0\u00bbxl\u00a0\u00bb]Aucune r\u00e9servation n\u00e9cessaire. Vous pouvez acheter vos billets \u00e0 la porte. Mais si vous pr\u00e9f\u00e9rez :[\/vc_cta][vc_btn title=\u00a0\u00bbAcheter des billets\u00a0\u00bb color=\u00a0\u00bbgreen\u00a0\u00bb align=\u00a0\u00bbcenter\u00a0\u00bb button_block=\u00a0\u00bbtrue\u00a0\u00bb link=\u00a0\u00bburl:https%3A%2F%2Fwww.artestruzmallorca.com%2Fproducto%2Fentradas-artestruz%2F\u00a0\u00bb][vc_cta h2=\u00a0\u00bb\u00a0\u00bb txt_align=\u00a0\u00bbcenter\u00a0\u00bb style=\u00a0\u00bboutline\u00a0\u00bb color=\u00a0\u00bbgreen\u00a0\u00bb el_width=\u00a0\u00bbxl\u00a0\u00bb]Dur\u00e9e typique d&rsquo;une visite : 60 minutes Aucune r\u00e9servation requise. Prix g\u00e9n\u00e9ral Adultes &#8211; 19,50 \u20ac (\u00e0 partir de [&hellip;]<\/p>\n","protected":false},"author":2,"featured_media":0,"parent":0,"menu_order":0,"comment_status":"closed","ping_status":"closed","template":"","meta":{"footnotes":""},"class_list":["post-3332","page","type-page","status-publish","hentry"],"_links":{"self":[{"href":"https:\/\/www.artestruzmallorca.com\/fr\/wp-json\/wp\/v2\/pages\/3332","targetHints":{"allow":["GET"]}}],"collection":[{"href":"https:\/\/www.artestruzmallorca.com\/fr\/wp-json\/wp\/v2\/pages"}],"about":[{"href":"https:\/\/www.artestruzmallorca.com\/fr\/wp-json\/wp\/v2\/types\/page"}],"author":[{"embeddable":true,"href":"https:\/\/www.artestruzmallorca.com\/fr\/wp-json\/wp\/v2\/users\/2"}],"replies":[{"embeddable":true,"href":"https:\/\/www.artestruzmallorca.com\/fr\/wp-json\/wp\/v2\/comments?post=3332"}],"version-history":[{"count":57,"href":"https:\/\/www.artestruzmallorca.com\/fr\/wp-json\/wp\/v2\/pages\/3332\/revisions"}],"predecessor-version":[{"id":12878,"href":"https:\/\/www.artestruzmallorca.com\/fr\/wp-json\/wp\/v2\/pages\/3332\/revisions\/12878"}],"wp:attachment":[{"href":"https:\/\/www.artestruzmallorca.com\/fr\/wp-json\/wp\/v2\/media?parent=3332"}],"curies":[{"name":"wp","href":"https:\/\/api.w.org\/{rel}","templated":true}]}}