{"id":3245,"date":"2020-10-27T05:05:27","date_gmt":"2020-10-27T05:05:27","guid":{"rendered":"https:\/\/www.artestruzmallorca.com\/sobre-granja-avestruz-mallorca\/"},"modified":"2025-06-26T13:55:23","modified_gmt":"2025-06-26T11:55:23","slug":"a-propos-de-nous","status":"publish","type":"page","link":"https:\/\/www.artestruzmallorca.com\/fr\/a-propos-de-nous\/","title":{"rendered":"A propos de nous"},"content":{"rendered":"<p>[vc_row section_background_color=\u00a0\u00bb#fbf7f4&Prime; use_container=\u00a0\u00bbyes\u00a0\u00bb use_predefined_class=\u00a0\u00bbyes\u00a0\u00bb predefined_class=\u00a0\u00bbbottom-white-space\u00a0\u00bb][vc_column][vc_row_inner][vc_column_inner][ts_section_title color=\u00a0\u00bb#81d742&Prime; tagline=\u00a0\u00bbLes grands changements n\u00e9cessitent de gros efforts\u00a0\u00bb title=\u00a0\u00bbNotre pass\u00e9, notre pr\u00e9sent et notre avenir\u00a0\u00bb][\/vc_column_inner][\/vc_row_inner][vc_row_inner][vc_column_inner width=\u00a0\u00bb1\/3&Prime;][ts_image_title_box image=\u00a0\u00bb584&Prime; title=\u00a0\u00bbHistoire\u00a0\u00bb url=\u00a0\u00bb#HISTORIA\u00a0\u00bb][\/vc_column_inner][vc_column_inner width=\u00a0\u00bb1\/3&Prime;][ts_image_title_box image=\u00a0\u00bb636&Prime; title=\u00a0\u00bbObjectif\u00a0\u00bb url=\u00a0\u00bb#PROPOSITO\u00a0\u00bb][\/vc_column_inner][vc_column_inner width=\u00a0\u00bb1\/3&Prime;][ts_image_title_box image=\u00a0\u00bb1054&Prime; title=\u00a0\u00bbR\u00e9sultats\u00a0\u00bb url=\u00a0\u00bb#RESULTADOS\u00a0\u00bb][\/vc_column_inner][\/vc_row_inner][\/vc_column][\/vc_row][vc_row use_container=\u00a0\u00bbyes\u00a0\u00bb][vc_column][vc_row_inner][vc_column_inner width=\u00a0\u00bb1\/2&Prime;][ts_icon_box position=\u00a0\u00bbleft\u00a0\u00bb icon=\u00a0\u00bb106&Prime; description=\u00a0\u00bb<\/p>\n<h6>Mission<\/h6>\n<p>En tant qu&rsquo;entreprise familiale aimant les autruches, nous aspirons \u00e0 rapprocher nos visiteurs de ces merveilleuses cr\u00e9atures, \u00e0 susciter le respect et l&rsquo;honneur, ainsi qu&rsquo;\u00e0 faire notre part pour notre soci\u00e9t\u00e9 et notre environnement.\u00a0\u00bb]<\/p>\n<h1 data-start=\"1800\" data-end=\"2048\"><strong data-start=\"1800\" data-end=\"1811\">Mission<\/strong><\/h1>\n<p data-start=\"1800\" data-end=\"2048\">En tant qu\u2019entreprise familiale passionn\u00e9e par les autruches, nous souhaitons rapprocher nos visiteurs de ces merveilleuses cr\u00e9atures, en cr\u00e9ant du respect et de l\u2019honneur, tout en contribuant \u00e0 notre soci\u00e9t\u00e9 et \u00e0 notre environnement.<\/p>\n<p>[\/ts_icon_box][\/vc_column_inner][vc_column_inner width=\u00a0\u00bb1\/2&Prime;][ts_icon_box position=\u00a0\u00bbleft\u00a0\u00bb icon=\u00a0\u00bb107&Prime; description=\u00a0\u00bb<\/p>\n<h6>Vision<\/h6>\n<p>Donner la meilleure vie possible \u00e0 nos autruches, offrir une exp\u00e9rience enrichissante \u00e0 nos visiteurs et \u00e0 nos travailleurs et, ce faisant, rendre notre monde un peu meilleur qu&rsquo;il ne l&rsquo;\u00e9tait hier.\u00a0\u00bb]<\/p>\n<h1><strong data-start=\"2050\" data-end=\"2060\">Vision<\/strong><\/h1>\n<p>Nous r\u00eavons d\u2019un monde o\u00f9 le respect des animaux et de la nature fait partie du quotidien. Chez Artestruz, nous travaillons pour devenir une r\u00e9f\u00e9rence en \u00e9ducation \u00e9motionnelle, en lien avec la nature, et en exp\u00e9riences familiales transformatrices.[\/ts_icon_box][\/vc_column_inner][\/vc_row_inner][\/vc_column][\/vc_row][vc_row content_placement=\u00a0\u00bbmiddle\u00a0\u00bb anchor_wrap_section=\u00a0\u00bbno\u00a0\u00bb use_container=\u00a0\u00bbyes\u00a0\u00bb el_id=\u00a0\u00bbHISTORIA\u00a0\u00bb][vc_column width=\u00a0\u00bb1\/2&Prime;][ts_side_slider details=\u00a0\u00bb%5B%7B%22image%22%3A%22830%22%7D%2C%7B%22image%22%3A%221022%22%7D%2C%7B%22image%22%3A%221021%22%7D%2C%7B%22image%22%3A%221028%22%7D%5D\u00a0\u00bb][\/vc_column][vc_column width=\u00a0\u00bb1\/2&Prime;][ts_section_title color=\u00a0\u00bb#81d742&Prime; tagline=\u00a0\u00bbFina &amp; Uri un r\u00eave il y a 23 ans\u00a0\u00bb title=\u00a0\u00bbDe l&rsquo;Afrique du Sud \u00e0 Majorque\u00a0\u00bb][vc_column_text]<\/p>\n<p style=\"text-align: justify;\">Le r\u00eave de cr\u00e9er une ferme d&rsquo;autruches a commenc\u00e9 dans la savane sud-africaine, en observant un couple d&rsquo;autruches se promenant paisiblement sous le chaud soleil du sud. Leur beaut\u00e9, leur \u00e9l\u00e9gance et leur d\u00e9termination ont inspir\u00e9 le couple d&rsquo;aventuriers, Fina et Uri, \u00e0 r\u00eaver d&rsquo;un avenir diff\u00e9rent. Apr\u00e8s un vol tragique, et une gu\u00e9rison miraculeuse, le couple avec deux petits enfants s&rsquo;est souvenu du r\u00eave qu&rsquo;il avait fait devant deux oiseaux majestueux. Artestruz est n\u00e9.<\/p>\n<p>[\/vc_column_text][\/vc_column][\/vc_row][vc_row anchor_wrap_section=\u00a0\u00bbno\u00a0\u00bb][vc_column][vc_empty_space][\/vc_column][\/vc_row][vc_row anchor_wrap_section=\u00a0\u00bbno\u00a0\u00bb use_container=\u00a0\u00bbyes\u00a0\u00bb el_id=\u00a0\u00bbPROPOSITO\u00a0\u00bb][vc_column width=\u00a0\u00bb1\/2&Prime;][ts_section_title color=\u00a0\u00bb#81d742&Prime; tagline=\u00a0\u00bbNuestro prop\u00f3sito y pasi\u00f3n por las avestruces\u00a0\u00bb title=\u00a0\u00bbNous avons une mission claire\u00a0\u00bb][vc_column_text]Notre passion a \u00e9t\u00e9 inspir\u00e9e par notre exp\u00e9rience avec nos animaux. Chacune aussi diff\u00e9rente que nous le sommes, chacune avec son propre caract\u00e8re, sa propre personnalit\u00e9, sa relation avec nous et avec les autres. Notre mission est simple, nous voulons transmettre notre passion pour les autruches. Mais pas de n&rsquo;importe quelle mani\u00e8re. Nous voulons le faire avec respect et de mani\u00e8re enrichissante pour nos autruches, notre soci\u00e9t\u00e9 et notre environnement.[\/vc_column_text][\/vc_column][vc_column width=\u00a0\u00bb1\/2&Prime;][ts_side_slider details=\u00a0\u00bb%5B%7B%22image%22%3A%221027%22%7D%2C%7B%22image%22%3A%221026%22%7D%2C%7B%22image%22%3A%22847%22%7D%5D\u00a0\u00bb][\/vc_column][\/vc_row][vc_row anchor_wrap_section=\u00a0\u00bbno\u00a0\u00bb][vc_column][vc_empty_space height=\u00a0\u00bb52px\u00a0\u00bb][\/vc_column][\/vc_row][vc_row section_background_color=\u00a0\u00bb#009a4e\u00a0\u00bb use_container=\u00a0\u00bbyes\u00a0\u00bb][vc_column offset=\u00a0\u00bbvc_col-md-4&Prime;][ts_expert_box title=\u00a0\u00bbRencontrez nos experts\u00a0\u00bb details=\u00a0\u00bb%5B%7B%22image%22%3A%221026%22%2C%22name%22%3A%22Ohad%20Frans%20Loffler%22%2C%22expert%22%3A%22Directeur%22%2C%22social_icons%22%3A%22%3Cul%3E%5Cn%20%20%20%20%20%20%3Cli%3E%3Ca%20href%3D%5C%22%23%5C%22%3E%3Ci%20class%3D%5C%22lni%20lni-facebook-filled%5C%22%3E%3C%2Fi%3E%3C%2Fa%3E%3C%2Fli%3E%5Cn%20%20%20%20%20%20%3Cli%3E%3Ca%20href%3D%5C%22%23%5C%22%3E%3Ci%20class%3D%5C%22lni%20lni-twitter-original%5C%22%3E%3C%2Fi%3E%3C%2Fa%3E%3C%2Fli%3E%5Cn%20%20%20%20%20%20%3Cli%3E%3Ca%20href%3D%5C%22%23%5C%22%3E%3Ci%20class%3D%5C%22lni%20lni-instagram%5C%22%3E%3C%2Fi%3E%3C%2Fa%3E%3C%2Fli%3E%5Cn%20%20%20%20%20%20%3Cli%3E%3Ca%20href%3D%5C%22%23%5C%22%3E%3Ci%20class%3D%5C%22lni%20lni-youtube%5C%22%3E%3C%2Fi%3E%3C%2Fa%3E%3C%2Fli%3E%5Cn%20%20%20%20%20%20%3Cli%3E%3Ca%20href%3D%5C%22%23%5C%22%3E%3Ci%20class%3D%5C%22lni%20lni-pinterest%5C%22%3E%3C%2Fi%3E%3C%2Fa%3E%3C%2Fli%3E%5Cn%20%20%20%20%3C%2Ful%3E%22%7D%2C%7B%22image%22%3A%221027%22%2C%22name%22%3A%22Jonathan%20Jaim%20Loffler%22%2C%22expert%22%3A%22Directeur%22%2C%22social_icons%22%3A%22%3Cul%3E%5Cn%20%20%20%20%20%20%3Cli%3E%3Ca%20href%3D%5C%22%23%5C%22%3E%3Ci%20class%3D%5C%22lni%20lni-facebook-filled%5C%22%3E%3C%2Fi%3E%3C%2Fa%3E%3C%2Fli%3E%5Cn%20%20%20%20%20%20%3Cli%3E%3Ca%20href%3D%5C%22%23%5C%22%3E%3Ci%20class%3D%5C%22lni%20lni-twitter-original%5C%22%3E%3C%2Fi%3E%3C%2Fa%3E%3C%2Fli%3E%5Cn%20%20%20%20%20%20%3Cli%3E%3Ca%20href%3D%5C%22%23%5C%22%3E%3Ci%20class%3D%5C%22lni%20lni-instagram%5C%22%3E%3C%2Fi%3E%3C%2Fa%3E%3C%2Fli%3E%5Cn%20%20%20%20%20%20%3Cli%3E%3Ca%20href%3D%5C%22%23%5C%22%3E%3Ci%20class%3D%5C%22lni%20lni-youtube%5C%22%3E%3C%2Fi%3E%3C%2Fa%3E%3C%2Fli%3E%5Cn%20%20%20%20%20%20%3Cli%3E%3Ca%20href%3D%5C%22%23%5C%22%3E%3Ci%20class%3D%5C%22lni%20lni-pinterest%5C%22%3E%3C%2Fi%3E%3C%2Fa%3E%3C%2Fli%3E%5Cn%20%20%20%20%3C%2Ful%3E%22%7D%2C%7B%22image%22%3A%221052%22%2C%22name%22%3A%22Uri%20Loffler%22%2C%22expert%22%3A%22Cofondateur%22%2C%22social_icons%22%3A%22%3Cul%3E%5Cn%20%20%20%20%20%20%3Cli%3E%3Ca%20href%3D%5C%22%23%5C%22%3E%3Ci%20class%3D%5C%22lni%20lni-facebook-filled%5C%22%3E%3C%2Fi%3E%3C%2Fa%3E%3C%2Fli%3E%5Cn%20%20%20%20%20%20%3Cli%3E%3Ca%20href%3D%5C%22%23%5C%22%3E%3Ci%20class%3D%5C%22lni%20lni-twitter-original%5C%22%3E%3C%2Fi%3E%3C%2Fa%3E%3C%2Fli%3E%5Cn%20%20%20%20%20%20%3Cli%3E%3Ca%20href%3D%5C%22%23%5C%22%3E%3Ci%20class%3D%5C%22lni%20lni-instagram%5C%22%3E%3C%2Fi%3E%3C%2Fa%3E%3C%2Fli%3E%5Cn%20%20%20%20%20%20%3Cli%3E%3Ca%20href%3D%5C%22%23%5C%22%3E%3Ci%20class%3D%5C%22lni%20lni-youtube%5C%22%3E%3C%2Fi%3E%3C%2Fa%3E%3C%2Fli%3E%5Cn%20%20%20%20%20%20%3Cli%3E%3Ca%20href%3D%5C%22%23%5C%22%3E%3Ci%20class%3D%5C%22lni%20lni-pinterest%5C%22%3E%3C%2Fi%3E%3C%2Fa%3E%3C%2Fli%3E%5Cn%20%20%20%20%3C%2Ful%3E%22%7D%2C%7B%22image%22%3A%221022%22%2C%22name%22%3A%22Josephine%20Desir%C3%A9e%20van%20Stokkum%22%2C%22expert%22%3A%22Cofondateur%22%2C%22social_icons%22%3A%22%3Cul%3E%5Cn%20%20%20%20%20%20%3Cli%3E%3Ca%20href%3D%5C%22%23%5C%22%3E%3Ci%20class%3D%5C%22lni%20lni-facebook-filled%5C%22%3E%3C%2Fi%3E%3C%2Fa%3E%3C%2Fli%3E%5Cn%20%20%20%20%20%20%3Cli%3E%3Ca%20href%3D%5C%22%23%5C%22%3E%3Ci%20class%3D%5C%22lni%20lni-twitter-original%5C%22%3E%3C%2Fi%3E%3C%2Fa%3E%3C%2Fli%3E%5Cn%20%20%20%20%20%20%3Cli%3E%3Ca%20href%3D%5C%22%23%5C%22%3E%3Ci%20class%3D%5C%22lni%20lni-instagram%5C%22%3E%3C%2Fi%3E%3C%2Fa%3E%3C%2Fli%3E%5Cn%20%20%20%20%20%20%3Cli%3E%3Ca%20href%3D%5C%22%23%5C%22%3E%3Ci%20class%3D%5C%22lni%20lni-youtube%5C%22%3E%3C%2Fi%3E%3C%2Fa%3E%3C%2Fli%3E%5Cn%20%20%20%20%20%20%3Cli%3E%3Ca%20href%3D%5C%22%23%5C%22%3E%3Ci%20class%3D%5C%22lni%20lni-pinterest%5C%22%3E%3C%2Fi%3E%3C%2Fa%3E%3C%2Fli%3E%5Cn%20%20%20%20%3C%2Ful%3E%22%7D%5D\u00a0\u00bb][\/vc_column][vc_column offset=\u00a0\u00bbvc_col-md-offset-1 vc_col-md-7&Prime;][ts_accordion title=\u00a0\u00bbQuestions fr\u00e9quemment pos\u00e9es\u00a0\u00bb details=\u00a0\u00bb%5B%7B%22title%22%3A%22Quels%20sont%20les%20nouveaux%20produits%20que%20vous%20pr%C3%A9voyez%20de%20lancer%20%3F%22%2C%22description%22%3A%22Au%20fil%20du%20temps%2C%20nous%20aspirons%20%C3%A0%20%C3%AAtre%20un%20exemple%20de%20ferme%20autonome%20o%C3%B9%20les%20produits%20et%20services%20propos%C3%A9s%20sont%20locaux%2C%20de%20qualit%C3%A9%20et%20accessibles.%20Nous%20voulons%20offrir%20%C3%A0%20nos%20visiteurs%20une%20exp%C3%A9rience%20authentique%20et%20aussi%20r%C3%A9duire%20les%20dommages%20caus%C3%A9s%20par%20l&rsquo;industrie%20et%20l&rsquo;agriculture.%22%7D%2C%7B%22title%22%3A%22En%20quoi%20%C3%AAtes-vous%20diff%C3%A9rent%20%3F%22%2C%22description%22%3A%22Nous%20apprenons%20%C3%A0%20conna%C3%AEtre%20nos%20autruches%20individuellement%2C%20nous%20les%20traitons%20avec%20respect%20et%20nous%20recevons%20la%20m%C3%AAme%20chose%20en%20retour.%20L&rsquo;effort%20est%20plus%20grand%2C%20mais%20la%20r%C3%A9compense%20l&rsquo;est%20aussi.%20Notre%20format%20d&rsquo;entreprise%20familiale%20nous%20permet%20de%20vous%20pr%C3%A9senter%20nos%20autruches%20avec%20toute%20notre%20exp%C3%A9rience%20de%20vie%20avec%20elles%20depuis%201998.%22%7D%2C%7B%22title%22%3A%22J&rsquo;aimerais%20visiter%20mais%20j&rsquo;ai%20une%20peur%20ou%20une%20phobie%20des%20oiseaux%2C%20que%20dois-je%20faire%20%3F%22%2C%22description%22%3A%22Il%20y%20a%20eu%20de%20nombreux%20cas%20de%20personnes%20qui%20sont%20entr%C3%A9es%20dans%20la%20peur%2C%20terrifi%C3%A9es%2C%20ou%20ayant%20une%20phobie%20des%20animaux%20%C3%A0%20plumes%20ou%20%C3%A0%20%C3%A9cailles.%20Dans%20la%20grande%20majorit%C3%A9%20des%20cas%2C%20ces%20personnes%20ont%20r%C3%A9ussi%20%C3%A0%20caresser%20une%20autruche%20lors%20de%20leur%20visite.%20Ce%20n&rsquo;est%20pas%20toujours%20possible%2C%20mais%20si%20nous%20avons%20le%20temps%20et%20que%20vous%20avez%20le%20d%C3%A9sir%20de%20vous%20am%C3%A9liorer%2C%20nous%20ferons%20de%20notre%20mieux%20pour%20vous%20aider.%22%7D%2C%7B%22title%22%3A%22Le%20go%C3%BBt%20des%20%C5%93ufs%20d&rsquo;autruche%20est-il%20similaire%20%C3%A0%20celui%20des%20%C5%93ufs%20de%20poule%20%3F%22%2C%22description%22%3A%22En%20termes%20de%20go%C3%BBt%2C%20ils%20sont%20tr%C3%A8s%20similaires.%20C&rsquo;est%20au%20niveau%20de%20la%20texture%20qu&rsquo;ils%20diff%C3%A8rent.%20Les%20%C5%93ufs%20d&rsquo;autruche%20ont%20un%20jaune%20plus%20cr%C3%A9meux%20et%20un%20blanc%20plus%20%C3%A9pais.%20Ceux%20qui%20aiment%20les%20%C5%93ufs%20ont%20tendance%20%C3%A0%20aimer%20les%20%C5%93ufs%20d&rsquo;autruche%2C%20mais%20comme%20vous%20le%20savez%2C%20il%20y%20a%20diff%C3%A9rents%20go%C3%BBts%20et%20couleurs%20!%20Dans%20tous%20les%20cas%2C%20c&rsquo;est%20une%20exp%C3%A9rience%20inoubliable%20que%20de%20cuisiner%20et%20de%20manger%20un%20%C5%93uf%20g%C3%A9ant%20!%22%7D%5D\u00a0\u00bb][\/vc_column][\/vc_row][vc_row motts_theme_padding=\u00a0\u00bbno\u00a0\u00bb use_container=\u00a0\u00bbyes\u00a0\u00bb css=\u00a0\u00bb.vc_custom_1621351735133{margin-right: 0px !important;margin-left: 0px !important;}\u00a0\u00bb el_id=\u00a0\u00bbRESULTADOS\u00a0\u00bb][vc_column css=\u00a0\u00bb.vc_custom_1603890418265{padding-right: 0px !important;padding-left: 0px !important;}\u00a0\u00bb][vc_empty_space height=\u00a0\u00bb70px\u00a0\u00bb][ts_section_title color=\u00a0\u00bb#81d742&Prime; title=\u00a0\u00bbExcellentes critiques sur Google et Tripadvisor\u00a0\u00bb][ts_testimonial_slider hero_slider=\u00a0\u00bb47&Prime;][vc_empty_space height=\u00a0\u00bb70px\u00a0\u00bb][\/vc_column][\/vc_row][vc_row full_width=\u00a0\u00bbstretch_row\u00a0\u00bb gap=\u00a0\u00bb10&Prime; anchor_wrap_section=\u00a0\u00bbno\u00a0\u00bb css=\u00a0\u00bb.vc_custom_1626289703697{margin-right: 0px !important;margin-left: 0px !important;background-color: #faf7f3 !important;}\u00a0\u00bb][vc_column css=\u00a0\u00bb.vc_custom_1603890418265{padding-right: 0px !important;padding-left: 0px !important;}\u00a0\u00bb][vc_column_text]\t\t<div id=\"sbi_mod_error\" >\n\t\t\t<span>Ce message d\u2019erreur n\u2019est visible que pour les administrateurs de WordPress<\/span><br\/>\n\t\t\t<p><strong>Erreur. Aucun flux trouv\u00e9.<\/strong>\n\t\t\t<p>Veuillez aller sur la page de r\u00e9glages d\u2018Instagram Feed pour connecter votre compte.<\/p>\n\t\t<\/div>\n\t\t[\/vc_column_text][vc_empty_space][\/vc_column][\/vc_row]<\/p>\n","protected":false},"excerpt":{"rendered":"<p>[vc_row section_background_color=\u00a0\u00bb#fbf7f4&Prime; use_container=\u00a0\u00bbyes\u00a0\u00bb use_predefined_class=\u00a0\u00bbyes\u00a0\u00bb predefined_class=\u00a0\u00bbbottom-white-space\u00a0\u00bb][vc_column][vc_row_inner][vc_column_inner][ts_section_title color=\u00a0\u00bb#81d742&Prime; tagline=\u00a0\u00bbLes grands changements n\u00e9cessitent de gros efforts\u00a0\u00bb title=\u00a0\u00bbNotre pass\u00e9, notre pr\u00e9sent et notre avenir\u00a0\u00bb][\/vc_column_inner][\/vc_row_inner][vc_row_inner][vc_column_inner width=\u00a0\u00bb1\/3&Prime;][ts_image_title_box image=\u00a0\u00bb584&Prime; title=\u00a0\u00bbHistoire\u00a0\u00bb url=\u00a0\u00bb#HISTORIA\u00a0\u00bb][\/vc_column_inner][vc_column_inner width=\u00a0\u00bb1\/3&Prime;][ts_image_title_box image=\u00a0\u00bb636&Prime; title=\u00a0\u00bbObjectif\u00a0\u00bb url=\u00a0\u00bb#PROPOSITO\u00a0\u00bb][\/vc_column_inner][vc_column_inner width=\u00a0\u00bb1\/3&Prime;][ts_image_title_box image=\u00a0\u00bb1054&Prime; title=\u00a0\u00bbR\u00e9sultats\u00a0\u00bb url=\u00a0\u00bb#RESULTADOS\u00a0\u00bb][\/vc_column_inner][\/vc_row_inner][\/vc_column][\/vc_row][vc_row use_container=\u00a0\u00bbyes\u00a0\u00bb][vc_column][vc_row_inner][vc_column_inner width=\u00a0\u00bb1\/2&Prime;][ts_icon_box position=\u00a0\u00bbleft\u00a0\u00bb icon=\u00a0\u00bb106&Prime; description=\u00a0\u00bb Mission En tant qu&rsquo;entreprise familiale aimant les autruches, nous aspirons \u00e0 rapprocher nos visiteurs de ces merveilleuses cr\u00e9atures, [&hellip;]<\/p>\n","protected":false},"author":1,"featured_media":0,"parent":0,"menu_order":0,"comment_status":"closed","ping_status":"closed","template":"page-builder.php","meta":{"footnotes":""},"class_list":["post-3245","page","type-page","status-publish","hentry"],"_links":{"self":[{"href":"https:\/\/www.artestruzmallorca.com\/fr\/wp-json\/wp\/v2\/pages\/3245","targetHints":{"allow":["GET"]}}],"collection":[{"href":"https:\/\/www.artestruzmallorca.com\/fr\/wp-json\/wp\/v2\/pages"}],"about":[{"href":"https:\/\/www.artestruzmallorca.com\/fr\/wp-json\/wp\/v2\/types\/page"}],"author":[{"embeddable":true,"href":"https:\/\/www.artestruzmallorca.com\/fr\/wp-json\/wp\/v2\/users\/1"}],"replies":[{"embeddable":true,"href":"https:\/\/www.artestruzmallorca.com\/fr\/wp-json\/wp\/v2\/comments?post=3245"}],"version-history":[{"count":8,"href":"https:\/\/www.artestruzmallorca.com\/fr\/wp-json\/wp\/v2\/pages\/3245\/revisions"}],"predecessor-version":[{"id":12058,"href":"https:\/\/www.artestruzmallorca.com\/fr\/wp-json\/wp\/v2\/pages\/3245\/revisions\/12058"}],"wp:attachment":[{"href":"https:\/\/www.artestruzmallorca.com\/fr\/wp-json\/wp\/v2\/media?parent=3245"}],"curies":[{"name":"wp","href":"https:\/\/api.w.org\/{rel}","templated":true}]}}