{"id":3210,"date":"2021-07-04T10:14:48","date_gmt":"2021-07-04T10:14:48","guid":{"rendered":"https:\/\/www.artestruzmallorca.com\/eventos-e-incentivos\/"},"modified":"2024-05-30T14:16:38","modified_gmt":"2024-05-30T12:16:38","slug":"evenements-incitations","status":"publish","type":"page","link":"https:\/\/www.artestruzmallorca.com\/fr\/evenements-incitations\/","title":{"rendered":"\u00c9v\u00e9nements et incitations"},"content":{"rendered":"<p>[vc_row anchor_wrap_section=\u00a0\u00bbno\u00a0\u00bb][vc_column][ts_section_title color=\u00a0\u00bb#81d742&Prime; title=\u00a0\u00bbUn espace unique pour un \u00e9v\u00e9nement exotique, surprenant et inoubliable.\u00a0\u00bb][\/vc_column][vc_column width=\u00a0\u00bb1\/2&Prime;][ts_side_content position=\u00a0\u00bbright\u00a0\u00bb]Artestruz est un lieu id\u00e9al pour des groupes jusqu&rsquo;\u00e0 60 personnes. Intime, singulier, exotique et attachant. Notre espace \u00e9veille des \u00e9motions, permet \u00e0 l\u2019individu de s\u2019ouvrir \u00e0 l\u2019appartenance \u00e0 la meute et surtout, il ne laisse jamais personne indiff\u00e9rent.<\/p>\n<p>Un \u00e9v\u00e9nement chez Artestruz est synonyme d&rsquo;intrigues, de plaisir, de moments de tendresse et d&rsquo;\u00e9merveillement. Venir en groupe et interagir avec les autruches vous laissera d&rsquo;agr\u00e9ables souvenirs que vous n&rsquo;oublierez gu\u00e8re. Pour plus de plaisir et d&rsquo;aventure, ajoutez une exp\u00e9rience culinaire originale avec par exemple un \u00e9norme \u0153uf d&rsquo;autruche au plat, pour une petite d\u00e9gustation pouvant accueillir jusqu&rsquo;\u00e0 60 personnes.<\/p>\n<p>Contactez-nous pour diff\u00e9rentes options et prix.[\/ts_side_content][\/vc_column][vc_column width=\u00a0\u00bb1\/2&Prime;][ts_side_slider details=\u00a0\u00bb%5B%7B%22image%22%3A%22759%22%7D%2C%7B%22image%22%3A%22758%22%7D%2C%7B%22image%22%3A%22847%22%7D%2C%7B%22image%22%3A%22607%22%7D%2C%7B%22image%22%3A%22837%22%7D%5D\u00a0\u00bb][vc_empty_space][\/vc_column][\/vc_row]<\/p>\n","protected":false},"excerpt":{"rendered":"<p>[vc_row anchor_wrap_section=\u00a0\u00bbno\u00a0\u00bb][vc_column][ts_section_title color=\u00a0\u00bb#81d742&Prime; title=\u00a0\u00bbUn espace unique pour un \u00e9v\u00e9nement exotique, surprenant et inoubliable.\u00a0\u00bb][\/vc_column][vc_column width=\u00a0\u00bb1\/2&Prime;][ts_side_content position=\u00a0\u00bbright\u00a0\u00bb]Artestruz est un lieu id\u00e9al pour des groupes jusqu&rsquo;\u00e0 60 personnes. Intime, singulier, exotique et attachant. Notre espace \u00e9veille des \u00e9motions, permet \u00e0 l\u2019individu de s\u2019ouvrir \u00e0 l\u2019appartenance \u00e0 la meute et surtout, il ne laisse jamais personne indiff\u00e9rent. Un \u00e9v\u00e9nement [&hellip;]<\/p>\n","protected":false},"author":2,"featured_media":0,"parent":0,"menu_order":0,"comment_status":"closed","ping_status":"closed","template":"","meta":{"footnotes":""},"class_list":["post-3210","page","type-page","status-publish","hentry"],"_links":{"self":[{"href":"https:\/\/www.artestruzmallorca.com\/fr\/wp-json\/wp\/v2\/pages\/3210","targetHints":{"allow":["GET"]}}],"collection":[{"href":"https:\/\/www.artestruzmallorca.com\/fr\/wp-json\/wp\/v2\/pages"}],"about":[{"href":"https:\/\/www.artestruzmallorca.com\/fr\/wp-json\/wp\/v2\/types\/page"}],"author":[{"embeddable":true,"href":"https:\/\/www.artestruzmallorca.com\/fr\/wp-json\/wp\/v2\/users\/2"}],"replies":[{"embeddable":true,"href":"https:\/\/www.artestruzmallorca.com\/fr\/wp-json\/wp\/v2\/comments?post=3210"}],"version-history":[{"count":13,"href":"https:\/\/www.artestruzmallorca.com\/fr\/wp-json\/wp\/v2\/pages\/3210\/revisions"}],"predecessor-version":[{"id":11070,"href":"https:\/\/www.artestruzmallorca.com\/fr\/wp-json\/wp\/v2\/pages\/3210\/revisions\/11070"}],"wp:attachment":[{"href":"https:\/\/www.artestruzmallorca.com\/fr\/wp-json\/wp\/v2\/media?parent=3210"}],"curies":[{"name":"wp","href":"https:\/\/api.w.org\/{rel}","templated":true}]}}