{"id":3166,"date":"2021-07-04T10:14:18","date_gmt":"2021-07-04T10:14:18","guid":{"rendered":"https:\/\/www.artestruzmallorca.com\/boutique-artesanias-avestruz-mallorca\/"},"modified":"2021-11-07T16:09:59","modified_gmt":"2021-11-07T16:09:59","slug":"boutique-artisanat-autruche-mallorca","status":"publish","type":"page","link":"https:\/\/www.artestruzmallorca.com\/fr\/boutique-artisanat-autruche-mallorca\/","title":{"rendered":"Boutique Artestruz"},"content":{"rendered":"<p>[vc_row content_placement=\u00a0\u00bbmiddle\u00a0\u00bb anchor_wrap_section=\u00a0\u00bbno\u00a0\u00bb use_container=\u00a0\u00bbyes\u00a0\u00bb][vc_column width=\u00a0\u00bb1\/2&Prime;][ts_section_title color=\u00a0\u00bb#81d742&Prime; title=\u00a0\u00bbObjets artisanaux exotiques fabriqu\u00e9s \u00e0 Majorque\u00a0\u00bb][vc_column_text]Artestruz est une ferme d&rsquo;accueil, mais c&rsquo;est aussi beaucoup plus. Notre exp\u00e9rience de vie nous a appris \u00e0 \u00eatre en contact avec diverses industries. Venez d\u00e9couvrir des produits artisanaux exotiques fabriqu\u00e9s \u00e0 Majorque et d&rsquo;autres produits internationaux.<\/p>\n<p>Les principales industries de l&rsquo;autruche sont le cuir, les plumes, la viande, les \u0153ufs, les coquilles d&rsquo;\u0153ufs et l&rsquo;huile.[\/vc_column_text][\/vc_column][vc_column width=\u00a0\u00bb1\/2&Prime;][ts_side_slider details=\u00a0\u00bb%5B%7B%22image%22%3A%222050%22%7D%2C%7B%22image%22%3A%222043%22%7D%2C%7B%22image%22%3A%222045%22%7D%2C%7B%22image%22%3A%222047%22%7D%2C%7B%22image%22%3A%222044%22%7D%5D\u00a0\u00bb][\/vc_column][\/vc_row][vc_row][vc_column][ts_section_title color=\u00a0\u00bb#81d742&Prime; title=\u00a0\u00bbAchetez un \u0153uf d&rsquo;autruche !\u00a0\u00bb][\/vc_column][vc_column width=\u00a0\u00bb1\/2&Prime;][ts_side_slider details=\u00a0\u00bb%5B%7B%22image%22%3A%221027%22%7D%2C%7B%22image%22%3A%22760%22%7D%2C%7B%22image%22%3A%22744%22%7D%2C%7B%22image%22%3A%22761%22%7D%5D\u00a0\u00bb][vc_empty_space][\/vc_column][vc_column width=\u00a0\u00bb1\/2&Prime;][ts_side_content position=\u00a0\u00bbright\u00a0\u00bb]Notre ferme produit d&rsquo;incroyables \u0153ufs d&rsquo;autruche. Avec l&rsquo;\u0153uf d&rsquo;autruche, vous pouvez pr\u00e9parer un \u0153uf frit \u00e9tonnant et savoureux (le go\u00fbt est tr\u00e8s similaire \u00e0 celui d&rsquo;un \u0153uf de poule). Les coquillages constituent une pi\u00e8ce d\u00e9corative naturelle, \u00e9l\u00e9gante et simple.<\/p>\n<p>Fait amusant : en 2004, nous avons re\u00e7u le plus gros \u0153uf du monde \u00e0 Artestruz.<\/p>\n<p>Sur ce site, tu peux acheter tes \u0153ufs ou tes coquilles d&rsquo;\u0153ufs et te les faire livrer directement chez toi, afin de vivre l&rsquo;exp\u00e9rience Artestruz o\u00f9 tu veux !<\/p>\n<p>Disponible prochainement.[\/ts_side_content][\/vc_column][\/vc_row]<\/p>\n","protected":false},"excerpt":{"rendered":"<p>[vc_row content_placement=\u00a0\u00bbmiddle\u00a0\u00bb anchor_wrap_section=\u00a0\u00bbno\u00a0\u00bb use_container=\u00a0\u00bbyes\u00a0\u00bb][vc_column width=\u00a0\u00bb1\/2&Prime;][ts_section_title color=\u00a0\u00bb#81d742&Prime; title=\u00a0\u00bbObjets artisanaux exotiques fabriqu\u00e9s \u00e0 Majorque\u00a0\u00bb][vc_column_text]Artestruz est une ferme d&rsquo;accueil, mais c&rsquo;est aussi beaucoup plus. Notre exp\u00e9rience de vie nous a appris \u00e0 \u00eatre en contact avec diverses industries. Venez d\u00e9couvrir des produits artisanaux exotiques fabriqu\u00e9s \u00e0 Majorque et d&rsquo;autres produits internationaux. Les principales industries de l&rsquo;autruche sont le [&hellip;]<\/p>\n","protected":false},"author":2,"featured_media":0,"parent":0,"menu_order":0,"comment_status":"closed","ping_status":"closed","template":"","meta":{"footnotes":""},"class_list":["post-3166","page","type-page","status-publish","hentry"],"_links":{"self":[{"href":"https:\/\/www.artestruzmallorca.com\/fr\/wp-json\/wp\/v2\/pages\/3166","targetHints":{"allow":["GET"]}}],"collection":[{"href":"https:\/\/www.artestruzmallorca.com\/fr\/wp-json\/wp\/v2\/pages"}],"about":[{"href":"https:\/\/www.artestruzmallorca.com\/fr\/wp-json\/wp\/v2\/types\/page"}],"author":[{"embeddable":true,"href":"https:\/\/www.artestruzmallorca.com\/fr\/wp-json\/wp\/v2\/users\/2"}],"replies":[{"embeddable":true,"href":"https:\/\/www.artestruzmallorca.com\/fr\/wp-json\/wp\/v2\/comments?post=3166"}],"version-history":[{"count":3,"href":"https:\/\/www.artestruzmallorca.com\/fr\/wp-json\/wp\/v2\/pages\/3166\/revisions"}],"predecessor-version":[{"id":3185,"href":"https:\/\/www.artestruzmallorca.com\/fr\/wp-json\/wp\/v2\/pages\/3166\/revisions\/3185"}],"wp:attachment":[{"href":"https:\/\/www.artestruzmallorca.com\/fr\/wp-json\/wp\/v2\/media?parent=3166"}],"curies":[{"name":"wp","href":"https:\/\/api.w.org\/{rel}","templated":true}]}}