{"id":11675,"date":"2024-07-23T16:33:11","date_gmt":"2024-07-23T14:33:11","guid":{"rendered":"https:\/\/www.artestruzmallorca.com\/?page_id=11675"},"modified":"2024-07-23T16:33:11","modified_gmt":"2024-07-23T14:33:11","slug":"full-moon","status":"publish","type":"page","link":"https:\/\/www.artestruzmallorca.com\/fr\/full-moon\/","title":{"rendered":"Full Moon &#038; Sunset"},"content":{"rendered":"<p>[vc_row][vc_column][ts_side_content]Une fois par mois, nous vous offrons la seule opportunit\u00e9 de voir le coucher du soleil suivi du lever de la pleine lune. C&rsquo;est un service exclusif que nous proposons une fois Artestruz ferm\u00e9 au grand public.<\/p>\n<p>Lors de la Full Moon Rise &amp; Sunset Session, vous pouvez partager l&rsquo;espace avec d&rsquo;autres personnes qui viennent profiter d&rsquo;un coucher de soleil spectaculaire avec des autruches suivi du lever de la lune. Si vous souhaitez louer la ferme pour un usage totalement exclusif, contactez-nous.<\/p>\n<p>L&rsquo;horaire est adapt\u00e9 \u00e0 l&rsquo;heure du coucher du soleil le jour de l&rsquo;\u00e9v\u00e9nement (<a href=\"https:\/\/www.google.com\/search?q=sunset+time+mallorca&amp;sca_esv=cc28994e032c69f9&amp;rlz=1C1CHBF_esES863ES863&amp;sxsrf=ACQVn0-dq4GwG0XC8w6ZQuikYXfyA2_X2A%3A1707481221284&amp;ei=hRjGZY_xEIX77_UPs4OpuAo&amp;ved=0ahUKEwjPx56dn56EAxWF_bsIHbNBCqcQ4dUDCBA&amp;uact=5&amp;oq=sunset+time+mallorca&amp;gs_lp=Egxnd3Mtd2l6LXNlcnAiFHN1bnNldCB0aW1lIG1hbGxvcmNhMhAQABiABBiKBRiRAhhGGP4BMgUQABiABDIGEAAYFhgeMgYQABgWGB4yBhAAGBYYHjIGEAAYFhgeMgYQABgWGB4yBhAAGBYYHjILEAAYgAQYigUYhgMyCxAAGIAEGIoFGIYDMhwQABiABBiKBRiRAhhGGP4BGJcFGIwFGN0E2AEBSIsiUO0aWMchcAZ4AZABAJgBpQKgAakLqgEFMC4zLjS4AQPIAQD4AQHCAgoQABhHGNYEGLADwgINEAAYRxjWBBjJAxiwA8ICDhAAGIAEGIoFGJIDGLADwgILEAAYgAQYigUYkQLCAgoQABiABBgUGIcCwgIIEAAYFhgeGA_iAwQYACBBiAYBkAYJugYGCAEQARgT&amp;sclient=gws-wiz-serp\">v\u00e9rifiez \u00e0 quelle heure le soleil se couche<\/a>).<\/p>\n<p><strong>Arriv\u00e9e et accueil<\/strong> (10 minutes) : Les visiteurs sont accueillis et re\u00e7oivent une br\u00e8ve introduction.<br \/>\n<strong>Nourrir les autruches<\/strong> (15 minutes) : Possibilit\u00e9 de nourrir les autruches et d&rsquo;observer leur comportement.<br \/>\n<strong>S\u00e9ance de questions et r\u00e9ponses<\/strong> (30 minutes)\u00a0: Un guide expert r\u00e9pondra \u00e0 toutes les questions sur les autruches et leur habitat.<br \/>\n<strong>Temps libre<\/strong> (25 minutes) : Les participants peuvent se promener, interagir avec les autruches et prendre des photos.<br \/>\n<strong>Instant coucher de soleil avec ap\u00e9ritif<\/strong> (30 minutes) : Profitez du coucher de soleil avec une boisson ou une glace de votre choix incluse dans le tarif.<br \/>\nTemps libre jusqu&rsquo;au lever de la lune\u00a0: attendez et profitez de l&rsquo;atmosph\u00e8re pendant que vous vous pr\u00e9parez au lever de la lune.<br \/>\n<strong>Adieu<\/strong> (20 minutes apr\u00e8s le lever de la lune) : Fin de l&rsquo;\u00e9v\u00e9nement apr\u00e8s le lever de la lune.<\/p>\n<p>Une fois votre achat effectu\u00e9, nous vous contacterons pour d\u00e9terminer la date et l&rsquo;heure de votre exp\u00e9rience Full Moon Rise &amp; Sunset Session.[\/ts_side_content][vc_column_text]<strong><script>\n  if (typeof hasAmeliaEvent === 'undefined') {\n    var hasAmeliaEvent = true;\n  }\n  if (typeof hasEventApiCall === 'undefined' && ('' === '' && '' !== '1')) {\n    var hasEventApiCall = true;\n  }\n  var hasEventShortcode = (typeof hasEventShortcode === 'undefined') ? false : true;\n  var ameliaShortcodeData = (typeof ameliaShortcodeData === 'undefined') ? [] : ameliaShortcodeData;\n  ameliaShortcodeData.push(\n    {\n      'hasApiCall': (typeof hasEventApiCall !== 'undefined') && hasEventApiCall,\n      'trigger': '',\n      'trigger_type': '',\n      'triggered_form': 'elf',\n      'in_dialog': '',\n      'counter': '1000',\n      'employee': '',\n      'eventId': '43',\n      'eventRecurring': 1,\n      'eventTag': \"\",\n      'locationId': \"\"\n    }\n  );\n  var ameliaShortcodeDataTriggered = (typeof ameliaShortcodeDataTriggered === 'undefined') ? [] : ameliaShortcodeDataTriggered;\n  if (ameliaShortcodeData[ameliaShortcodeData.length - 1].trigger !== '') {\n    if (ameliaShortcodeDataTriggered.filter(a => a.counter === ameliaShortcodeData[ameliaShortcodeData.length - 1].counter).length === 0) {\n      ameliaShortcodeDataTriggered.push(ameliaShortcodeData.pop());\n    } else {\n      ameliaShortcodeData.pop()\n    }\n  }\n  if (typeof hasEventApiCall !== 'undefined' && hasEventApiCall) {\n    hasEventApiCall = false;\n  }\n<\/script>\n\n<div\n  id=\"amelia-v2-booking-1000\"\n  class=\"amelia-v2-booking\"\n>\n    <events-list-form-wrapper><\/div>\n<\/strong>[\/vc_column_text][\/vc_column][\/vc_row]<\/p>\n","protected":false},"excerpt":{"rendered":"<p>[vc_row][vc_column][ts_side_content]Une fois par mois, nous vous offrons la seule opportunit\u00e9 de voir le coucher du soleil suivi du lever de la pleine lune. C&rsquo;est un service exclusif que nous proposons une fois Artestruz ferm\u00e9 au grand public. Lors de la Full Moon Rise &amp; Sunset Session, vous pouvez partager l&rsquo;espace avec d&rsquo;autres personnes qui viennent [&hellip;]<\/p>\n","protected":false},"author":2,"featured_media":0,"parent":0,"menu_order":0,"comment_status":"closed","ping_status":"closed","template":"","meta":{"footnotes":""},"class_list":["post-11675","page","type-page","status-publish","hentry"],"_links":{"self":[{"href":"https:\/\/www.artestruzmallorca.com\/fr\/wp-json\/wp\/v2\/pages\/11675","targetHints":{"allow":["GET"]}}],"collection":[{"href":"https:\/\/www.artestruzmallorca.com\/fr\/wp-json\/wp\/v2\/pages"}],"about":[{"href":"https:\/\/www.artestruzmallorca.com\/fr\/wp-json\/wp\/v2\/types\/page"}],"author":[{"embeddable":true,"href":"https:\/\/www.artestruzmallorca.com\/fr\/wp-json\/wp\/v2\/users\/2"}],"replies":[{"embeddable":true,"href":"https:\/\/www.artestruzmallorca.com\/fr\/wp-json\/wp\/v2\/comments?post=11675"}],"version-history":[{"count":1,"href":"https:\/\/www.artestruzmallorca.com\/fr\/wp-json\/wp\/v2\/pages\/11675\/revisions"}],"predecessor-version":[{"id":11683,"href":"https:\/\/www.artestruzmallorca.com\/fr\/wp-json\/wp\/v2\/pages\/11675\/revisions\/11683"}],"wp:attachment":[{"href":"https:\/\/www.artestruzmallorca.com\/fr\/wp-json\/wp\/v2\/media?parent=11675"}],"curies":[{"name":"wp","href":"https:\/\/api.w.org\/{rel}","templated":true}]}}