{"id":11047,"date":"2024-05-30T14:14:11","date_gmt":"2024-05-30T12:14:11","guid":{"rendered":"https:\/\/www.artestruzmallorca.com\/?page_id=11047"},"modified":"2026-02-28T10:39:57","modified_gmt":"2026-02-28T09:39:57","slug":"cumples","status":"publish","type":"page","link":"https:\/\/www.artestruzmallorca.com\/fr\/cumples\/","title":{"rendered":"Anniversaire"},"content":{"rendered":"<p>[vc_row anchor_wrap_section=\u00a0\u00bbno\u00a0\u00bb][vc_column][ts_section_title color=\u00a0\u00bb#81d742&Prime; title=\u00a0\u00bbAnniversaire Artestruz\u00a0\u00bb][vc_single_image image=\u00a0\u00bb6834&Prime; img_size=\u00a0\u00bblarge\u00a0\u00bb alignment=\u00a0\u00bbcenter\u00a0\u00bb][\/vc_column][vc_column width=\u00a0\u00bb1\/2&Prime;][ts_side_content position=\u00a0\u00bbright\u00a0\u00bb]Notre cadre champ\u00eatre, \u00e0 l&rsquo;atmosph\u00e8re d\u00e9tendue et attachante, se pr\u00eate parfaitement \u00e0 un \u00e9v\u00e9nement aussi intimiste qu&rsquo;un anniversaire.<\/p>\n<p><strong>Minimum 15 personnes<\/strong><\/p>\n<p>Horaires : &#8211; 10h00 &#8211; 13h00 &#8211; de l&rsquo;arriv\u00e9e au d\u00e9part 3h00 Merci de respecter l&rsquo;horaire \u00e9tabli et d&rsquo;essayer de partager une voiture autant que possible.<\/p>\n<p><strong>Comprend\u00a0:<\/strong><\/p>\n<p>S\u00e9ance de nourrissage des autruches &#8211; 1 bol de c\u00e9r\u00e9ales et un bol de nourriture verte pour 4 personnes<\/p>\n<p>S\u00e9ance de questions\/r\u00e9ponses avec un professionnel<\/p>\n<p>Visite libre avec 6 codes QR. exclusivement par chemin d\u00e9sign\u00e9 pour les visites<\/p>\n<p>Espace d\u00e9sign\u00e9 pour les anniversaires, \u00e0 l&rsquo;int\u00e9rieur ou \u00e0 l&rsquo;ext\u00e9rieur<\/p>\n<p><strong>N&rsquo;inclut pas:<\/strong><\/p>\n<p>D\u00e9cor<\/p>\n<p>Nourriture, boisson et g\u00e2teau<\/p>\n<p><strong>Calendrier propos\u00e9:<\/strong><\/p>\n<p>15 minutes &#8211; arriv\u00e9e et accueil<\/p>\n<p>15 minutes &#8211; nourrir les autruches<\/p>\n<p>20 minutes &#8211; questions et r\u00e9ponses avec un professionnel<\/p>\n<p>30 minutes &#8211; visite libre<\/p>\n<p>Jusqu&rsquo;\u00e0 la fin, profitez de l&rsquo;anniversaire en famille et entre amis !<\/p>\n<p><strong>Prix \u200b\u200bpar personne : 9 \u20ac<\/strong><\/p>\n<p>&nbsp;<\/p>\n<p>Promotion non valable aux dates de juillet, ao\u00fbt et P\u00e2ques<\/p>\n<p>Pour les groupes plus importants, consulter les tarifs et conditions[\/ts_side_content][\/vc_column][vc_column width=\u00a0\u00bb1\/2&Prime;][ts_side_slider details=\u00a0\u00bb%5B%7B%22image%22%3A%226803%22%7D%2C%7B%22image%22%3A%226801%22%7D%2C%7B%22image%22%3A%226804%22%7D%2C%7B%22image%22%3A%226807%22%7D%2C%7B%22image%22%3A%226805%22%7D%2C%7B%22image%22%3A%226802%22%7D%5D\u00a0\u00bb][vc_empty_space][\/vc_column][\/vc_row]<\/p>\n","protected":false},"excerpt":{"rendered":"<p>[vc_row anchor_wrap_section=\u00a0\u00bbno\u00a0\u00bb][vc_column][ts_section_title color=\u00a0\u00bb#81d742&Prime; title=\u00a0\u00bbAnniversaire Artestruz\u00a0\u00bb][vc_single_image image=\u00a0\u00bb6834&Prime; img_size=\u00a0\u00bblarge\u00a0\u00bb alignment=\u00a0\u00bbcenter\u00a0\u00bb][\/vc_column][vc_column width=\u00a0\u00bb1\/2&Prime;][ts_side_content position=\u00a0\u00bbright\u00a0\u00bb]Notre cadre champ\u00eatre, \u00e0 l&rsquo;atmosph\u00e8re d\u00e9tendue et attachante, se pr\u00eate parfaitement \u00e0 un \u00e9v\u00e9nement aussi intimiste qu&rsquo;un anniversaire. Minimum 15 personnes Horaires : &#8211; 10h00 &#8211; 13h00 &#8211; de l&rsquo;arriv\u00e9e au d\u00e9part 3h00 Merci de respecter l&rsquo;horaire \u00e9tabli et d&rsquo;essayer de partager une voiture autant que [&hellip;]<\/p>\n","protected":false},"author":2,"featured_media":0,"parent":0,"menu_order":0,"comment_status":"closed","ping_status":"closed","template":"","meta":{"footnotes":""},"class_list":["post-11047","page","type-page","status-publish","hentry"],"_links":{"self":[{"href":"https:\/\/www.artestruzmallorca.com\/fr\/wp-json\/wp\/v2\/pages\/11047","targetHints":{"allow":["GET"]}}],"collection":[{"href":"https:\/\/www.artestruzmallorca.com\/fr\/wp-json\/wp\/v2\/pages"}],"about":[{"href":"https:\/\/www.artestruzmallorca.com\/fr\/wp-json\/wp\/v2\/types\/page"}],"author":[{"embeddable":true,"href":"https:\/\/www.artestruzmallorca.com\/fr\/wp-json\/wp\/v2\/users\/2"}],"replies":[{"embeddable":true,"href":"https:\/\/www.artestruzmallorca.com\/fr\/wp-json\/wp\/v2\/comments?post=11047"}],"version-history":[{"count":5,"href":"https:\/\/www.artestruzmallorca.com\/fr\/wp-json\/wp\/v2\/pages\/11047\/revisions"}],"predecessor-version":[{"id":12520,"href":"https:\/\/www.artestruzmallorca.com\/fr\/wp-json\/wp\/v2\/pages\/11047\/revisions\/12520"}],"wp:attachment":[{"href":"https:\/\/www.artestruzmallorca.com\/fr\/wp-json\/wp\/v2\/media?parent=11047"}],"curies":[{"name":"wp","href":"https:\/\/api.w.org\/{rel}","templated":true}]}}