{"id":2697,"date":"2021-08-31T14:18:18","date_gmt":"2021-08-31T14:18:18","guid":{"rendered":"https:\/\/www.artestruzmallorca.com\/apareamiento\/"},"modified":"2025-11-08T15:38:36","modified_gmt":"2025-11-08T14:38:36","slug":"paarung-und-nachkommenschaft","status":"publish","type":"page","link":"https:\/\/www.artestruzmallorca.com\/de\/paarung-und-nachkommenschaft\/","title":{"rendered":"Paarung und Nachkommenschaft"},"content":{"rendered":"<p>[vc_row anchor_wrap_section=&#8220;no&#8220;][vc_column][ts_section_title color=&#8220;#81d742&#8243; title=&#8220;Paarungszeit&#8220;][vc_video link=&#8220;https:\/\/youtu.be\/BODaKcGpCMw&#8220;][vc_message message_box_color=&#8220;violet&#8220; icon_fontawesome=&#8220;fas fa-arrow-down&#8220;]Langsame Verbindung? Versuchen Sie es nur mit Audio.[\/vc_message][vc_column_text]<audio style=\"width: 100%; display: block;\" preload=\"metadata\" controls=\"controls\"><source src=\"https:\/\/www.artestruzmallorca.com\/wp-content\/uploads\/2022\/09\/Struthio-Deutsch.mp3\" type=\"audio\/mpeg\" \/>Tu navegador no soporta audio HTML5.<\/audio>[\/vc_column_text][ts_side_image image=&#8220;2605&#8243;][\/ts_side_image][ts_side_content position=&#8220;right&#8220;]<\/p>\n<div id=\"comp-kp9jwgnw\" class=\"txtNew\" data-packed=\"true\" data-vertical-text=\"false\">\n<p class=\"font_7\">Die Paarungszeit beginnt im Fr\u00fchjahr und dauert bis zum Ende des Sommers. Zu dieser Zeit legen die Weibchen ihre Eier ab, und die M\u00e4nnchen zeigen eine rote F\u00e4rbung an ihren Beinschuppen und Schn\u00e4beln.<\/p>\n<\/div>\n<p>[\/ts_side_content][\/vc_column][\/vc_row][vc_row anchor_wrap_section=&#8220;no&#8220;][vc_column][vc_empty_space height=&#8220;20px&#8220;][\/vc_column][\/vc_row][vc_row anchor_wrap_section=&#8220;no&#8220;][vc_column width=&#8220;1\/2&#8243;][ts_section_title color=&#8220;#81d742&#8243; title=&#8220;Dinosauriernest&#8220;][ts_side_image image=&#8220;2606&#8243;][\/ts_side_image][\/vc_column][vc_column width=&#8220;1\/2&#8243;][ts_side_content position=&#8220;right&#8220;]<\/p>\n<div id=\"comp-kp9jwgnw\" class=\"txtNew\" data-packed=\"true\" data-vertical-text=\"false\">\n<p>Strau\u00dfe sind polygame V\u00f6gel und bilden auch ein Gemeinschaftsnest, d.h. es wird von der ganzen Herde geteilt. Auf diese Weise sch\u00fctzen mehrere M\u00e4nnchen das gleiche Nest. Das Alpham\u00e4nnchen baut das Nest, das aus einer Vertiefung besteht, die es mit den Krallen seiner F\u00fc\u00dfe in den Boden gr\u00e4bt. Das Nest ist sehr primitiv und ohne jegliche Pflanzendecke. Ein Nest, das eher dem eines Dinosauriers als dem eines modernen Vogels \u00e4hnelt.<\/p>\n<\/div>\n<p>[\/ts_side_content][ts_side_image image=&#8220;2607&#8243;][\/ts_side_image][\/vc_column][\/vc_row][vc_row anchor_wrap_section=&#8220;no&#8220;][vc_column][vc_empty_space height=&#8220;20px&#8220;][\/vc_column][\/vc_row][vc_row anchor_wrap_section=&#8220;no&#8220;][vc_column width=&#8220;1\/2&#8243;][ts_section_title color=&#8220;#81d742&#8243; title=&#8220;Teamwork&#8220;][ts_side_image image=&#8220;2608&#8243;][\/ts_side_image][\/vc_column][vc_column width=&#8220;1\/2&#8243;][ts_side_content position=&#8220;right&#8220;]<\/p>\n<div id=\"comp-kp9jwgnw\" class=\"txtNew\" data-packed=\"true\" data-vertical-text=\"false\">\n<p>Die M\u00e4nnchen markieren das Territorium der Herde, indem sie so laute und tiefe T\u00f6ne von sich geben, dass sie manchmal f\u00fcr einen L\u00f6wen gehalten werden. Au\u00dferdem patrouillieren sie in dem um das Nest errichteten Revier, und die Weibchen legen ihre Eier, bis das Nest voll ist, insgesamt etwa 30 St\u00fcck. Interessanterweise bebr\u00fctet das Alpham\u00e4nnchen die Eier in der Regel nachts und ein Weibchen seiner Wahl tags\u00fcber. Der Schichtwechsel f\u00e4llt in der Regel auch mit dem Sonnenaufgang und dem Sonnenuntergang zusammen. Auf diese Weise tarnen sie das Nest mit den Farben ihres Gefieders.<\/p>\n<\/div>\n<p>[\/ts_side_content][ts_side_image image=&#8220;2609&#8243;][\/ts_side_image][\/vc_column][\/vc_row][vc_row anchor_wrap_section=&#8220;no&#8220;][vc_column][vc_empty_space height=&#8220;20px&#8220;][\/vc_column][\/vc_row][vc_row anchor_wrap_section=&#8220;no&#8220;][vc_column][vc_empty_space height=&#8220;20px&#8220;][\/vc_column][\/vc_row][vc_row anchor_wrap_section=&#8220;no&#8220;][vc_column width=&#8220;1\/2&#8243;][ts_section_title color=&#8220;#81d742&#8243; title=&#8220;Reproduktionssystem&#8220;][ts_side_content position=&#8220;right&#8220;]<\/p>\n<div id=\"comp-kp9jwgnw\" class=\"txtNew\" data-packed=\"true\" data-vertical-text=\"false\">\n<p class=\"font_7\">Das Fortpflanzungssystem des Strau\u00dfes ist, wie das anderer Laufv\u00f6gel, reptilienartig und nicht vogelartig. Aus diesem Grund haben die M\u00e4nnchen dieser sehr primitiven V\u00f6gel immer noch einen Penis in ihrer Kloake, im Gegensatz zu modernen V\u00f6geln, die keinen Penis haben. Kurz gesagt, ihre Paarung \u00e4hnelt eher der von Schildkr\u00f6ten als der von Tauben.<\/p>\n<\/div>\n<p>[\/ts_side_content][\/vc_column][vc_column width=&#8220;1\/2&#8243;][ts_side_image image=&#8220;2610&#8243;][\/ts_side_image][ts_side_image image=&#8220;2611&#8243;][\/ts_side_image][ts_side_image image=&#8220;2612&#8243;][\/ts_side_image][ts_side_image image=&#8220;2613&#8243;][\/ts_side_image][\/vc_column][\/vc_row][vc_row anchor_wrap_section=&#8220;no&#8220;][vc_column][vc_empty_space height=&#8220;20px&#8220;][\/vc_column][\/vc_row][vc_row anchor_wrap_section=&#8220;no&#8220;][vc_column width=&#8220;1\/2&#8243;][ts_section_title color=&#8220;#81d742&#8243; title=&#8220;Inkubation&#8220;][ts_side_content position=&#8220;right&#8220;]<\/p>\n<div id=\"comp-kp9jwgnw\" class=\"txtNew\" data-packed=\"true\" data-vertical-text=\"false\">\n<p>Nach 42 Tagen Inkubationszeit findet die nat\u00fcrliche Selektion dieser Art statt. Nur die st\u00e4rksten K\u00fcken sind in der Lage, aus der Schale zu schl\u00fcpfen, und dieser Prozess kann noch mehrere Tage dauern. Nur etwa 25 % der K\u00fcken werden erfolgreich sein. Wenn der Strau\u00df geschl\u00fcpft ist, kann er sehen, gehen und selbst\u00e4ndig essen. Es braucht seine Mutter nicht und sucht auch nicht nach ihr. Stattdessen neigen sie dazu, bei dem Alpham\u00e4nnchen zu bleiben, das sie am besten sch\u00fctzen kann. Sie haben auch eine sehr effektive Tarnung zum Schutz, die dazu dient, Raubtiere zu verwirren, da sie dem afrikanischen Stachelschwein \u00e4hneln, einem riesigen Igel, der in der Lage ist, jedes Tier zu t\u00f6ten, das ihn zu fressen versucht. Diese K\u00fcken wachsen sehr schnell! Von 15 Zentimetern auf 2,10 Meter in 10 Monaten. Obwohl sie erst 6 Monate alt sind, sind sie bereits 1,50 Meter lang und rennen schneller als ein L\u00f6we&#8230; mit etwa 60km\/h.<\/p>\n<\/div>\n<p>[\/ts_side_content][\/vc_column][vc_column width=&#8220;1\/2&#8243;][ts_side_image image=&#8220;2616&#8243;][\/ts_side_image][ts_side_image image=&#8220;2614&#8243;][\/ts_side_image][ts_side_image image=&#8220;2615&#8243;][\/ts_side_image][\/vc_column][\/vc_row]<\/p>\n","protected":false},"excerpt":{"rendered":"<p>[vc_row anchor_wrap_section=&#8220;no&#8220;][vc_column][ts_section_title color=&#8220;#81d742&#8243; title=&#8220;Paarungszeit&#8220;][vc_video link=&#8220;https:\/\/youtu.be\/BODaKcGpCMw&#8220;][vc_message message_box_color=&#8220;violet&#8220; icon_fontawesome=&#8220;fas fa-arrow-down&#8220;]Langsame Verbindung? Versuchen Sie es nur mit Audio.[\/vc_message][vc_column_text]Tu navegador no soporta audio HTML5.[\/vc_column_text][ts_side_image image=&#8220;2605&#8243;][\/ts_side_image][ts_side_content position=&#8220;right&#8220;] Die Paarungszeit beginnt im Fr\u00fchjahr und dauert bis zum Ende des Sommers. Zu dieser Zeit legen die Weibchen ihre Eier ab, und die M\u00e4nnchen zeigen eine rote F\u00e4rbung an ihren Beinschuppen und Schn\u00e4beln. [&hellip;]<\/p>\n","protected":false},"author":2,"featured_media":0,"parent":0,"menu_order":0,"comment_status":"closed","ping_status":"closed","template":"","meta":{"footnotes":""},"class_list":["post-2697","page","type-page","status-publish","hentry"],"_links":{"self":[{"href":"https:\/\/www.artestruzmallorca.com\/de\/wp-json\/wp\/v2\/pages\/2697","targetHints":{"allow":["GET"]}}],"collection":[{"href":"https:\/\/www.artestruzmallorca.com\/de\/wp-json\/wp\/v2\/pages"}],"about":[{"href":"https:\/\/www.artestruzmallorca.com\/de\/wp-json\/wp\/v2\/types\/page"}],"author":[{"embeddable":true,"href":"https:\/\/www.artestruzmallorca.com\/de\/wp-json\/wp\/v2\/users\/2"}],"replies":[{"embeddable":true,"href":"https:\/\/www.artestruzmallorca.com\/de\/wp-json\/wp\/v2\/comments?post=2697"}],"version-history":[{"count":15,"href":"https:\/\/www.artestruzmallorca.com\/de\/wp-json\/wp\/v2\/pages\/2697\/revisions"}],"predecessor-version":[{"id":12417,"href":"https:\/\/www.artestruzmallorca.com\/de\/wp-json\/wp\/v2\/pages\/2697\/revisions\/12417"}],"wp:attachment":[{"href":"https:\/\/www.artestruzmallorca.com\/de\/wp-json\/wp\/v2\/media?parent=2697"}],"curies":[{"name":"wp","href":"https:\/\/api.w.org\/{rel}","templated":true}]}}