{"id":2154,"date":"2020-10-27T05:02:39","date_gmt":"2020-10-27T05:02:39","guid":{"rendered":"https:\/\/bazan-lab.com\/Artestruz\/what-we-offer\/"},"modified":"2025-04-23T14:45:05","modified_gmt":"2025-04-23T12:45:05","slug":"was-wir-anbieten","status":"publish","type":"page","link":"https:\/\/www.artestruzmallorca.com\/de\/","title":{"rendered":"Home"},"content":{"rendered":"<p>[vc_row motts_theme_padding=&#8220;no&#8220; css=&#8220;.vc_custom_1603778328251{margin-right: 0px !important;margin-left: 0px !important;}&#8220;][vc_column css=&#8220;.vc_custom_1603778320534{padding-right: 0px !important;padding-left: 0px !important;}&#8220;][ts_hero_slider hero_slider=&#8220;47&#8243;][\/vc_column][\/vc_row][vc_row content_placement=&#8220;middle&#8220; motts_theme_padding=&#8220;no&#8220; use_container=&#8220;yes&#8220; css=&#8220;.vc_custom_1603961915955{padding-top: 100px !important;}&#8220;][vc_column offset=&#8220;vc_col-md-6&#8243;][ts_side_content display_button=&#8220;show&#8220; button_label=&#8220;BESUCHEN&#8220; button_url=&#8220;https:\/\/www.artestruzmallorca.com\/de\/artestruz-besuch\/&#8220; tagline=&#8220;Welcome&#8220; title=&#8220;Agricultural seed market, whilst our farm traders&#8220; description=&#8220;Wild flowers , plants and fungi are the life support for all our wildlife and their colour and character light up our landscapes. But without our help , this priceless natural heritage is in danger of being lost.&#8220; side_content=&#8220;<\/p>\n<h2>Welcome<\/h2>\n<h6>Agricultural seed market, whilst our farm traders<\/h6>\n<p>Wild flowers , plants and fungi are the life support for all our wildlife and their colour and character light up our landscapes. But without our help , this priceless natural heritage is in danger of being lost.&#8220;]<\/p>\n<h3>Willkommen auf unserem p\u00e4dagogischen Familienbetrieb.<\/h3>\n<p>Artestruz wurde 1998 dank des Traums der Familie Loffler gegr\u00fcndet, diese wunderbaren kleinen gefl\u00fcgelten Freunde aus S\u00fcdafrika zu bringen. Artestruz ist eine Welt voller Liebe und Respekt f\u00fcr die Tiere, eine Erfahrung, um unglaubliche Momente zu genie\u00dfen! Sie erfahren etwas \u00fcber die Geschichte dieser geheimnisvollen V\u00f6gel, k\u00f6nnen authentische Fotos machen und sogar ein riesiges Strau\u00dfenei kochen![\/ts_side_content][\/vc_column][vc_column offset=&#8220;vc_col-md-6&#8243;][ts_side_slider details=&#8220;%5B%7B%22image%22%3A%2210726%22%7D%2C%7B%22image%22%3A%22580%22%2C%22title%22%3A%22Strau%C3%9F%2C%20mallorca%2C%20Aktivit%C3%A4ten%2C%20Urlaub%2C%20Wochenende%22%7D%2C%7B%22image%22%3A%224136%22%2C%22title%22%3A%22Familie%2CStrau%C3%9F%2CStrau%C3%9F%2Cmallorca%2CFamilie%2CAktivit%C3%A4ten%2Cmallorca%2CAktivit%C3%A4ten%2CStrau%C3%9F%22%7D%2C%7B%22image%22%3A%224242%22%7D%2C%7B%22image%22%3A%224241%22%7D%5D&#8220;][\/vc_column][\/vc_row][vc_row use_container=&#8220;yes&#8220;][vc_column width=&#8220;1\/3&#8243;][ts_counter_box image=&#8220;97&#8243; value=&#8220;2000&#8243; description=&#8220;Kinder in Verbindung mit der Natur im Jahr 2019&#8243;][\/vc_column][vc_column width=&#8220;1\/3&#8243;][ts_counter_box image=&#8220;97&#8243; value=&#8220;6775&#8243; description=&#8220;Gelegte Eier&#8220;][\/vc_column][vc_column width=&#8220;1\/3&#8243;][ts_counter_box image=&#8220;97&#8243; value=&#8220;50&#8243; description=&#8220;Kooperationen mit sozialen Zwecken in Artestruz seit 2018&#8243;][\/vc_column][\/vc_row][vc_row content_placement=&#8220;middle&#8220; section_background_color=&#8220;#009a4e&#8220; motts_theme_padding=&#8220;no&#8220; use_container=&#8220;yes&#8220; conter_content=&#8220;yes&#8220; css=&#8220;.vc_custom_1624560666307{margin-right: 0px !important;margin-left: 0px !important;}&#8220;][vc_column css=&#8220;.vc_custom_1623749204939{padding-right: 0px !important;padding-left: 0px !important;}&#8220;][vc_empty_space height=&#8220;82px&#8220;][ts_timeline_slider title=&#8220;Lernen Sie unsere Geschichte kennen&#8220; details=&#8220;%5B%7B%22year%22%3A%221998%22%2C%22title%22%3A%22Josephine%20van%20Stokkum%20%26%20Uri%20Loffler%22%2C%22description%22%3A%22Josephine%20und%20Uri%20beschlie%C3%9Fen%2C%20von%20S%C3%BCdafrika%20nach%20Mallorca%20zur%C3%BCckzukehren%2C%20wo%20sie%20sich%20kennengelernt%20haben%2C%20um%20dort%20ihre%20beiden%20Kinder%20aufzuziehen.%20Bei%20ihrer%20R%C3%BCckkehr%20bringen%20sie%20einen%20eigenartigen%20Traum%20mit%3A%20eine%20Strau%C3%9Fenfarm%20zu%20gr%C3%BCnden.%22%7D%2C%7B%22year%22%3A%222007%22%2C%22title%22%3A%22Gefl%C3%BCgelte%20Freunde%22%2C%22description%22%3A%22Mit%20der%20Zeit%20fand%20die%20Familie%20Gefallen%20an%20diesen%20eigenartigen%20Tieren%20und%20beschloss%2C%20sich%20der%20Aufgabe%20zu%20widmen%2C%20ihre%20Besucher%20%C3%BCber%20die%20erstaunliche%20Welt%20der%20Strau%C3%9Fe%20zu%20unterrichten.%20ARTESTRUZ%20wird%20als%20Ausbildungsbetrieb%20geboren.%20%22%7D%2C%7B%22year%22%3A%222014%22%2C%22title%22%3A%22Erfreuliche%20Nachrichten%22%2C%22description%22%3A%22Artestruz%20%C3%B6ffnet%20seinen%20Cafeteria-Bereich%2C%20wo%20Sie%20ein%20k%C3%B6stliches%20gebratenes%20Strau%C3%9Fenei%20genie%C3%9Fen%20oder%20inmitten%20dieser%20exotischen%20Tiere%20zu%20Mittag%20essen%20k%C3%B6nnen.%22%7D%2C%7B%22year%22%3A%222019%22%2C%22title%22%3A%22Ein%20Raum%20zum%20Genie%C3%9Fen%22%2C%22description%22%3A%22Der%20Bauernhof%20%C3%B6ffnet%20seine%20T%C3%BCren%20f%C3%BCr%20private%20Veranstaltungen%2C%20die%20nach%20einzigartigen%20Aktivit%C3%A4ten%20suchen%20(Teambuilding%2C%20Geburtstage%2C%20Meetings).%22%7D%5D&#8220;][\/vc_column][\/vc_row][vc_row motts_theme_padding=&#8220;no&#8220; conter_content=&#8220;yes&#8220; use_predefined_class=&#8220;yes&#8220; section_background_image=&#8220;1833&#8243; css=&#8220;.vc_custom_1629047554681{margin-right: 0px !important;margin-left: 0px !important;}&#8220; predefined_class=&#8220;timeline-image&#8220;][vc_column css=&#8220;.vc_custom_1626282771612{padding-right: 0px !important;padding-left: 0px !important;}&#8220; offset=&#8220;vc_hidden-sm vc_hidden-xs&#8220;][vc_empty_space height=&#8220;500px&#8220;][vc_column_text][\/vc_column_text][\/vc_column][\/vc_row][vc_row anchor_wrap_section=&#8220;no&#8220; use_container=&#8220;yes&#8220;][vc_column][vc_empty_space height=&#8220;42px&#8220;][ts_section_title color=&#8220;#81d742&#8243; tagline=&#8220;Genie\u00dfen und lernen&#8220; title=&#8220;Unsere Aktivit\u00e4ten haben einen Zweck&#8220;][vc_column_text]<\/p>\n<p style=\"text-align: justify;\">Unsere Aktivit\u00e4ten sind so konzipiert, dass sie sowohl alleine als auch in Gruppen genossen werden k\u00f6nnen. Unsere Aktivit\u00e4ten sind darauf ausgerichtet, die Bed\u00fcrfnisse unserer Kunden zu erf\u00fcllen, wobei wir immer an das Wohlergehen unserer Strau\u00dfe und Mitarbeiter denken.<\/p>\n<p>[\/vc_column_text][\/vc_column][\/vc_row][vc_row full_width=&#8220;stretch_row&#8220; equal_height=&#8220;yes&#8220; content_placement=&#8220;middle&#8220; anchor_wrap_section=&#8220;no&#8220; use_container=&#8220;yes&#8220; css=&#8220;.vc_custom_1626279598610{background-position: center !important;background-repeat: no-repeat !important;background-size: cover !important;}&#8220;][vc_column width=&#8220;1\/6&#8243;][\/vc_column][vc_column width=&#8220;2\/3&#8243; css=&#8220;.vc_custom_1626282523833{background-color: #faf7f3 !important;}&#8220;][vc_video link=&#8220;https:\/\/www.youtube.com\/watch?v=ZNLXu9ALKsU&#8220; el_aspect=&#8220;43&#8243; align=&#8220;center&#8220;][vc_column_text]<\/p>\n<h3 class=\"font_2\" style=\"text-align: center;\">Besichtigungen in Artestruz<\/h3>\n<p class=\"font_2\" style=\"text-align: center;\">Besuchen Sie die Ausstellung und erfahren Sie mehr \u00fcber die Entwicklung, die F\u00e4higkeiten, die Verhaltensweisen und viele andere interessante Details des Strau\u00dfes. Bei Artestruz ist es leicht, eine Beziehung zu diesen herrlichen V\u00f6geln aufzubauen. Auf jeden Fall ist es sch\u00f6n, unseren Bauernhof zu besuchen!<\/p>\n<p>[\/vc_column_text][vc_btn title=&#8220;Mehr erfahren&#8220; style=&#8220;outline&#8220; color=&#8220;orange&#8220; align=&#8220;center&#8220; link=&#8220;url:https%3A%2F%2Fwww.artestruzmallorca.com%2Fde%2Fartestruz-besuch%2F|title:F%C3%BChrungen%20und%20Besuche&#8220;][vc_empty_space][\/vc_column][vc_column width=&#8220;1\/6&#8243;][\/vc_column][\/vc_row][vc_row full_width=&#8220;stretch_row&#8220; use_container=&#8220;yes&#8220; css=&#8220;.vc_custom_1626282329479{background-position: center !important;background-repeat: no-repeat !important;background-size: cover !important;}&#8220;][vc_column width=&#8220;1\/3&#8243;][ts_year_box image=&#8220;557&#8243; value=&#8220;25&#8243; description=&#8220;Jahrelange Erfahrung mit Strau\u00dfen&#8220;][\/vc_column][vc_column width=&#8220;2\/3&#8243;][ts_testimonial image=&#8220;584&#8243; testimonial=&#8220;Unsere Liebe zu Strau\u00dfen ist unser ganzer Stolz. Wir haben einen gro\u00dfen Teil unseres Lebens diesen wunderbaren Tieren gewidmet, und wir haben vor, ihnen noch viel mehr zu widmen.&#8220; name=&#8220;Familie Loffler&#8220; subtitle=&#8220;Artestruz&#8220;][\/vc_column][\/vc_row][vc_row full_width=&#8220;stretch_row&#8220; equal_height=&#8220;yes&#8220; content_placement=&#8220;middle&#8220; anchor_wrap_section=&#8220;no&#8220; use_container=&#8220;yes&#8220;][vc_column width=&#8220;1\/2&#8243; css=&#8220;.vc_custom_1626276912099{background-color: #faf7f3 !important;}&#8220;][vc_column_text]<\/p>\n<h3 class=\"font_2\" style=\"text-align: center;\">Cafeteria<\/h3>\n<p class=\"font_2\" style=\"text-align: center;\">Nachdem wir die Strau\u00dfe kennengelernt und all diese Emotionen erlebt haben, sind wir hungrig! Na toll, wir bieten Ihnen einen schattigen Platz, an dem Sie Ihr eigenes Picknick mitbringen und die Landschaft genie\u00dfen k\u00f6nnen. Wir bieten auch alkoholfreie Getr\u00e4nke, Kaffee und Eis an.<\/p>\n<p>[\/vc_column_text][vc_btn title=&#8220;Weitere Informationen&#8220; style=&#8220;outline&#8220; color=&#8220;orange&#8220; align=&#8220;center&#8220; link=&#8220;url:https%3A%2F%2Fwww.artestruzmallorca.com%2Fde%2Fcafeteria%2F|title:Cafeteria&#8220;][\/vc_column][vc_column width=&#8220;1\/2&#8243; css=&#8220;.vc_custom_1626281995914{background: #faf7f3 url(https:\/\/bazan-lab.com\/Artestruz\/wp-content\/uploads\/2020\/10\/cafeteria.jpg?id=845) !important;background-position: center !important;background-repeat: no-repeat !important;background-size: cover !important;}&#8220;][vc_empty_space height=&#8220;452px&#8220;][\/vc_column][\/vc_row][vc_row full_width=&#8220;stretch_row&#8220; equal_height=&#8220;yes&#8220; content_placement=&#8220;middle&#8220; anchor_wrap_section=&#8220;no&#8220; use_container=&#8220;yes&#8220;][vc_column width=&#8220;1\/2&#8243; css=&#8220;.vc_custom_1626278374643{background: #faf7f3 url(https:\/\/bazan-lab.com\/Artestruz\/wp-content\/uploads\/2021\/07\/DSC00227-copia.jpg?id=826) !important;background-position: center !important;background-repeat: no-repeat !important;background-size: cover !important;}&#8220;][vc_empty_space height=&#8220;452px&#8220;][\/vc_column][vc_column width=&#8220;1\/2&#8243; css=&#8220;.vc_custom_1626276912099{background-color: #faf7f3 !important;}&#8220;][vc_column_text]<\/p>\n<h3 class=\"font_2\" style=\"text-align: center;\"><span class=\"color_23\" style=\"color: #000000;\">Boutique<\/span><\/h3>\n<p class=\"font_2\" style=\"text-align: center;\">Artestruz ist eine Besucherfarm, aber sie ist auch viel mehr. Unsere Lebenserfahrung hat uns gelehrt, mit verschiedenen Branchen in Kontakt zu sein. Kommen Sie und entdecken Sie exotische, handgefertigte Produkte, die auf Mallorca hergestellt werden.<\/p>\n<p>[\/vc_column_text][vc_btn title=&#8220;Besuchen Sie!&#8220; style=&#8220;outline&#8220; color=&#8220;orange&#8220; align=&#8220;center&#8220; link=&#8220;url:https%3A%2F%2Fwww.artestruzmallorca.com%2Fde%2Fboutique-kunsthandwerk-avestruz-mallorca%2F|title:Boutique&#8220;][\/vc_column][\/vc_row][vc_row full_width=&#8220;stretch_row&#8220; equal_height=&#8220;yes&#8220; content_placement=&#8220;middle&#8220; anchor_wrap_section=&#8220;no&#8220; use_container=&#8220;yes&#8220;][vc_column width=&#8220;1\/2&#8243; css=&#8220;.vc_custom_1626276912099{background-color: #faf7f3 !important;}&#8220;][vc_column_text]<\/p>\n<h3 class=\"font_2\" style=\"text-align: center;\">Geburtstag<\/h3>\n<p><strong>Machen Sie Ihren Geburtstag bei Artestruz unvergesslich<\/strong><\/p>\n<p>Feiern Sie Ihren Geburtstag auf einzigartige und aufregende Weise in Artestruz, umgeben von Natur und in Gesellschaft unserer bezaubernden Strau\u00dfe. Wir bieten Menschen jeden Alters ein unvergessliches Erlebnis und sorgen f\u00fcr Spa\u00df und besondere Momente, die ein Leben lang anhalten.[\/vc_column_text][vc_btn title=&#8220;Weitere Informationen&#8220; style=&#8220;outline&#8220; color=&#8220;orange&#8220; align=&#8220;center&#8220; link=&#8220;url:https%3A%2F%2Fwww.artestruzmallorca.com%2Fde%2Fcumples%2F|title:Geburtstag&#8220;][\/vc_column][vc_column width=&#8220;1\/2&#8243; css=&#8220;.vc_custom_1717075524590{background: #faf7f3 url(https:\/\/www.artestruzmallorca.com\/wp-content\/uploads\/2023\/03\/WhatsApp-Image-2023-03-02-at-20.41.31-2.jpeg?id=6855) !important;background-position: center !important;background-repeat: no-repeat !important;background-size: cover !important;}&#8220;][vc_empty_space height=&#8220;452px&#8220;][\/vc_column][\/vc_row][vc_row full_width=&#8220;stretch_row&#8220; equal_height=&#8220;yes&#8220; content_placement=&#8220;middle&#8220; anchor_wrap_section=&#8220;no&#8220; use_container=&#8220;yes&#8220; el_id=&#8220;sunset&#8220;][vc_column width=&#8220;1\/2&#8243; css=&#8220;.vc_custom_1717075386369{background: #faf7f3 url(https:\/\/www.artestruzmallorca.com\/wp-content\/uploads\/2023\/03\/Sunset-Experience-Artestruz-02.jpg?id=6943) !important;background-position: center !important;background-repeat: no-repeat !important;background-size: cover !important;}&#8220;][vc_empty_space height=&#8220;452px&#8220;][\/vc_column][vc_column width=&#8220;1\/2&#8243; css=&#8220;.vc_custom_1626276912099{background-color: #faf7f3 !important;}&#8220;][vc_column_text]<\/p>\n<h3 class=\"font_2\" style=\"text-align: center;\">Savannah Sunset<\/h3>\n<p style=\"text-align: center;\">Tauchen Sie jeden Mittwoch in ein einzigartiges und unvergessliches Erlebnis ein und genie\u00dfen Sie die Majest\u00e4t eines Sonnenuntergangs in Gesellschaft unserer faszinierenden Strau\u00dfe.<\/p>\n<p>[\/vc_column_text][vc_btn title=&#8220;Sunset&#8220; style=&#8220;outline&#8220; color=&#8220;orange&#8220; align=&#8220;center&#8220; link=&#8220;url:https%3A%2F%2Fwww.artestruzmallorca.com%2Fde%2Fsunset%2F|title:Sunset&#8220;][vc_column_text]<\/p>\n<h3 class=\"font_2\" style=\"text-align: center;\">Full Moon &amp; Sunset<\/h3>\n<p style=\"text-align: center;\">Bei jedem Vollmond laden wir Sie ein, den Zauber des Vollmondaufgangs zu entdecken.<\/p>\n<p>[\/vc_column_text][vc_btn title=&#8220;Full Moon&#8220; style=&#8220;outline&#8220; color=&#8220;orange&#8220; align=&#8220;center&#8220; link=&#8220;url:https%3A%2F%2Fwww.artestruzmallorca.com%2Fde%2Ffull-moon%2F|title:Sunset&#8220;][\/vc_column][\/vc_row][vc_row full_width=&#8220;stretch_row&#8220; equal_height=&#8220;yes&#8220; content_placement=&#8220;middle&#8220; anchor_wrap_section=&#8220;no&#8220; use_container=&#8220;yes&#8220;][vc_column width=&#8220;1\/2&#8243; css=&#8220;.vc_custom_1626276912099{background-color: #faf7f3 !important;}&#8220;][vc_column_text]<\/p>\n<h3 class=\"font_2\" style=\"text-align: center;\"><span class=\"color_23\" style=\"color: #000000;\">Veranstaltungen und incentives<\/span><\/h3>\n<p class=\"font_2\" style=\"text-align: center;\">Die Entdeckung von Artestruz ist eine sehr interessante Aktivit\u00e4t, die man in einer Gruppe unternehmen kann. Sch\u00e4tzen Sie die Natur, kommen Sie in Kontakt mit Tieren, die eine lustige Zeit garantieren, und gipfeln Sie mit einem originellen gastronomischen Erlebnis und einem Besuch in der Boutique.<\/p>\n<p>[\/vc_column_text][vc_btn title=&#8220;Weitere Informationen&#8220; style=&#8220;outline&#8220; color=&#8220;orange&#8220; align=&#8220;center&#8220; link=&#8220;url:https%3A%2F%2Fwww.artestruzmallorca.com%2Fde%2Fereignisse-incentives%2F|title:Veranstaltungen%20und%20incentives&#8220;][\/vc_column][vc_column width=&#8220;1\/2&#8243; css=&#8220;.vc_custom_1626277676214{background: #faf7f3 url(https:\/\/bazan-lab.com\/Artestruz\/wp-content\/uploads\/2021\/05\/artestruz-mallorca-avestruz-familia-ostrich-entretenimiento-granja-actividades-baleares-1.jpg?id=622) !important;background-position: center !important;background-repeat: no-repeat !important;background-size: cover !important;}&#8220;][vc_empty_space height=&#8220;452px&#8220;][\/vc_column][\/vc_row][vc_row full_width=&#8220;stretch_row&#8220; equal_height=&#8220;yes&#8220; content_placement=&#8220;middle&#8220; anchor_wrap_section=&#8220;no&#8220; use_container=&#8220;yes&#8220;][vc_column width=&#8220;1\/2&#8243; css=&#8220;.vc_custom_1721296019014{background: #faf7f3 url(https:\/\/www.artestruzmallorca.com\/wp-content\/uploads\/2024\/07\/b-ustru-z-5.png?id=11590) !important;background-position: center !important;background-repeat: no-repeat !important;background-size: cover !important;}&#8220;][vc_empty_space height=&#8220;452px&#8220;][\/vc_column][vc_column width=&#8220;1\/2&#8243; css=&#8220;.vc_custom_1626276912099{background-color: #faf7f3 !important;}&#8220;][vc_column_text]<\/p>\n<p style=\"text-align: center;\"><strong>\u00dcberweisen<\/strong><\/p>\n<p style=\"text-align: center;\"><strong>Von Colonia de Sant Jordi<\/strong><\/p>\n<p style=\"text-align: center;\">Haben Sie keine M\u00f6glichkeit, nach Artestruz zu gelangen? Keine Sorge, wir haben einen Transfer f\u00fcr Sie organisiert! Wenn Sie 48 Stunden im Voraus reservieren und wir eine Mindestteilnehmerzahl von 20 Personen erreichen, k\u00f6nnen Sie die Gesellschaft unserer Strau\u00dfe genie\u00dfen, ohne den Anweisungen auf Google Maps folgen zu m\u00fcssen.<\/p>\n<p>[\/vc_column_text][vc_btn title=&#8220;Transfer&#8220; style=&#8220;outline&#8220; color=&#8220;orange&#8220; align=&#8220;center&#8220; link=&#8220;url:https%3A%2F%2Fwww.artestruzmallorca.com%2Fen%2Ftransfer|title:Transfer&#8220;][\/vc_column][\/vc_row]<\/p>\n","protected":false},"excerpt":{"rendered":"<p>[vc_row motts_theme_padding=&#8220;no&#8220; css=&#8220;.vc_custom_1603778328251{margin-right: 0px !important;margin-left: 0px !important;}&#8220;][vc_column css=&#8220;.vc_custom_1603778320534{padding-right: 0px !important;padding-left: 0px !important;}&#8220;][ts_hero_slider hero_slider=&#8220;47&#8243;][\/vc_column][\/vc_row][vc_row content_placement=&#8220;middle&#8220; motts_theme_padding=&#8220;no&#8220; use_container=&#8220;yes&#8220; css=&#8220;.vc_custom_1603961915955{padding-top: 100px !important;}&#8220;][vc_column offset=&#8220;vc_col-md-6&#8243;][ts_side_content display_button=&#8220;show&#8220; button_label=&#8220;BESUCHEN&#8220; button_url=&#8220;https:\/\/www.artestruzmallorca.com\/de\/artestruz-besuch\/&#8220; tagline=&#8220;Welcome&#8220; title=&#8220;Agricultural seed market, whilst our farm traders&#8220; description=&#8220;Wild flowers , plants and fungi are the life support for all our wildlife and their colour and character light up our landscapes. But [&hellip;]<\/p>\n","protected":false},"author":1,"featured_media":0,"parent":0,"menu_order":0,"comment_status":"closed","ping_status":"closed","template":"page-builder.php","meta":{"footnotes":""},"class_list":["post-2154","page","type-page","status-publish","hentry"],"_links":{"self":[{"href":"https:\/\/www.artestruzmallorca.com\/de\/wp-json\/wp\/v2\/pages\/2154","targetHints":{"allow":["GET"]}}],"collection":[{"href":"https:\/\/www.artestruzmallorca.com\/de\/wp-json\/wp\/v2\/pages"}],"about":[{"href":"https:\/\/www.artestruzmallorca.com\/de\/wp-json\/wp\/v2\/types\/page"}],"author":[{"embeddable":true,"href":"https:\/\/www.artestruzmallorca.com\/de\/wp-json\/wp\/v2\/users\/1"}],"replies":[{"embeddable":true,"href":"https:\/\/www.artestruzmallorca.com\/de\/wp-json\/wp\/v2\/comments?post=2154"}],"version-history":[{"count":21,"href":"https:\/\/www.artestruzmallorca.com\/de\/wp-json\/wp\/v2\/pages\/2154\/revisions"}],"predecessor-version":[{"id":11970,"href":"https:\/\/www.artestruzmallorca.com\/de\/wp-json\/wp\/v2\/pages\/2154\/revisions\/11970"}],"wp:attachment":[{"href":"https:\/\/www.artestruzmallorca.com\/de\/wp-json\/wp\/v2\/media?parent=2154"}],"curies":[{"name":"wp","href":"https:\/\/api.w.org\/{rel}","templated":true}]}}