{"id":2151,"date":"2021-07-04T10:14:48","date_gmt":"2021-07-04T10:14:48","guid":{"rendered":"https:\/\/bazan-lab.com\/Artestruz\/eventos-e-incentivos\/"},"modified":"2024-05-30T13:56:10","modified_gmt":"2024-05-30T11:56:10","slug":"ereignisse-incentives","status":"publish","type":"page","link":"https:\/\/www.artestruzmallorca.com\/de\/ereignisse-incentives\/","title":{"rendered":"Veranstaltungen und Incentives"},"content":{"rendered":"<p>[vc_row anchor_wrap_section=&#8220;no&#8220;][vc_column][ts_section_title color=&#8220;#81d742&#8243; title=&#8220;Ein einzigartiger Raum f\u00fcr eine exotische, \u00fcberraschende und unvergessliche Veranstaltung.&#8220;][\/vc_column][vc_column width=&#8220;1\/2&#8243;][ts_side_content position=&#8220;right&#8220;]Artestruz ist ein idealer Ort f\u00fcr Gruppen von bis zu 60 Personen. Intim, eigenartig, exotisch und liebenswert. Unser Raum weckt Emotionen, hilft dem Einzelnen, Teil der Masse zu sein, und l\u00e4sst vor allem niemanden gleichg\u00fcltig.<\/p>\n<p>Eine Veranstaltung im Artestruz sorgt f\u00fcr Spannung, Spa\u00df, Momente der Z\u00e4rtlichkeit und des Staunens. Wenn Sie in der Gruppe zusammenkommen und mit den Strau\u00dfen interagieren, werden Sie sch\u00f6ne Erinnerungen haben, die Sie kaum vergessen werden. F\u00fcr noch mehr Spa\u00df und Abenteuer f\u00fcgen Sie ein originelles kulinarisches Erlebnis hinzu, zum Beispiel mit einem riesigen gebratenen Strau\u00dfenei, bei einer kleinen Verkostung f\u00fcr bis zu 60 Personen.<\/p>\n<p>Kontaktieren Sie uns f\u00fcr verschiedene Optionen und Preise.[\/ts_side_content][\/vc_column][vc_column width=&#8220;1\/2&#8243;][ts_side_slider details=&#8220;%5B%7B%22image%22%3A%22759%22%7D%2C%7B%22image%22%3A%22758%22%7D%2C%7B%22image%22%3A%22607%22%7D%2C%7B%22image%22%3A%22837%22%7D%5D&#8220;][vc_empty_space][\/vc_column][\/vc_row]<\/p>\n","protected":false},"excerpt":{"rendered":"<p>[vc_row anchor_wrap_section=&#8220;no&#8220;][vc_column][ts_section_title color=&#8220;#81d742&#8243; title=&#8220;Ein einzigartiger Raum f\u00fcr eine exotische, \u00fcberraschende und unvergessliche Veranstaltung.&#8220;][\/vc_column][vc_column width=&#8220;1\/2&#8243;][ts_side_content position=&#8220;right&#8220;]Artestruz ist ein idealer Ort f\u00fcr Gruppen von bis zu 60 Personen. Intim, eigenartig, exotisch und liebenswert. Unser Raum weckt Emotionen, hilft dem Einzelnen, Teil der Masse zu sein, und l\u00e4sst vor allem niemanden gleichg\u00fcltig. Eine Veranstaltung im Artestruz sorgt f\u00fcr [&hellip;]<\/p>\n","protected":false},"author":2,"featured_media":0,"parent":0,"menu_order":0,"comment_status":"closed","ping_status":"closed","template":"","meta":{"footnotes":""},"class_list":["post-2151","page","type-page","status-publish","hentry"],"_links":{"self":[{"href":"https:\/\/www.artestruzmallorca.com\/de\/wp-json\/wp\/v2\/pages\/2151","targetHints":{"allow":["GET"]}}],"collection":[{"href":"https:\/\/www.artestruzmallorca.com\/de\/wp-json\/wp\/v2\/pages"}],"about":[{"href":"https:\/\/www.artestruzmallorca.com\/de\/wp-json\/wp\/v2\/types\/page"}],"author":[{"embeddable":true,"href":"https:\/\/www.artestruzmallorca.com\/de\/wp-json\/wp\/v2\/users\/2"}],"replies":[{"embeddable":true,"href":"https:\/\/www.artestruzmallorca.com\/de\/wp-json\/wp\/v2\/comments?post=2151"}],"version-history":[{"count":13,"href":"https:\/\/www.artestruzmallorca.com\/de\/wp-json\/wp\/v2\/pages\/2151\/revisions"}],"predecessor-version":[{"id":11065,"href":"https:\/\/www.artestruzmallorca.com\/de\/wp-json\/wp\/v2\/pages\/2151\/revisions\/11065"}],"wp:attachment":[{"href":"https:\/\/www.artestruzmallorca.com\/de\/wp-json\/wp\/v2\/media?parent=2151"}],"curies":[{"name":"wp","href":"https:\/\/api.w.org\/{rel}","templated":true}]}}