{"id":2145,"date":"2021-07-04T10:12:52","date_gmt":"2021-07-04T10:12:52","guid":{"rendered":"https:\/\/bazan-lab.com\/Artestruz\/cafeteria-y-cocina-abierta\/"},"modified":"2026-04-11T10:38:54","modified_gmt":"2026-04-11T08:38:54","slug":"cafeteria","status":"publish","type":"page","link":"https:\/\/www.artestruzmallorca.com\/de\/cafeteria\/","title":{"rendered":"Cafeteria"},"content":{"rendered":"<p>[vc_row anchor_wrap_section=&#8220;no&#8220; use_container=&#8220;yes&#8220; conter_content=&#8220;yes&#8220;][vc_column][vc_cta h2=&#8220;&#8220; style=&#8220;outline&#8220; color=&#8220;green&#8220; css=&#8220;.vc_custom_1772357112422{background-color: #ffffff !important;}&#8220;]\u2139\ufe0f Der Zugang zur Cafeteria ist nur mit Eintritt in Artestruz m\u00f6glich (Eintritt ist immer zu bezahlen).<br data-start=\"1417\" data-end=\"1420\" \/>\ud83d\udd51 Die K\u00fcche schlie\u00dft um 15:00 Uhr.<br data-start=\"1455\" data-end=\"1458\" \/>\ud83e\uddfa Eigene Speisen und Getr\u00e4nke d\u00fcrfen mitgebracht und an den Tischen der Cafeteria verzehrt werden.<br data-start=\"1557\" data-end=\"1560\" \/>\ud83d\udd25 <a href=\"https:\/\/www.artestruzmallorca.com\/bbq\/\">Grillen<\/a> ist hier m\u00f6glich.<br data-start=\"1611\" data-end=\"1614\" \/>\ud83e\udda9 Selbstbedienung: Bitte an der Bar bestellen, Speisen abholen und anschlie\u00dfend alles zum Servicewagen zur\u00fcckbringen.[\/vc_cta][\/vc_column][\/vc_row][vc_row use_container=&#8220;yes&#8220; conter_content=&#8220;yes&#8220;][vc_column][vc_column_text]    <div class=\"artestruz-menu\">\r\n\r\n      <!-- 1) Main dishes (ready plates) -->\r\n              <div class=\"artestruz-menu-section artestruz-menu-section-recomendaciones\">\r\n          <h2>Hauptgerichte<\/h2>\r\n          <ul class=\"artestruz-menu-list\">\r\n                          <li class=\"artestruz-menu-item\">\r\n                <div class=\"artestruz-menu-row\">\r\n                  <div class=\"artestruz-menu-left\">\r\n                    <div class=\"artestruz-menu-name\">1. Zwei H\u00e4hnchenspie\u00dfe mit Reis und Salat<\/div>\r\n                  <\/div>\r\n                  <div class=\"artestruz-menu-price\">14 \u20ac<\/div>\r\n                <\/div>\r\n\r\n                \r\n                              <\/li>\r\n                          <li class=\"artestruz-menu-item\">\r\n                <div class=\"artestruz-menu-row\">\r\n                  <div class=\"artestruz-menu-left\">\r\n                    <div class=\"artestruz-menu-name\">2. Hummus mit zwei Pitas und kleinem Salat<\/div>\r\n                  <\/div>\r\n                  <div class=\"artestruz-menu-price\">12 \u20ac<\/div>\r\n                <\/div>\r\n\r\n                                  <div class=\"artestruz-menu-desc\">2 Spiegeleier hinzuf\u00fcgen +2 \u20ac<\/div>\r\n                \r\n                              <\/li>\r\n                          <li class=\"artestruz-menu-item\">\r\n                <div class=\"artestruz-menu-row\">\r\n                  <div class=\"artestruz-menu-left\">\r\n                    <div class=\"artestruz-menu-name\">3. 6 Nuggets mit Pommes<\/div>\r\n                  <\/div>\r\n                  <div class=\"artestruz-menu-price\">9,5 \u20ac<\/div>\r\n                <\/div>\r\n\r\n                \r\n                              <\/li>\r\n                          <li class=\"artestruz-menu-item\">\r\n                <div class=\"artestruz-menu-row\">\r\n                  <div class=\"artestruz-menu-left\">\r\n                    <div class=\"artestruz-menu-name\">4. Hausgemachte Strau\u00dfenfleischb\u00e4llchen in Tomatenso\u00dfe (3 St\u00fcck) mit wei\u00dfem Reis und Brot<\/div>\r\n                  <\/div>\r\n                  <div class=\"artestruz-menu-price\">15 \u20ac<\/div>\r\n                <\/div>\r\n\r\n                \r\n                              <\/li>\r\n                          <li class=\"artestruz-menu-item\">\r\n                <div class=\"artestruz-menu-row\">\r\n                  <div class=\"artestruz-menu-left\">\r\n                    <div class=\"artestruz-menu-name\">5. Strau\u00dfen Mini-bite-Burger<\/div>\r\n                  <\/div>\r\n                  <div class=\"artestruz-menu-price\">2.5 \u20ac<\/div>\r\n                <\/div>\r\n\r\n                                  <div class=\"artestruz-menu-desc\">Mini-Strau\u00dfenburger mit Mayonnaise, Gurke, karamellisierten Zwiebeln und roter Paprika<\/div>\r\n                \r\n                              <\/li>\r\n                          <li class=\"artestruz-menu-item\">\r\n                <div class=\"artestruz-menu-row\">\r\n                  <div class=\"artestruz-menu-left\">\r\n                    <div class=\"artestruz-menu-name\">Burger mit Pommes<\/div>\r\n                  <\/div>\r\n                  <div class=\"artestruz-menu-price\">12 \u20ac<\/div>\r\n                <\/div>\r\n\r\n                                  <div class=\"artestruz-menu-desc\">Burger mit Salat, Tomate, K\u00e4se, karamellisierten Zwiebeln und Barbecue-Sauce, serviert mit Pommes frites<\/div>\r\n                \r\n                              <\/li>\r\n                      <\/ul>\r\n        <\/div>\r\n      \r\n      <!-- 2) Headline-only section -->\r\n<div class=\"artestruz-menu-section artestruz-menu-section-build-headline\">\r\n  <h2>Stellen Sie Ihren Teller zusammen<\/h2>\r\n  <div class=\"artestruz-menu-build-subtitle\">\r\n    W\u00e4hle dein Protein \u2022 \r\n      W\u00e4hle dein Beilage \u2022 \r\n      Extras  <\/div>\r\n<\/div>\r\n\r\n      <!-- 3) Build your own plate: protein \/ side \/ add-ons -->\r\n                      <div class=\"artestruz-menu-section artestruz-menu-section-principal\">\r\n          <h2>W\u00e4hle dein Protein<\/h2>\r\n          <ul class=\"artestruz-menu-list\">\r\n                          <li class=\"artestruz-menu-item\">\r\n                <div class=\"artestruz-menu-row\">\r\n                  <div class=\"artestruz-menu-left\">\r\n                    <div class=\"artestruz-menu-name\">Hausgemachter Hummus<\/div>\r\n                  <\/div>\r\n                  <div class=\"artestruz-menu-price\">6,5 \u20ac<\/div>\r\n                <\/div>\r\n\r\n                \r\n                              <\/li>\r\n                          <li class=\"artestruz-menu-item\">\r\n                <div class=\"artestruz-menu-row\">\r\n                  <div class=\"artestruz-menu-left\">\r\n                    <div class=\"artestruz-menu-name\">Hausgemachte Strau\u00dfenfleischb\u00e4llchen in Tomatensauce (3 Stk.)<\/div>\r\n                  <\/div>\r\n                  <div class=\"artestruz-menu-price\">12 \u20ac<\/div>\r\n                <\/div>\r\n\r\n                                  <div class=\"artestruz-menu-desc\">Fleischb\u00e4llchen mit Zwiebel, Zucchini und Karotte<\/div>\r\n                \r\n                              <\/li>\r\n                          <li class=\"artestruz-menu-item\">\r\n                <div class=\"artestruz-menu-row\">\r\n                  <div class=\"artestruz-menu-left\">\r\n                    <div class=\"artestruz-menu-name\">Spiegelei<\/div>\r\n                  <\/div>\r\n                  <div class=\"artestruz-menu-price\">2 \u20ac<\/div>\r\n                <\/div>\r\n\r\n                \r\n                              <\/li>\r\n                          <li class=\"artestruz-menu-item\">\r\n                <div class=\"artestruz-menu-row\">\r\n                  <div class=\"artestruz-menu-left\">\r\n                    <div class=\"artestruz-menu-name\">H\u00fchnernuggets (4 Stk)<\/div>\r\n                  <\/div>\r\n                  <div class=\"artestruz-menu-price\">4,5 \u20ac<\/div>\r\n                <\/div>\r\n\r\n                \r\n                              <\/li>\r\n                          <li class=\"artestruz-menu-item\">\r\n                <div class=\"artestruz-menu-row\">\r\n                  <div class=\"artestruz-menu-left\">\r\n                    <div class=\"artestruz-menu-name\">H\u00e4hnchenspie\u00df<\/div>\r\n                  <\/div>\r\n                  <div class=\"artestruz-menu-price\">4 \u20ac<\/div>\r\n                <\/div>\r\n\r\n                \r\n                              <\/li>\r\n                      <\/ul>\r\n        <\/div>\r\n                      <div class=\"artestruz-menu-section artestruz-menu-section-guarnicion\">\r\n          <h2>W\u00e4hle dein Beilage<\/h2>\r\n          <ul class=\"artestruz-menu-list\">\r\n                          <li class=\"artestruz-menu-item\">\r\n                <div class=\"artestruz-menu-row\">\r\n                  <div class=\"artestruz-menu-left\">\r\n                    <div class=\"artestruz-menu-name\">Pommes frites<\/div>\r\n                  <\/div>\r\n                  <div class=\"artestruz-menu-price\">4 \u20ac<\/div>\r\n                <\/div>\r\n\r\n                \r\n                              <\/li>\r\n                          <li class=\"artestruz-menu-item\">\r\n                <div class=\"artestruz-menu-row\">\r\n                  <div class=\"artestruz-menu-left\">\r\n                    <div class=\"artestruz-menu-name\">Wei\u00dfer Reis<\/div>\r\n                  <\/div>\r\n                  <div class=\"artestruz-menu-price\">3 \u20ac<\/div>\r\n                <\/div>\r\n\r\n                \r\n                              <\/li>\r\n                          <li class=\"artestruz-menu-item\">\r\n                <div class=\"artestruz-menu-row\">\r\n                  <div class=\"artestruz-menu-left\">\r\n                    <div class=\"artestruz-menu-name\">Frischer Salat<\/div>\r\n                  <\/div>\r\n                  <div class=\"artestruz-menu-price\">4,5 \u20ac<\/div>\r\n                <\/div>\r\n\r\n                \r\n                              <\/li>\r\n                          <li class=\"artestruz-menu-item\">\r\n                <div class=\"artestruz-menu-row\">\r\n                  <div class=\"artestruz-menu-left\">\r\n                    <div class=\"artestruz-menu-name\">Pitabrot<\/div>\r\n                  <\/div>\r\n                  <div class=\"artestruz-menu-price\">1,5 \u20ac<\/div>\r\n                <\/div>\r\n\r\n                \r\n                              <\/li>\r\n                          <li class=\"artestruz-menu-item\">\r\n                <div class=\"artestruz-menu-row\">\r\n                  <div class=\"artestruz-menu-left\">\r\n                    <div class=\"artestruz-menu-name\">Glutenfreies Br\u00f6tchen<\/div>\r\n                  <\/div>\r\n                  <div class=\"artestruz-menu-price\">3 \u20ac<\/div>\r\n                <\/div>\r\n\r\n                \r\n                              <\/li>\r\n                      <\/ul>\r\n        <\/div>\r\n                      <div class=\"artestruz-menu-section artestruz-menu-section-extra\">\r\n          <h2>Extras<\/h2>\r\n          <ul class=\"artestruz-menu-list\">\r\n                          <li class=\"artestruz-menu-item\">\r\n                <div class=\"artestruz-menu-row\">\r\n                  <div class=\"artestruz-menu-left\">\r\n                    <div class=\"artestruz-menu-name\">Strau\u00dfenpastete<\/div>\r\n                  <\/div>\r\n                  <div class=\"artestruz-menu-price\">8 \u20ac<\/div>\r\n                <\/div>\r\n\r\n                \r\n                              <\/li>\r\n                          <li class=\"artestruz-menu-item\">\r\n                <div class=\"artestruz-menu-row\">\r\n                  <div class=\"artestruz-menu-left\">\r\n                    <div class=\"artestruz-menu-name\">Strau\u00dfensalami<\/div>\r\n                  <\/div>\r\n                  <div class=\"artestruz-menu-price\">7 \u20ac<\/div>\r\n                <\/div>\r\n\r\n                \r\n                              <\/li>\r\n                          <li class=\"artestruz-menu-item\">\r\n                <div class=\"artestruz-menu-row\">\r\n                  <div class=\"artestruz-menu-left\">\r\n                    <div class=\"artestruz-menu-name\">Strau\u00dfenchorizo<\/div>\r\n                  <\/div>\r\n                  <div class=\"artestruz-menu-price\">7 \u20ac<\/div>\r\n                <\/div>\r\n\r\n                                  <div class=\"artestruz-menu-desc\">Leicht abgefl\u00e4mmt<\/div>\r\n                \r\n                              <\/li>\r\n                      <\/ul>\r\n        <\/div>\r\n      \r\n    <\/div>\r\n  [\/vc_column_text][\/vc_column][\/vc_row][vc_row content_placement=&#8220;middle&#8220; anchor_wrap_section=&#8220;no&#8220; use_container=&#8220;yes&#8220; conter_content=&#8220;yes&#8220;][vc_column][vc_empty_space][vc_tta_tour][vc_tta_section title=&#8220;Getr\u00e4nke&#8220; tab_id=&#8220;1626777444171-58ec1efe-b1e4edfe-7ee2&#8243;][vc_column_text]<\/p>\n<p style=\"text-align: left;\">Wasser \/ Sprudelwasser &#8230;&#8230;&#8230;&#8230;&#8230;.. 2,50\u20ac<br \/>\nFlasche Wasser 1,5L &#8230;&#8230;&#8230;&#8230;&#8230;&#8230; 3\u20ac<br \/>\nCola \/ Zero &#8230;&#8230;&#8230;&#8230;.. 2,50\u20ac<br \/>\nFanta Orange \/ Zitrone &#8230;&#8230;&#8230;&#8230;&#8230; 2,50\u20ac<br \/>\nSprite &#8230;&#8230;&#8230;&#8230;&#8230;&#8230;&#8230;&#8230;&#8230;&#8230;&#8230;&#8230; 2,50\u20ac<br \/>\nAquarius &#8230;&#8230;&#8230;&#8230;&#8230;&#8230;&#8230;&#8230;&#8230;&#8230;&#8230;&#8230; 2,50\u20ac<br \/>\nNestea Zitrone &#8230;&#8230;&#8230;&#8230;&#8230;&#8230;&#8230;&#8230;&#8230;&#8230;&#8230;&#8230;&#8230;. 2,50\u20ac<br \/>\nFrischer Orangensaft &#8230;&#8230;&#8230; 3,50\u20ac<\/p>\n<p style=\"text-align: left;\"><strong>Bier<\/strong><br \/>\nEstrella de Galicia &#8230;&#8230;.. 3\u20ac<br \/>\nGlutenfreies Bier \u2026\u2026.. 3\u20ac<br \/>\nFalke Tostada 0,0% &#8230;&#8230;.. 3\u20ac<br \/>\nGlutenfreies Bier 0,0% \u2026\u2026.. 3\u20ac<br \/>\nShandy &#8230;&#8230;&#8230;&#8230;. 3\u20ac<\/p>\n<p style=\"text-align: left;\">Glas Wein (rot, wei\u00df, ros\u00e9) &#8230;&#8230;&#8230;.. 4\u20ac<br \/>\nFlasche Cava 20cl &#8230;&#8230;&#8230;&#8230; 6\u20ac<br \/>\nHierbas&#8230;&#8230;&#8230;&#8230;&#8230;. 3,5 \u20ac<\/p>\n<p>[\/vc_column_text][\/vc_tta_section][vc_tta_section title=&#8220;Kaffee&#8220; tab_id=&#8220;1626780284900-2bbf70bc-2fb0edfe-7ee2&#8243;][vc_column_text]Espresso \/ Kaffee nur &#8230;&#8230;&#8230;. 2\u20ac<br \/>\nEspresso doppelt &#8230;&#8230;&#8230;.. 3\u20ac<br \/>\nAmericano 2,50\u20ac<br \/>\nKaffee mit Milch &#8230;&#8230;&#8230;&#8230; 2,50\u20ac<br \/>\nCappuccino &#8230;&#8230;&#8230;&#8230;&#8230;. 4\u20ac<br \/>\nLatte machiato &#8230;&#8230;&#8230;.. 4,50\u20ac[\/vc_column_text][\/vc_tta_section][vc_tta_section title=&#8220;Tees&#8220; tab_id=&#8220;1655986081385-d63dcbf7-7805edfe-7ee2&#8243;][vc_column_text]Schwarzer Tee &#8230;&#8230;.. 2,50\u20ac<br \/>\nGr\u00fcner Tee &#8230;&#8230;.. 2,50\u20ac<br \/>\nRooibos-Vanille und Sonnenblumenbl\u00e4tter &#8230;&#8230;.. 2,50\u20ac<br \/>\nKamille &#8230;&#8230;.. 2,50\u20ac[\/vc_column_text][\/vc_tta_section][\/vc_tta_tour][\/vc_column][\/vc_row]<\/p>\n","protected":false},"excerpt":{"rendered":"<p>[vc_row anchor_wrap_section=&#8220;no&#8220; use_container=&#8220;yes&#8220; conter_content=&#8220;yes&#8220;][vc_column][vc_cta h2=&#8220;&#8220; style=&#8220;outline&#8220; color=&#8220;green&#8220; css=&#8220;.vc_custom_1772357112422{background-color: #ffffff !important;}&#8220;]\u2139\ufe0f Der Zugang zur Cafeteria ist nur mit Eintritt in Artestruz m\u00f6glich (Eintritt ist immer zu bezahlen).\ud83d\udd51 Die K\u00fcche schlie\u00dft um 15:00 Uhr.\ud83e\uddfa Eigene Speisen und Getr\u00e4nke d\u00fcrfen mitgebracht und an den Tischen der Cafeteria verzehrt werden.\ud83d\udd25 Grillen ist hier m\u00f6glich.\ud83e\udda9 Selbstbedienung: Bitte an der Bar [&hellip;]<\/p>\n","protected":false},"author":2,"featured_media":0,"parent":0,"menu_order":0,"comment_status":"closed","ping_status":"closed","template":"","meta":{"footnotes":""},"class_list":["post-2145","page","type-page","status-publish","hentry"],"_links":{"self":[{"href":"https:\/\/www.artestruzmallorca.com\/de\/wp-json\/wp\/v2\/pages\/2145","targetHints":{"allow":["GET"]}}],"collection":[{"href":"https:\/\/www.artestruzmallorca.com\/de\/wp-json\/wp\/v2\/pages"}],"about":[{"href":"https:\/\/www.artestruzmallorca.com\/de\/wp-json\/wp\/v2\/types\/page"}],"author":[{"embeddable":true,"href":"https:\/\/www.artestruzmallorca.com\/de\/wp-json\/wp\/v2\/users\/2"}],"replies":[{"embeddable":true,"href":"https:\/\/www.artestruzmallorca.com\/de\/wp-json\/wp\/v2\/comments?post=2145"}],"version-history":[{"count":158,"href":"https:\/\/www.artestruzmallorca.com\/de\/wp-json\/wp\/v2\/pages\/2145\/revisions"}],"predecessor-version":[{"id":12868,"href":"https:\/\/www.artestruzmallorca.com\/de\/wp-json\/wp\/v2\/pages\/2145\/revisions\/12868"}],"wp:attachment":[{"href":"https:\/\/www.artestruzmallorca.com\/de\/wp-json\/wp\/v2\/media?parent=2145"}],"curies":[{"name":"wp","href":"https:\/\/api.w.org\/{rel}","templated":true}]}}