{"id":2124,"date":"2021-07-04T10:14:18","date_gmt":"2021-07-04T10:14:18","guid":{"rendered":"https:\/\/bazan-lab.com\/Artestruz\/boutique-artesanias-avestruz-mallorca\/"},"modified":"2021-07-21T13:35:27","modified_gmt":"2021-07-21T13:35:27","slug":"boutique-kunsthandwerk-avestruz-mallorca","status":"publish","type":"page","link":"https:\/\/www.artestruzmallorca.com\/de\/boutique-kunsthandwerk-avestruz-mallorca\/","title":{"rendered":"Boutique Artestruz"},"content":{"rendered":"<p>[vc_row content_placement=&#8220;middle&#8220; anchor_wrap_section=&#8220;no&#8220; use_container=&#8220;yes&#8220;][vc_column width=&#8220;1\/2&#8243;][ts_section_title color=&#8220;#81d742&#8243; title=&#8220;Exotisches Kunsthandwerk aus Mallorca&#8220;][vc_column_text]Artestruz ist eine Besucherfarm, aber sie ist auch viel mehr. Unsere Lebenserfahrung hat uns gelehrt, mit verschiedenen Branchen in Kontakt zu sein. Kommen Sie und entdecken Sie exotische, handgefertigte Produkte aus Mallorca und andere internationale Produkte.<\/p>\n<p>Die wichtigsten Industriezweige des Strau\u00dfes sind Leder, Federn, Fleisch, Eier, Eierschalen und \u00d6l.[\/vc_column_text][\/vc_column][vc_column width=&#8220;1\/2&#8243;][ts_side_slider details=&#8220;%5B%7B%22image%22%3A%222050%22%7D%2C%7B%22image%22%3A%222043%22%7D%2C%7B%22image%22%3A%222045%22%7D%2C%7B%22image%22%3A%222047%22%7D%2C%7B%22image%22%3A%222044%22%7D%5D&#8220;][\/vc_column][\/vc_row][vc_row][vc_column][ts_section_title color=&#8220;#81d742&#8243; title=&#8220;Kaufen Sie ein Strau\u00dfenei!&#8220;][\/vc_column][vc_column width=&#8220;1\/2&#8243;][ts_side_slider details=&#8220;%5B%7B%22image%22%3A%221027%22%7D%2C%7B%22image%22%3A%22760%22%7D%2C%7B%22image%22%3A%22744%22%7D%2C%7B%22image%22%3A%22761%22%7D%5D&#8220;][vc_empty_space][\/vc_column][vc_column width=&#8220;1\/2&#8243;][ts_side_content position=&#8220;right&#8220;]Unsere Farm produziert erstaunliche Strau\u00dfeneier. Mit dem Strau\u00dfenei k\u00f6nnen Sie ein erstaunliches und schmackhaftes Spiegelei zubereiten (der Geschmack ist dem eines H\u00fchnereis sehr \u00e4hnlich). Die Muscheln sind ein nat\u00fcrliches, elegantes und einfaches Dekorationsst\u00fcck.<\/p>\n<p>Spa\u00dffakt: 2004 bekamen wir bei Artestruz das gr\u00f6\u00dfte Ei der Welt.<\/p>\n<p>Auf dieser Website k\u00f6nnen Sie Ihre Eier oder Eierschalen kaufen und direkt zu Ihnen nach Hause liefern lassen, so dass Sie das Artestruz-Erlebnis haben k\u00f6nnen, wo immer Sie wollen!<\/p>\n<p>Bald verf\u00fcgbar.[\/ts_side_content][\/vc_column][\/vc_row]<\/p>\n","protected":false},"excerpt":{"rendered":"<p>[vc_row content_placement=&#8220;middle&#8220; anchor_wrap_section=&#8220;no&#8220; use_container=&#8220;yes&#8220;][vc_column width=&#8220;1\/2&#8243;][ts_section_title color=&#8220;#81d742&#8243; title=&#8220;Exotisches Kunsthandwerk aus Mallorca&#8220;][vc_column_text]Artestruz ist eine Besucherfarm, aber sie ist auch viel mehr. Unsere Lebenserfahrung hat uns gelehrt, mit verschiedenen Branchen in Kontakt zu sein. Kommen Sie und entdecken Sie exotische, handgefertigte Produkte aus Mallorca und andere internationale Produkte. Die wichtigsten Industriezweige des Strau\u00dfes sind Leder, Federn, Fleisch, Eier, [&hellip;]<\/p>\n","protected":false},"author":2,"featured_media":0,"parent":0,"menu_order":0,"comment_status":"closed","ping_status":"closed","template":"","meta":{"footnotes":""},"class_list":["post-2124","page","type-page","status-publish","hentry"],"_links":{"self":[{"href":"https:\/\/www.artestruzmallorca.com\/de\/wp-json\/wp\/v2\/pages\/2124","targetHints":{"allow":["GET"]}}],"collection":[{"href":"https:\/\/www.artestruzmallorca.com\/de\/wp-json\/wp\/v2\/pages"}],"about":[{"href":"https:\/\/www.artestruzmallorca.com\/de\/wp-json\/wp\/v2\/types\/page"}],"author":[{"embeddable":true,"href":"https:\/\/www.artestruzmallorca.com\/de\/wp-json\/wp\/v2\/users\/2"}],"replies":[{"embeddable":true,"href":"https:\/\/www.artestruzmallorca.com\/de\/wp-json\/wp\/v2\/comments?post=2124"}],"version-history":[{"count":2,"href":"https:\/\/www.artestruzmallorca.com\/de\/wp-json\/wp\/v2\/pages\/2124\/revisions"}],"predecessor-version":[{"id":2128,"href":"https:\/\/www.artestruzmallorca.com\/de\/wp-json\/wp\/v2\/pages\/2124\/revisions\/2128"}],"wp:attachment":[{"href":"https:\/\/www.artestruzmallorca.com\/de\/wp-json\/wp\/v2\/media?parent=2124"}],"curies":[{"name":"wp","href":"https:\/\/api.w.org\/{rel}","templated":true}]}}