{"id":2122,"date":"2020-10-27T05:05:27","date_gmt":"2020-10-27T05:05:27","guid":{"rendered":"https:\/\/bazan-lab.com\/Artestruz\/about-ostrich-farm-mallorca\/"},"modified":"2025-06-26T15:02:40","modified_gmt":"2025-06-26T13:02:40","slug":"ueber-strauss-farm-mallorca","status":"publish","type":"page","link":"https:\/\/www.artestruzmallorca.com\/de\/ueber-strauss-farm-mallorca\/","title":{"rendered":"\u00dcber uns"},"content":{"rendered":"<p>[vc_row section_background_color=&#8220;#fbf7f4&#8243; use_container=&#8220;yes&#8220; use_predefined_class=&#8220;yes&#8220; predefined_class=&#8220;bottom-white-space&#8220;][vc_column][vc_row_inner][vc_column_inner][ts_section_title color=&#8220;#81d742&#8243; tagline=&#8220;Gro\u00dfe Ver\u00e4nderungen kommen mit gro\u00dfen Anstrengungen&#8220; title=&#8220;Unsere Vergangenheit, unsere Gegenwart und unsere Zukunft&#8220;][\/vc_column_inner][\/vc_row_inner][vc_row_inner][vc_column_inner width=&#8220;1\/3&#8243;][ts_image_title_box image=&#8220;584&#8243; title=&#8220;Geschichte&#8220; url=&#8220;#HISTORIA&#8220;][\/vc_column_inner][vc_column_inner width=&#8220;1\/3&#8243;][ts_image_title_box image=&#8220;636&#8243; title=&#8220;Zweck&#8220; url=&#8220;#PROPOSITO&#8220;][\/vc_column_inner][vc_column_inner width=&#8220;1\/3&#8243;][ts_image_title_box image=&#8220;1054&#8243; title=&#8220;Ergebnisse&#8220; url=&#8220;#RESULTADOS&#8220;][\/vc_column_inner][\/vc_row_inner][\/vc_column][\/vc_row][vc_row use_container=&#8220;yes&#8220;][vc_column][vc_row_inner][vc_column_inner width=&#8220;1\/2&#8243;][ts_icon_box position=&#8220;left&#8220; icon=&#8220;106&#8243; description=&#8220;<\/p>\n<h6>Auftrag<\/h6>\n<p>Als strau\u00dfenliebendes Familienunternehmen haben wir den Anspruch, unseren Besuchern diese wunderbaren Tiere n\u00e4her zu bringen, ihnen Respekt und Ehre zu verschaffen und gleichzeitig unseren Beitrag f\u00fcr unsere Gesellschaft und Umwelt zu leisten.&#8220;]<\/p>\n<h1 data-start=\"2339\" data-end=\"2589\"><strong data-start=\"2339\" data-end=\"2350\">Mission<\/strong><\/h1>\n<p data-start=\"2339\" data-end=\"2589\">Als familiengef\u00fchrter Betrieb mit einer Leidenschaft f\u00fcr Strau\u00dfe m\u00f6chten wir unseren Besuchern diese wunderbaren Tiere n\u00e4herbringen, Respekt und Wertsch\u00e4tzung f\u00f6rdern und einen kleinen Beitrag f\u00fcr unsere Gesellschaft und Umwelt leisten.<\/p>\n<p>[\/ts_icon_box][\/vc_column_inner][vc_column_inner width=&#8220;1\/2&#8243;][ts_icon_box position=&#8220;left&#8220; icon=&#8220;107&#8243; description=&#8220;<\/p>\n<h6>Vision<\/h6>\n<p>Unseren Strau\u00dfen das bestm\u00f6gliche Leben zu geben, unseren Besuchern und Mitarbeitern ein bereicherndes Erlebnis zu bieten und dabei unsere Welt ein wenig besser zu machen als sie gestern war.&#8220;]<\/p>\n<h1><strong data-start=\"2591\" data-end=\"2601\">Vision<\/strong><\/h1>\n<p>Wir tr\u00e4umen von einer Welt, in der der Respekt gegen\u00fcber Tieren und der Umwelt Teil des Alltags ist. Bei Artestruz wollen wir ein Vorbild sein f\u00fcr emotionale Bildung, Naturverbundenheit und bereichernde Erlebnisse f\u00fcr Familien.[\/ts_icon_box][\/vc_column_inner][\/vc_row_inner][\/vc_column][\/vc_row][vc_row content_placement=&#8220;middle&#8220; anchor_wrap_section=&#8220;no&#8220; use_container=&#8220;yes&#8220; el_id=&#8220;HISTORIA&#8220;][vc_column width=&#8220;1\/2&#8243;][ts_side_slider details=&#8220;%5B%7B%22image%22%3A%22830%22%7D%2C%7B%22image%22%3A%221022%22%7D%2C%7B%22image%22%3A%221021%22%7D%2C%7B%22image%22%3A%221028%22%7D%5D&#8220;][\/vc_column][vc_column width=&#8220;1\/2&#8243;][ts_section_title color=&#8220;#81d742&#8243; tagline=&#8220;Josephine &amp; Uri, ein Traum, vor 23 Jahren&#8220; title=&#8220;Von S\u00fcdafrika nach Mallorca&#8220;][vc_column_text]Der Traum, eine Strau\u00dfenfarm zu gr\u00fcnden, begann in der s\u00fcdafrikanischen Savanne, als sie ein Strau\u00dfenpaar beobachteten, das friedlich in der hei\u00dfen Sonne des S\u00fcdens spazierte. Ihre Sch\u00f6nheit, Eleganz und Entschlossenheit inspirierten das abenteuerlustige Paar, Josephine und Uri, von einer anderen Zukunft zu tr\u00e4umen. Nach einem tragischen Raub\u00fcberfall und einer wundersamen Genesung erinnerte sich das Paar mit zwei kleinen Kindern an den Traum, den sie vor den Augen der beiden majest\u00e4tischen V\u00f6gel hatten. Artestruz ist geboren.[\/vc_column_text][\/vc_column][\/vc_row][vc_row anchor_wrap_section=&#8220;no&#8220;][vc_column][vc_empty_space][\/vc_column][\/vc_row][vc_row anchor_wrap_section=&#8220;no&#8220; use_container=&#8220;yes&#8220; el_id=&#8220;PROPOSITO&#8220;][vc_column width=&#8220;1\/2&#8243;][ts_section_title color=&#8220;#81d742&#8243; tagline=&#8220;Unser Ziel und unsere Leidenschaft f\u00fcr Strau\u00dfe&#8220; title=&#8220;Wir haben eine klare Mission&#8220;][vc_column_text]Unsere Leidenschaft wurde durch unsere Erfahrungen mit unseren Tieren inspiriert. Jedes so unterschiedlich wie wir selbst, jedes mit seinem eigenen Charakter, seiner eigenen Pers\u00f6nlichkeit, seiner Beziehung zu uns und zu anderen. Unsere Mission ist einfach, wir wollen unsere Leidenschaft f\u00fcr Strau\u00dfe weitergeben. Aber nicht auf irgendeine Art und Weise. Wir wollen es mit Respekt und auf eine bereichernde Weise f\u00fcr unsere Strau\u00dfe, unsere Gesellschaft und unsere Umwelt tun.[\/vc_column_text][\/vc_column][vc_column width=&#8220;1\/2&#8243;][ts_side_slider details=&#8220;%5B%7B%22image%22%3A%221027%22%7D%2C%7B%22image%22%3A%221026%22%7D%2C%7B%22image%22%3A%22847%22%7D%5D&#8220;][\/vc_column][\/vc_row][vc_row anchor_wrap_section=&#8220;no&#8220;][vc_column][vc_empty_space height=&#8220;52px&#8220;][\/vc_column][\/vc_row][vc_row section_background_color=&#8220;#009a4e&#8220; use_container=&#8220;yes&#8220;][vc_column offset=&#8220;vc_col-md-4&#8243;][ts_expert_box title=&#8220;Treffen Sie unsere Experten&#8220; details=&#8220;%5B%7B%22image%22%3A%221026%22%2C%22name%22%3A%22Ohad%20Frans%20Loffler%22%2C%22expert%22%3A%22Manager%20%22%2C%22social_icons%22%3A%22%3Cul%3E%5Cn%20%20%20%20%20%20%3Cli%3E%3Ca%20href%3D%5C%22%23%5C%22%3E%3Ci%20class%3D%5C%22lni%20lni-facebook-filled%5C%22%3E%3C%2Fi%3E%3C%2Fa%3E%3C%2Fli%3E%5Cn%20%20%20%20%20%20%3Cli%3E%3Ca%20href%3D%5C%22%23%5C%22%3E%3Ci%20class%3D%5C%22lni%20lni-twitter-original%5C%22%3E%3C%2Fi%3E%3C%2Fa%3E%3C%2Fli%3E%5Cn%20%20%20%20%20%20%3Cli%3E%3Ca%20href%3D%5C%22%23%5C%22%3E%3Ci%20class%3D%5C%22lni%20lni-instagram%5C%22%3E%3C%2Fi%3E%3C%2Fa%3E%3C%2Fli%3E%5Cn%20%20%20%20%20%20%3Cli%3E%3Ca%20href%3D%5C%22%23%5C%22%3E%3Ci%20class%3D%5C%22lni%20lni-youtube%5C%22%3E%3C%2Fi%3E%3C%2Fa%3E%3C%2Fli%3E%5Cn%20%20%20%20%20%20%3Cli%3E%3Ca%20href%3D%5C%22%23%5C%22%3E%3Ci%20class%3D%5C%22lni%20lni-pinterest%5C%22%3E%3C%2Fi%3E%3C%2Fa%3E%3C%2Fli%3E%5Cn%20%20%20%20%3C%2Ful%3E%22%7D%2C%7B%22image%22%3A%221027%22%2C%22name%22%3A%22Jonathan%20Jaim%20Loffler%22%2C%22expert%22%3A%22Manager%20%22%2C%22social_icons%22%3A%22%3Cul%3E%5Cn%20%20%20%20%20%20%3Cli%3E%3Ca%20href%3D%5C%22%23%5C%22%3E%3Ci%20class%3D%5C%22lni%20lni-facebook-filled%5C%22%3E%3C%2Fi%3E%3C%2Fa%3E%3C%2Fli%3E%5Cn%20%20%20%20%20%20%3Cli%3E%3Ca%20href%3D%5C%22%23%5C%22%3E%3Ci%20class%3D%5C%22lni%20lni-twitter-original%5C%22%3E%3C%2Fi%3E%3C%2Fa%3E%3C%2Fli%3E%5Cn%20%20%20%20%20%20%3Cli%3E%3Ca%20href%3D%5C%22%23%5C%22%3E%3Ci%20class%3D%5C%22lni%20lni-instagram%5C%22%3E%3C%2Fi%3E%3C%2Fa%3E%3C%2Fli%3E%5Cn%20%20%20%20%20%20%3Cli%3E%3Ca%20href%3D%5C%22%23%5C%22%3E%3Ci%20class%3D%5C%22lni%20lni-youtube%5C%22%3E%3C%2Fi%3E%3C%2Fa%3E%3C%2Fli%3E%5Cn%20%20%20%20%20%20%3Cli%3E%3Ca%20href%3D%5C%22%23%5C%22%3E%3Ci%20class%3D%5C%22lni%20lni-pinterest%5C%22%3E%3C%2Fi%3E%3C%2Fa%3E%3C%2Fli%3E%5Cn%20%20%20%20%3C%2Ful%3E%22%7D%2C%7B%22image%22%3A%221052%22%2C%22name%22%3A%22Uri%20Loffler%22%2C%22expert%22%3A%22Mitbegr%C3%BCnder%20%20%22%2C%22social_icons%22%3A%22%3Cul%3E%5Cn%20%20%20%20%20%20%3Cli%3E%3Ca%20href%3D%5C%22%23%5C%22%3E%3Ci%20class%3D%5C%22lni%20lni-facebook-filled%5C%22%3E%3C%2Fi%3E%3C%2Fa%3E%3C%2Fli%3E%5Cn%20%20%20%20%20%20%3Cli%3E%3Ca%20href%3D%5C%22%23%5C%22%3E%3Ci%20class%3D%5C%22lni%20lni-twitter-original%5C%22%3E%3C%2Fi%3E%3C%2Fa%3E%3C%2Fli%3E%5Cn%20%20%20%20%20%20%3Cli%3E%3Ca%20href%3D%5C%22%23%5C%22%3E%3Ci%20class%3D%5C%22lni%20lni-instagram%5C%22%3E%3C%2Fi%3E%3C%2Fa%3E%3C%2Fli%3E%5Cn%20%20%20%20%20%20%3Cli%3E%3Ca%20href%3D%5C%22%23%5C%22%3E%3Ci%20class%3D%5C%22lni%20lni-youtube%5C%22%3E%3C%2Fi%3E%3C%2Fa%3E%3C%2Fli%3E%5Cn%20%20%20%20%20%20%3Cli%3E%3Ca%20href%3D%5C%22%23%5C%22%3E%3Ci%20class%3D%5C%22lni%20lni-pinterest%5C%22%3E%3C%2Fi%3E%3C%2Fa%3E%3C%2Fli%3E%5Cn%20%20%20%20%3C%2Ful%3E%22%7D%2C%7B%22image%22%3A%221022%22%2C%22name%22%3A%22Josephine%20Desir%C3%A9e%20van%20Stokkum%22%2C%22expert%22%3A%22Mitbegr%C3%BCnderin%22%2C%22social_icons%22%3A%22%3Cul%3E%5Cn%20%20%20%20%20%20%3Cli%3E%3Ca%20href%3D%5C%22%23%5C%22%3E%3Ci%20class%3D%5C%22lni%20lni-facebook-filled%5C%22%3E%3C%2Fi%3E%3C%2Fa%3E%3C%2Fli%3E%5Cn%20%20%20%20%20%20%3Cli%3E%3Ca%20href%3D%5C%22%23%5C%22%3E%3Ci%20class%3D%5C%22lni%20lni-twitter-original%5C%22%3E%3C%2Fi%3E%3C%2Fa%3E%3C%2Fli%3E%5Cn%20%20%20%20%20%20%3Cli%3E%3Ca%20href%3D%5C%22%23%5C%22%3E%3Ci%20class%3D%5C%22lni%20lni-instagram%5C%22%3E%3C%2Fi%3E%3C%2Fa%3E%3C%2Fli%3E%5Cn%20%20%20%20%20%20%3Cli%3E%3Ca%20href%3D%5C%22%23%5C%22%3E%3Ci%20class%3D%5C%22lni%20lni-youtube%5C%22%3E%3C%2Fi%3E%3C%2Fa%3E%3C%2Fli%3E%5Cn%20%20%20%20%20%20%3Cli%3E%3Ca%20href%3D%5C%22%23%5C%22%3E%3Ci%20class%3D%5C%22lni%20lni-pinterest%5C%22%3E%3C%2Fi%3E%3C%2Fa%3E%3C%2Fli%3E%5Cn%20%20%20%20%3C%2Ful%3E%22%7D%5D&#8220;][\/vc_column][vc_column offset=&#8220;vc_col-md-offset-1 vc_col-md-7&#8243;][ts_accordion title=&#8220;FAQ&#8220; details=&#8220;%5B%7B%22title%22%3A%22Welche%20neuen%20Produkte%20planen%20Sie%20auf%20den%20Markt%20zu%20bringen%3F%22%2C%22description%22%3A%22Im%20Laufe%20der%20Zeit%20streben%20wir%20danach%2C%20ein%20Beispiel%20f%C3%BCr%20einen%20sich%20selbst%20erhaltenden%20Bauernhof%20zu%20sein%2C%20bei%20dem%20die%20angebotenen%20Produkte%20und%20Dienstleistungen%20lokal%2C%20hochwertig%20und%20zug%C3%A4nglich%20sind.%20Wir%20wollen%20unseren%20Besuchern%20ein%20authentisches%20Erlebnis%20bieten%20und%20auch%20die%20von%20Industrie%20und%20Landwirtschaft%20verursachten%20Sch%C3%A4den%20reduzieren.%22%7D%2C%7B%22title%22%3A%22Was%20macht%20Sie%20anders%3F%22%2C%22description%22%3A%22Wir%20lernen%20unsere%20Strau%C3%9Fe%20individuell%20kennen%2C%20behandeln%20sie%20mit%20Respekt%20und%20erhalten%20im%20Gegenzug%20das%20Gleiche.%20Der%20Aufwand%20ist%20gr%C3%B6%C3%9Fer%2C%20aber%20auch%20die%20Belohnung.%20Unser%20famili%C3%A4res%20Unternehmensformat%20erm%C3%B6glicht%20es%20uns%2C%20Ihnen%20unsere%20Strau%C3%9Fe%20mit%20all%20unserer%20Erfahrung%20aus%20dem%20Leben%20mit%20ihnen%20seit%201998%20vorzustellen.%22%7D%2C%7B%22title%22%3A%22Ich%20w%C3%BCrde%20gerne%20besuchen%2C%20aber%20ich%20habe%20Angst%20oder%20eine%20Phobie%20vor%20V%C3%B6geln%2C%20was%20soll%20ich%20tun%3F%22%2C%22description%22%3A%22Es%20gibt%20viele%20F%C3%A4lle%20von%20Menschen%2C%20die%20mit%20Angst%2C%20Schrecken%20oder%20einer%20Phobie%20vor%20gefiederten%20oder%20schuppigen%20Tieren%20eintreten.%20In%20der%20%C3%BCberwiegenden%20Mehrheit%20der%20F%C3%A4lle%20haben%20diese%20Menschen%20es%20geschafft%2C%20bei%20ihrem%20Besuch%20einen%20Strau%C3%9F%20zu%20streicheln.%20Es%20ist%20nicht%20immer%20m%C3%B6glich%2C%20aber%20wenn%20wir%20die%20Zeit%20haben%20und%20Sie%20den%20Wunsch%20haben%2C%20sich%20zu%20verbessern%2C%20werden%20wir%20unser%20Bestes%20tun%2C%20um%20zu%20helfen.%22%7D%2C%7B%22title%22%3A%22Ist%20der%20Geschmack%20von%20Strau%C3%9Feneiern%20%C3%A4hnlich%20wie%20der%20von%20H%C3%BChnereiern%3F%22%2C%22description%22%3A%22Im%20Geschmack%20In%20der%20Textur%20unterscheiden%20sie%20sich.%20Strau%C3%9Feneier%20haben%20ein%20cremigeres%20Eigelb%20und%20ein%20dickeres%20Eiwei%C3%9F.%20Diejenigen%2C%20die%20Eier%20m%C3%B6gen%2C%20neigen%20dazu%2C%20Strau%C3%9Feneier%20zu%20m%C3%B6gen%2C%20aber%20wie%20Sie%20wissen%2C%20ist%20jeder%20anders!%20Auf%20jeden%20Fall%20ist%20es%20ein%20unvergessliches%20Erlebnis%2C%20ein%20Riesenei%20zu%20kochen%20und%20zu%20essen!%22%7D%5D&#8220;][\/vc_column][\/vc_row][vc_row motts_theme_padding=&#8220;no&#8220; use_container=&#8220;yes&#8220; css=&#8220;.vc_custom_1621351735133{margin-right: 0px !important;margin-left: 0px !important;}&#8220; el_id=&#8220;RESULTADOS&#8220;][vc_column css=&#8220;.vc_custom_1603890418265{padding-right: 0px !important;padding-left: 0px !important;}&#8220;][vc_empty_space height=&#8220;70px&#8220;][ts_section_title color=&#8220;#81d742&#8243; title=&#8220;Excellent reviews on Google and Tripadvisor&#8220;][ts_testimonial_slider hero_slider=&#8220;47&#8243;][vc_empty_space height=&#8220;70px&#8220;][\/vc_column][\/vc_row][vc_row full_width=&#8220;stretch_row&#8220; gap=&#8220;10&#8243; anchor_wrap_section=&#8220;no&#8220; css=&#8220;.vc_custom_1626289703697{margin-right: 0px !important;margin-left: 0px !important;background-color: #faf7f3 !important;}&#8220;][vc_column css=&#8220;.vc_custom_1603890418265{padding-right: 0px !important;padding-left: 0px !important;}&#8220;][vc_column_text]\t\t<div id=\"sbi_mod_error\" >\n\t\t\t<span>Diese Fehlermeldung ist nur f\u00fcr WordPress-Administratoren sichtbar<\/span><br\/>\n\t\t\t<p><strong>Fehler: Kein Feed gefunden.<\/strong>\n\t\t\t<p>Bitte geh zur Instagram-Feed-Einstellungsseite, um einen Feed zu erstellen.<\/p>\n\t\t<\/div>\n\t\t[\/vc_column_text][vc_empty_space][\/vc_column][\/vc_row]<\/p>\n","protected":false},"excerpt":{"rendered":"<p>[vc_row section_background_color=&#8220;#fbf7f4&#8243; use_container=&#8220;yes&#8220; use_predefined_class=&#8220;yes&#8220; predefined_class=&#8220;bottom-white-space&#8220;][vc_column][vc_row_inner][vc_column_inner][ts_section_title color=&#8220;#81d742&#8243; tagline=&#8220;Gro\u00dfe Ver\u00e4nderungen kommen mit gro\u00dfen Anstrengungen&#8220; title=&#8220;Unsere Vergangenheit, unsere Gegenwart und unsere Zukunft&#8220;][\/vc_column_inner][\/vc_row_inner][vc_row_inner][vc_column_inner width=&#8220;1\/3&#8243;][ts_image_title_box image=&#8220;584&#8243; title=&#8220;Geschichte&#8220; url=&#8220;#HISTORIA&#8220;][\/vc_column_inner][vc_column_inner width=&#8220;1\/3&#8243;][ts_image_title_box image=&#8220;636&#8243; title=&#8220;Zweck&#8220; url=&#8220;#PROPOSITO&#8220;][\/vc_column_inner][vc_column_inner width=&#8220;1\/3&#8243;][ts_image_title_box image=&#8220;1054&#8243; title=&#8220;Ergebnisse&#8220; url=&#8220;#RESULTADOS&#8220;][\/vc_column_inner][\/vc_row_inner][\/vc_column][\/vc_row][vc_row use_container=&#8220;yes&#8220;][vc_column][vc_row_inner][vc_column_inner width=&#8220;1\/2&#8243;][ts_icon_box position=&#8220;left&#8220; icon=&#8220;106&#8243; description=&#8220; Auftrag Als strau\u00dfenliebendes Familienunternehmen haben wir den Anspruch, unseren Besuchern diese wunderbaren Tiere n\u00e4her zu bringen, ihnen Respekt und [&hellip;]<\/p>\n","protected":false},"author":1,"featured_media":0,"parent":0,"menu_order":0,"comment_status":"closed","ping_status":"closed","template":"page-builder.php","meta":{"footnotes":""},"class_list":["post-2122","page","type-page","status-publish","hentry"],"_links":{"self":[{"href":"https:\/\/www.artestruzmallorca.com\/de\/wp-json\/wp\/v2\/pages\/2122","targetHints":{"allow":["GET"]}}],"collection":[{"href":"https:\/\/www.artestruzmallorca.com\/de\/wp-json\/wp\/v2\/pages"}],"about":[{"href":"https:\/\/www.artestruzmallorca.com\/de\/wp-json\/wp\/v2\/types\/page"}],"author":[{"embeddable":true,"href":"https:\/\/www.artestruzmallorca.com\/de\/wp-json\/wp\/v2\/users\/1"}],"replies":[{"embeddable":true,"href":"https:\/\/www.artestruzmallorca.com\/de\/wp-json\/wp\/v2\/comments?post=2122"}],"version-history":[{"count":3,"href":"https:\/\/www.artestruzmallorca.com\/de\/wp-json\/wp\/v2\/pages\/2122\/revisions"}],"predecessor-version":[{"id":12059,"href":"https:\/\/www.artestruzmallorca.com\/de\/wp-json\/wp\/v2\/pages\/2122\/revisions\/12059"}],"wp:attachment":[{"href":"https:\/\/www.artestruzmallorca.com\/de\/wp-json\/wp\/v2\/media?parent=2122"}],"curies":[{"name":"wp","href":"https:\/\/api.w.org\/{rel}","templated":true}]}}