{"id":12243,"date":"2025-09-20T11:59:13","date_gmt":"2025-09-20T09:59:13","guid":{"rendered":"https:\/\/www.artestruzmallorca.com\/coles\/"},"modified":"2026-03-12T09:34:52","modified_gmt":"2026-03-12T08:34:52","slug":"coles","status":"publish","type":"page","link":"https:\/\/www.artestruzmallorca.com\/de\/coles\/","title":{"rendered":"\ud83d\udc23 Bildungsangebot"},"content":{"rendered":"<p>[vc_row][vc_column][vc_column_text]<\/p>\n<h3 data-start=\"5651\" data-end=\"5701\">Bildungsangebot f\u00fcr Schulen und Kinderg\u00e4rten<\/h3>\n<p data-start=\"5702\" data-end=\"6149\">Bei Artestruz bieten wir eine unvergessliche Bildungserfahrung f\u00fcr Kinder. Durch direkten Kontakt mit Strau\u00dfen und altersgerechte Aktivit\u00e4ten lernen die Kinder spielerisch und entdecken erstaunliche Fakten \u00fcber diese Riesenv\u00f6gel.<br data-start=\"5931\" data-end=\"5934\" \/>Das Programm beinhaltet eine p\u00e4dagogische Einf\u00fchrung, das F\u00fcttern der Strau\u00dfe, Malzeit und einen optionalen Workshop. Wir passen uns den Bed\u00fcrfnissen jeder Gruppe an und sprechen Katalanisch, Spanisch oder Englisch.<\/p>\n<p data-start=\"6151\" data-end=\"6206\"><em><img loading=\"lazy\" decoding=\"async\" class=\"alignnone wp-image-12269 size-full\" src=\"https:\/\/www.artestruzmallorca.com\/wp-content\/uploads\/2025\/09\/coles-alimentando-avestruces-1.png\" alt=\"\" width=\"600\" height=\"400\" srcset=\"https:\/\/www.artestruzmallorca.com\/wp-content\/uploads\/2025\/09\/coles-alimentando-avestruces-1.png 600w, https:\/\/www.artestruzmallorca.com\/wp-content\/uploads\/2025\/09\/coles-alimentando-avestruces-1-300x200.png 300w\" sizes=\"auto, (max-width: 600px) 100vw, 600px\" \/><br \/>\nEin lehrreiches und fr\u00f6hliches Abenteuer f\u00fcr Kinder<\/em><\/p>\n<p data-start=\"6208\" data-end=\"6238\">\u23f0 <strong data-start=\"6210\" data-end=\"6238\">Beispielhafter Zeitplan:<\/strong><\/p>\n<div class=\"_tableContainer_1rjym_1\">\n<div class=\"group _tableWrapper_1rjym_13 flex w-fit flex-col-reverse\" tabindex=\"-1\">\n<table class=\"w-fit min-w-(--thread-content-width)\" data-start=\"6240\" data-end=\"6752\">\n<thead data-start=\"6240\" data-end=\"6263\">\n<tr data-start=\"6240\" data-end=\"6263\">\n<th data-start=\"6240\" data-end=\"6250\" data-col-size=\"sm\">Uhrzeit<\/th>\n<th data-start=\"6250\" data-end=\"6263\" data-col-size=\"md\">Aktivit\u00e4t<\/th>\n<\/tr>\n<\/thead>\n<tbody data-start=\"6288\" data-end=\"6752\">\n<tr data-start=\"6288\" data-end=\"6326\">\n<td data-start=\"6288\" data-end=\"6298\" data-col-size=\"sm\">10:00<\/td>\n<td data-start=\"6298\" data-end=\"6326\" data-col-size=\"md\">\ud83d\udc4b Begr\u00fc\u00dfung und Empfang<\/td>\n<\/tr>\n<tr data-start=\"6327\" data-end=\"6394\">\n<td data-start=\"6327\" data-end=\"6337\" data-col-size=\"sm\">10:20<\/td>\n<td data-start=\"6337\" data-end=\"6394\" data-col-size=\"md\">\ud83e\uddc3 Snackpause <em data-start=\"6353\" data-end=\"6392\">(nicht inbegriffen, bitte mitbringen)<\/em><\/td>\n<\/tr>\n<tr data-start=\"6395\" data-end=\"6456\">\n<td data-start=\"6395\" data-end=\"6405\" data-col-size=\"sm\">11:00<\/td>\n<td data-start=\"6405\" data-end=\"6456\" data-col-size=\"md\">\ud83d\udcda Einf\u00fchrung: Spannendes \u00fcber Strau\u00dfe erfahren<\/td>\n<\/tr>\n<tr data-start=\"6457\" data-end=\"6492\">\n<td data-start=\"6457\" data-end=\"6467\" data-col-size=\"sm\">11:30<\/td>\n<td data-start=\"6467\" data-end=\"6492\" data-col-size=\"md\">\ud83e\udda4 Strau\u00dfe f\u00fcttern \ud83e\udd6c<\/td>\n<\/tr>\n<tr data-start=\"6493\" data-end=\"6542\">\n<td data-start=\"6493\" data-end=\"6503\" data-col-size=\"sm\">12:00<\/td>\n<td data-start=\"6503\" data-end=\"6542\" data-col-size=\"md\">\ud83d\udcf8 Fotomoment als sch\u00f6ne Erinnerung<\/td>\n<\/tr>\n<tr data-start=\"6543\" data-end=\"6649\">\n<td data-start=\"6543\" data-end=\"6553\" data-col-size=\"sm\">12:30<\/td>\n<td data-start=\"6553\" data-end=\"6649\" data-col-size=\"md\">\ud83c\udfa8 Kreativzeit: Strau\u00dfenbilder ausmalen <em data-start=\"6595\" data-end=\"6647\">(bitte Buntstifte oder Wachsmalkreiden mitbringen)<\/em><\/td>\n<\/tr>\n<tr data-start=\"6650\" data-end=\"6752\">\n<td data-start=\"6650\" data-end=\"6660\" data-col-size=\"sm\">13:00<\/td>\n<td data-start=\"6660\" data-end=\"6752\" data-col-size=\"md\">\ud83c\udf7d\ufe0f Mittagessen <em data-start=\"6678\" data-end=\"6750\">(nicht inbegriffen, selbst mitbringen oder von der Schule organisiert)<\/em><\/td>\n<\/tr>\n<\/tbody>\n<\/table>\n<\/div>\n<\/div>\n<p data-start=\"6754\" data-end=\"6783\">\ud83d\udcda <strong data-start=\"6757\" data-end=\"6783\">Was lernen die Kinder?<\/strong><\/p>\n<p data-start=\"6785\" data-end=\"6846\">Die Einf\u00fchrung ist speziell f\u00fcr den Kindergarten angepasst:<\/p>\n<ul data-start=\"6847\" data-end=\"7014\">\n<li data-start=\"6847\" data-end=\"6897\">\n<p data-start=\"6849\" data-end=\"6897\">Verbindung zwischen V\u00f6geln und Dinosauriern \ud83e\udd95<\/p>\n<\/li>\n<li data-start=\"6898\" data-end=\"6947\">\n<p data-start=\"6900\" data-end=\"6947\">Faszinierende F\u00e4higkeiten der Strau\u00dfe \ud83c\udfc3\u200d\u2642\ufe0f\ud83d\udca8<\/p>\n<\/li>\n<li data-start=\"6948\" data-end=\"7014\">\n<p data-start=\"6950\" data-end=\"7014\">Besonderheiten wie die Gr\u00f6\u00dfe des Eis oder ihre gro\u00dfen Augen \ud83d\udc40<\/p>\n<\/li>\n<\/ul>\n<p data-start=\"7016\" data-end=\"7108\">\ud83e\udde0 <em data-start=\"7019\" data-end=\"7108\">Wir passen uns dem Niveau der Kinder und den spezifischen Bed\u00fcrfnissen jeder Gruppe an.<\/em><\/p>\n<p data-start=\"7110\" data-end=\"7339\"><img loading=\"lazy\" decoding=\"async\" class=\"alignnone wp-image-12244 size-full\" src=\"https:\/\/www.artestruzmallorca.com\/wp-content\/uploads\/2025\/09\/coles-explicacion-artestruz.png\" alt=\"\" width=\"600\" height=\"400\" srcset=\"https:\/\/www.artestruzmallorca.com\/wp-content\/uploads\/2025\/09\/coles-explicacion-artestruz.png 600w, https:\/\/www.artestruzmallorca.com\/wp-content\/uploads\/2025\/09\/coles-explicacion-artestruz-300x200.png 300w\" sizes=\"auto, (max-width: 600px) 100vw, 600px\" \/><\/p>\n<p data-start=\"7110\" data-end=\"7339\">\ud83d\udc68\u200d\ud83d\udc69\u200d\ud83d\udc67\u200d\ud83d\udc66 <strong data-start=\"7122\" data-end=\"7142\">Praktische Infos<\/strong><br data-start=\"7142\" data-end=\"7145\" \/>\ud83d\udde3\ufe0f Verf\u00fcgbare Sprachen: Katalanisch, Spanisch oder Englisch<br data-start=\"7205\" data-end=\"7208\" \/>\ud83e\uddd1\u200d\ud83e\udd1d\u200d\ud83e\uddd1 Gruppengr\u00f6\u00dfe: mindestens 20, maximal 70 Sch\u00fcler<br data-start=\"7264\" data-end=\"7267\" \/>\ud83d\udd5d Aufenthalt auf dem Hof bis 14:30 Uhr unter Aufsicht der Schulbetreuer<\/p>\n<p data-start=\"7341\" data-end=\"7406\">\ud83d\udcb6 <strong data-start=\"7344\" data-end=\"7354\">Preise<\/strong><br data-start=\"7354\" data-end=\"7357\" \/>9\u202f\u20ac pro Kind<br data-start=\"7369\" data-end=\"7372\" \/>Lehrer und Begleitpersonen: GRATIS<\/p>\n<p data-start=\"7408\" data-end=\"7478\"><strong data-start=\"7411\" data-end=\"7434\"><img loading=\"lazy\" decoding=\"async\" class=\"alignnone wp-image-12270 size-full\" src=\"https:\/\/www.artestruzmallorca.com\/wp-content\/uploads\/2025\/09\/coles-tiempo-libre-artestruz-1.png\" alt=\"\" width=\"600\" height=\"600\" srcset=\"https:\/\/www.artestruzmallorca.com\/wp-content\/uploads\/2025\/09\/coles-tiempo-libre-artestruz-1.png 600w, https:\/\/www.artestruzmallorca.com\/wp-content\/uploads\/2025\/09\/coles-tiempo-libre-artestruz-1-300x300.png 300w, https:\/\/www.artestruzmallorca.com\/wp-content\/uploads\/2025\/09\/coles-tiempo-libre-artestruz-1-150x150.png 150w, https:\/\/www.artestruzmallorca.com\/wp-content\/uploads\/2025\/09\/coles-tiempo-libre-artestruz-1-100x100.png 100w\" sizes=\"auto, (max-width: 600px) 100vw, 600px\" \/><\/strong><\/p>\n<p data-start=\"7408\" data-end=\"7478\"><strong data-start=\"7411\" data-end=\"7434\">Optionale Aktivit\u00e4t<\/strong><br data-start=\"7434\" data-end=\"7437\" \/>Bitte nach dem optionalen Workshop fragen<\/p>\n<h3 data-start=\"7408\" data-end=\"7478\">LOPIVI<\/h3>\n<p>Bei <strong data-start=\"221\" data-end=\"239\">Artestruz S.C.<\/strong> setzen wir uns f\u00fcr den <strong data-start=\"263\" data-end=\"314\">umfassenden Schutz von Kindern und Jugendlichen<\/strong> ein \u2013 im Einklang mit dem <strong data-start=\"341\" data-end=\"378\">spanischen Gesetz 8\/2021 (LOPIVI)<\/strong>.<br data-start=\"379\" data-end=\"382\" \/>Wir haben einen <strong data-start=\"400\" data-end=\"437\">Beauftragten f\u00fcr den Kinderschutz<\/strong> ernannt, <strong data-start=\"447\" data-end=\"495\" data-is-only-node=\"\">interne Pr\u00e4ventions- und Handlungsprotokolle<\/strong> eingef\u00fchrt, und alle Mitarbeitenden, die regelm\u00e4\u00dfig mit Minderj\u00e4hrigen arbeiten, besitzen die <strong data-start=\"590\" data-end=\"677\">offizielle Bescheinigung \u00fcber ein sauberes F\u00fchrungszeugnis im Bereich Sexualdelikte<\/strong> sowie eine <strong data-start=\"689\" data-end=\"744\">Grundausbildung zur Erkennung von Risikosituationen<\/strong>.<br data-start=\"745\" data-end=\"748\" \/>Unsere Priorit\u00e4t ist es, eine <strong data-start=\"780\" data-end=\"829\">sichere, lehrreiche und respektvolle Umgebung<\/strong> f\u00fcr alle Kinder zu schaffen, die uns besuchen.[\/vc_column_text][\/vc_column][\/vc_row][vc_row][vc_column]\n<div class=\"wpcf7 no-js\" id=\"wpcf7-f2512-o1\" lang=\"de-DE\" dir=\"ltr\">\n<div class=\"screen-reader-response\"><p role=\"status\" aria-live=\"polite\" aria-atomic=\"true\"><\/p> <ul><\/ul><\/div>\n<form action=\"\/de\/wp-json\/wp\/v2\/pages\/12243#wpcf7-f2512-o1\" method=\"post\" class=\"wpcf7-form init\" aria-label=\"Kontaktformular\" novalidate=\"novalidate\" data-status=\"init\">\n<div style=\"display: none;\">\n<input type=\"hidden\" name=\"_wpcf7\" value=\"2512\" \/>\n<input type=\"hidden\" name=\"_wpcf7_version\" value=\"5.9.3\" \/>\n<input type=\"hidden\" name=\"_wpcf7_locale\" value=\"de_DE\" \/>\n<input type=\"hidden\" name=\"_wpcf7_unit_tag\" value=\"wpcf7-f2512-o1\" \/>\n<input type=\"hidden\" name=\"_wpcf7_container_post\" value=\"0\" \/>\n<input type=\"hidden\" name=\"_wpcf7_posted_data_hash\" value=\"\" \/>\n<\/div>\n<p><label> Du Nummer<br \/>\n<span class=\"wpcf7-form-control-wrap\" data-name=\"your-name\"><input size=\"40\" class=\"wpcf7-form-control wpcf7-text wpcf7-validates-as-required\" aria-required=\"true\" aria-invalid=\"false\" value=\"\" type=\"text\" name=\"your-name\" \/><\/span> <\/label>\n<\/p>\n<p><label> e-mail<br \/>\n<span class=\"wpcf7-form-control-wrap\" data-name=\"your-email\"><input size=\"40\" class=\"wpcf7-form-control wpcf7-email wpcf7-validates-as-required wpcf7-text wpcf7-validates-as-email\" aria-required=\"true\" aria-invalid=\"false\" value=\"\" type=\"email\" name=\"your-email\" \/><\/span> <\/label>\n<\/p>\n<p><label> Thema<br \/>\n<span class=\"wpcf7-form-control-wrap\" data-name=\"your-subject\"><input size=\"40\" class=\"wpcf7-form-control wpcf7-text wpcf7-validates-as-required\" aria-required=\"true\" aria-invalid=\"false\" value=\"\" type=\"text\" name=\"your-subject\" \/><\/span> <\/label>\n<\/p>\n<p><label> Nachricht<br \/>\n<span class=\"wpcf7-form-control-wrap\" data-name=\"your-message\"><textarea cols=\"40\" rows=\"10\" class=\"wpcf7-form-control wpcf7-textarea\" aria-invalid=\"false\" name=\"your-message\"><\/textarea><\/span> <\/label>\n<\/p>\n<p><input class=\"wpcf7-form-control wpcf7-submit has-spinner\" type=\"submit\" value=\"SENDEN\" \/>\n<\/p><div class=\"wpcf7-response-output\" aria-hidden=\"true\"><\/div>\n<\/form>\n<\/div>\n[\/vc_column][\/vc_row]<\/p>\n","protected":false},"excerpt":{"rendered":"<p>[vc_row][vc_column][vc_column_text] Bildungsangebot f\u00fcr Schulen und Kinderg\u00e4rten Bei Artestruz bieten wir eine unvergessliche Bildungserfahrung f\u00fcr Kinder. Durch direkten Kontakt mit Strau\u00dfen und altersgerechte Aktivit\u00e4ten lernen die Kinder spielerisch und entdecken erstaunliche Fakten \u00fcber diese Riesenv\u00f6gel.Das Programm beinhaltet eine p\u00e4dagogische Einf\u00fchrung, das F\u00fcttern der Strau\u00dfe, Malzeit und einen optionalen Workshop. Wir passen uns den Bed\u00fcrfnissen jeder Gruppe [&hellip;]<\/p>\n","protected":false},"author":2,"featured_media":0,"parent":0,"menu_order":0,"comment_status":"closed","ping_status":"closed","template":"","meta":{"footnotes":""},"class_list":["post-12243","page","type-page","status-publish","hentry"],"_links":{"self":[{"href":"https:\/\/www.artestruzmallorca.com\/de\/wp-json\/wp\/v2\/pages\/12243","targetHints":{"allow":["GET"]}}],"collection":[{"href":"https:\/\/www.artestruzmallorca.com\/de\/wp-json\/wp\/v2\/pages"}],"about":[{"href":"https:\/\/www.artestruzmallorca.com\/de\/wp-json\/wp\/v2\/types\/page"}],"author":[{"embeddable":true,"href":"https:\/\/www.artestruzmallorca.com\/de\/wp-json\/wp\/v2\/users\/2"}],"replies":[{"embeddable":true,"href":"https:\/\/www.artestruzmallorca.com\/de\/wp-json\/wp\/v2\/comments?post=12243"}],"version-history":[{"count":8,"href":"https:\/\/www.artestruzmallorca.com\/de\/wp-json\/wp\/v2\/pages\/12243\/revisions"}],"predecessor-version":[{"id":12616,"href":"https:\/\/www.artestruzmallorca.com\/de\/wp-json\/wp\/v2\/pages\/12243\/revisions\/12616"}],"wp:attachment":[{"href":"https:\/\/www.artestruzmallorca.com\/de\/wp-json\/wp\/v2\/media?parent=12243"}],"curies":[{"name":"wp","href":"https:\/\/api.w.org\/{rel}","templated":true}]}}