{"id":11802,"date":"2024-09-22T13:37:38","date_gmt":"2024-09-22T11:37:38","guid":{"rendered":"https:\/\/www.artestruzmallorca.com\/compromiso\/"},"modified":"2024-09-22T17:53:56","modified_gmt":"2024-09-22T15:53:56","slug":"engagement","status":"publish","type":"page","link":"https:\/\/www.artestruzmallorca.com\/de\/engagement\/","title":{"rendered":"Engagement"},"content":{"rendered":"<p><strong>Bei Artestruz haben wir ein dreifaches Engagement: sozial, \u00f6kologisch und wirtschaftlich.<\/strong><\/p>\n<p><strong><span style=\"font-size: 14pt;\">SOZIAL, weil wir glauben, dass ein Unternehmen mehr ist als nur eine Geldmaschine: Es ist Teil des Gef\u00fcges unserer Gesellschaft. Wenn jedes Unternehmen auch nur ein wenig beitr\u00e4gt, wird die Welt ein ganz anderer Ort sein.<\/span><\/strong><\/p>\n<p>Unser Engagement ist es, dass jeden Monat mindestens eine NGO das Recht hat, unseren Raum kostenlos zu nutzen. Dazu bitten wir sie, ihre Gemeinn\u00fctzigkeit durch entsprechende Nachweise zu belegen. Wir stellen unseren Raum zur Verf\u00fcgung, damit die Nutzer dieser Organisation die Natur, unsere Einrichtungen und nat\u00fcrlich die Gesellschaft unserer Strau\u00dfe genie\u00dfen k\u00f6nnen \u2013 alles kostenfrei. Wir haben sehr hart gearbeitet, um diesen Raum zu schaffen, und sind stolz darauf, ihn mit denen zu teilen, die ihn am meisten brauchen!<\/p>\n<p><strong><span style=\"font-size: 14pt;\">UMWELT, weil die Welt ein wundersch\u00f6ner Ort ist und wir m\u00f6chten, dass es so bleibt. Wir erkennen die Herausforderungen des verantwortungsvollen Handelns im 21. Jahrhundert, mit all den wirtschaftlichen, b\u00fcrokratischen und politischen Zw\u00e4ngen. Aber wir verstehen auch, dass unsere \u00d6kosysteme zerbrechlich, aber widerstandsf\u00e4hig sind. Wir wollen Teil der Bewusstseinswelle sein, die Schritte in Richtung einer ausgewogeneren Zukunft unternimmt.<\/span><\/strong><\/p>\n<p>Unser Engagement ist es, alle uns zur Verf\u00fcgung stehenden Mittel zu nutzen, um unseren \u00f6kologischen Fu\u00dfabdruck zu reduzieren und Nachhaltigkeit zu f\u00f6rdern. Wir setzen uns daf\u00fcr ein:<\/p>\n<ul>\n<li>Den Einsatz von Plastik und nicht recycelbaren Abf\u00e4llen zu minimieren.<\/li>\n<li>Mit lokalen und nachhaltigen Lieferanten zusammenzuarbeiten, um unseren CO\u2082-Fu\u00dfabdruck zu verringern.<\/li>\n<li>Recycling und Wiederverwendung in unseren Einrichtungen zu f\u00f6rdern.<\/li>\n<li>Unsere Besucher \u00fcber die Bedeutung des Naturschutzes und den Respekt vor der Umwelt zu informieren.<\/li>\n<li>Projekte zu entwickeln, die die Energieeffizienz und die verantwortungsvolle Nutzung von nat\u00fcrlichen Ressourcen wie Wasser und Energie f\u00f6rdern.<\/li>\n<\/ul>\n<p><strong><span style=\"font-size: 14pt;\">WIRTSCHAFT, denn wenn wir als Unternehmen scheitern, verschwindet Artestruz. Wir genie\u00dfen die Herausforderungen, die mit dem \u00dcberleben, Wachstum und Gedeihen verbunden sind. Das Gleichgewicht zwischen Wachstum und Vermeidung von Massenph\u00e4nomenen zu halten, ist nicht einfach, aber wir glauben, dass wir mit den richtigen Werten, einem agilen Entscheidungsprozess und einem festen Engagement f\u00fcr unsere Familie (einschlie\u00dflich der Strau\u00dfe) und unsere Kunden dieses Gleichgewicht immer anstreben werden.<\/span><\/strong><\/p>\n<p>Unser Engagement ist es sicherzustellen, dass wir mit unserem Wachstum als Unternehmen unsere Werte nicht verlieren. Wir verpflichten uns zu:<\/p>\n<ul>\n<li>Einer verantwortungsvollen Finanzverwaltung, die es uns erm\u00f6glicht, kontinuierlich in Verbesserungen zu investieren, ohne unsere Mission oder die Qualit\u00e4t unserer Dienstleistungen zu gef\u00e4hrden.<\/li>\n<li>Reinvestitionen in unsere Gemeinschaft und Umwelt, indem wir lokale Initiativen und Projekte unterst\u00fctzen, die einen positiven Beitrag leisten.<\/li>\n<li>Authentische und personalisierte Erlebnisse f\u00fcr unsere Besucher zu bieten, wobei Qualit\u00e4t vor Quantit\u00e4t steht und Massenph\u00e4nomene vermieden werden, die das Erlebnis unserer Kunden und das Wohl unserer Strau\u00dfe beeintr\u00e4chtigen k\u00f6nnten.<\/li>\n<li>Innovativ zu sein und uns st\u00e4ndig anzupassen, um ein nachhaltiges Unternehmen zu bleiben, ohne dabei die Essenz und die Prinzipien zu verlieren, die uns so weit gebracht haben.<\/li>\n<\/ul>\n","protected":false},"excerpt":{"rendered":"<p>Bei Artestruz haben wir ein dreifaches Engagement: sozial, \u00f6kologisch und wirtschaftlich. SOZIAL, weil wir glauben, dass ein Unternehmen mehr ist als nur eine Geldmaschine: Es ist Teil des Gef\u00fcges unserer Gesellschaft. Wenn jedes Unternehmen auch nur ein wenig beitr\u00e4gt, wird die Welt ein ganz anderer Ort sein. Unser Engagement ist es, dass jeden Monat mindestens [&hellip;]<\/p>\n","protected":false},"author":2,"featured_media":0,"parent":0,"menu_order":0,"comment_status":"closed","ping_status":"closed","template":"","meta":{"footnotes":""},"class_list":["post-11802","page","type-page","status-publish","hentry"],"_links":{"self":[{"href":"https:\/\/www.artestruzmallorca.com\/de\/wp-json\/wp\/v2\/pages\/11802","targetHints":{"allow":["GET"]}}],"collection":[{"href":"https:\/\/www.artestruzmallorca.com\/de\/wp-json\/wp\/v2\/pages"}],"about":[{"href":"https:\/\/www.artestruzmallorca.com\/de\/wp-json\/wp\/v2\/types\/page"}],"author":[{"embeddable":true,"href":"https:\/\/www.artestruzmallorca.com\/de\/wp-json\/wp\/v2\/users\/2"}],"replies":[{"embeddable":true,"href":"https:\/\/www.artestruzmallorca.com\/de\/wp-json\/wp\/v2\/comments?post=11802"}],"version-history":[{"count":3,"href":"https:\/\/www.artestruzmallorca.com\/de\/wp-json\/wp\/v2\/pages\/11802\/revisions"}],"predecessor-version":[{"id":11808,"href":"https:\/\/www.artestruzmallorca.com\/de\/wp-json\/wp\/v2\/pages\/11802\/revisions\/11808"}],"wp:attachment":[{"href":"https:\/\/www.artestruzmallorca.com\/de\/wp-json\/wp\/v2\/media?parent=11802"}],"curies":[{"name":"wp","href":"https:\/\/api.w.org\/{rel}","templated":true}]}}