{"id":6646,"date":"2022-02-17T11:12:08","date_gmt":"2022-02-17T10:12:08","guid":{"rendered":"https:\/\/www.artestruzmallorca.com\/bienvenida\/"},"modified":"2024-04-28T10:03:22","modified_gmt":"2024-04-28T08:03:22","slug":"welcome","status":"publish","type":"page","link":"https:\/\/www.artestruzmallorca.com\/cs\/welcome\/","title":{"rendered":"V\u00edtejte na"},"content":{"rendered":"<p>[vc_row][vc_column][vc_empty_space height=&#8220;220&#8243;][ts_text_box]<\/p>\n<p style=\"text-align: center;\"><span style=\"font-family: Impact, Chicago; font-size: 24pt;\">Arte&#8230; Co\u017ee? Artestruz!<\/span><\/p>\n<p>[\/ts_text_box][zoomsounds_player source=&#8220;6658&#8243; type=&#8220;detect&#8220; thumb=&#8220;2875&#8243; enable_likes=&#8220;on&#8220; wrapper_image_type=&#8220;zoomsounds-wrapper-bg-center&#8220;][\/zoomsounds_player][vc_single_image image=&#8220;5096&#8243; img_size=&#8220;full&#8220;][ts_section_title title=&#8220;Jedine\u010dn\u00e1 farma&#8220;][ts_text_box]<\/p>\n<p style=\"text-align: center;\"><span style=\"font-family: Impact, Chicago; font-size: 24pt;\">Artestruz je vzd\u011bl\u00e1vac\u00ed a produk\u010dn\u00ed farma p\u0161tros\u00edch vajec. N\u00e1v\u0161t\u011bvy jsou z\u00e1bavn\u00e9, zaj\u00edmav\u00e9 a velmi p\u0159ekvapiv\u00e9.<\/span><\/p>\n<p>[\/ts_text_box][vc_single_image image=&#8220;5012&#8243; img_size=&#8220;full&#8220;][ts_text_box]<\/p>\n<p style=\"text-align: center;\"><span style=\"font-family: Impact, Chicago; font-size: 24pt;\">M\u00e1m jm\u00e9no, pozn\u00e1v\u00e1te m\u011b?<\/span><\/p>\n<p>[\/ts_text_box][vc_empty_space][vc_single_image image=&#8220;6126&#8243; img_size=&#8220;full&#8220;][\/vc_column][\/vc_row][vc_row][vc_column width=&#8220;1\/2&#8243;][ts_text_box]<\/p>\n<p style=\"text-align: center;\"><span style=\"font-family: Impact, Chicago; font-size: 36pt;\">Po dobrodru\u017estv\u00ed m\u00e1te hlad. Vyzkou\u0161ejte n\u011bco jin\u00e9ho, vzru\u0161uj\u00edc\u00edho, chutn\u00e9ho a poutav\u00e9ho!<\/span><\/p>\n<p>[\/ts_text_box][\/vc_column][vc_column width=&#8220;1\/2&#8243;][ts_side_image image=&#8220;4047&#8243;][\/ts_side_image][\/vc_column][\/vc_row][vc_row][vc_column][ts_text_box]<span style=\"font-family: Impact, Chicago; font-size: 36pt;\">P\u0161trosi: nenechaj\u00ed v\u00e1s lhostejn\u00fdmi<\/span>[\/ts_text_box][vc_single_image image=&#8220;5074&#8243; img_size=&#8220;full&#8220;][vc_btn title=&#8220;Zjist\u011bte v\u00edce&#8220; color=&#8220;danger&#8220; align=&#8220;center&#8220; button_block=&#8220;true&#8220; link=&#8220;url:https%3A%2F%2Fwww.artestruzmallorca.com%2F|title:Descubre%20m%C3%A1s&#8220;][ts_google_maps iframe_url=&#8220;https:\/\/www.google.com\/maps\/embed?pb=!1m14!1m8!1m3!1d1541.9123247714035!2d3.002996599089056!3d39.38284561870834!3m2!1i1024!2i768!4f13.1!3m3!1m2!1s0x0%3A0x583cf557611e2e44!2sARTESTRUZ!5e0!3m2!1ses!2ses!4v1624564457548!5m2!1ses!2ses&#8220; map_height=&#8220;520&#8243;][\/vc_column][\/vc_row]<\/p>\n","protected":false},"excerpt":{"rendered":"<p>[vc_row][vc_column][vc_empty_space height=&#8220;220&#8243;][ts_text_box] Arte&#8230; Co\u017ee? Artestruz! [\/ts_text_box][zoomsounds_player source=&#8220;6658&#8243; type=&#8220;detect&#8220; thumb=&#8220;2875&#8243; enable_likes=&#8220;on&#8220; wrapper_image_type=&#8220;zoomsounds-wrapper-bg-center&#8220;][\/zoomsounds_player][vc_single_image image=&#8220;5096&#8243; img_size=&#8220;full&#8220;][ts_section_title title=&#8220;Jedine\u010dn\u00e1 farma&#8220;][ts_text_box] Artestruz je vzd\u011bl\u00e1vac\u00ed a produk\u010dn\u00ed farma p\u0161tros\u00edch vajec. N\u00e1v\u0161t\u011bvy jsou z\u00e1bavn\u00e9, zaj\u00edmav\u00e9 a velmi p\u0159ekvapiv\u00e9. [\/ts_text_box][vc_single_image image=&#8220;5012&#8243; img_size=&#8220;full&#8220;][ts_text_box] M\u00e1m jm\u00e9no, pozn\u00e1v\u00e1te m\u011b? [\/ts_text_box][vc_empty_space][vc_single_image image=&#8220;6126&#8243; img_size=&#8220;full&#8220;][\/vc_column][\/vc_row][vc_row][vc_column width=&#8220;1\/2&#8243;][ts_text_box] Po dobrodru\u017estv\u00ed m\u00e1te hlad. Vyzkou\u0161ejte n\u011bco jin\u00e9ho, vzru\u0161uj\u00edc\u00edho, chutn\u00e9ho a poutav\u00e9ho! [\/ts_text_box][\/vc_column][vc_column width=&#8220;1\/2&#8243;][ts_side_image image=&#8220;4047&#8243;][\/ts_side_image][\/vc_column][\/vc_row][vc_row][vc_column][ts_text_box]P\u0161trosi: [&hellip;]<\/p>\n","protected":false},"author":2,"featured_media":0,"parent":0,"menu_order":0,"comment_status":"closed","ping_status":"closed","template":"","meta":{"footnotes":""},"class_list":["post-6646","page","type-page","status-publish","hentry"],"_links":{"self":[{"href":"https:\/\/www.artestruzmallorca.com\/cs\/wp-json\/wp\/v2\/pages\/6646","targetHints":{"allow":["GET"]}}],"collection":[{"href":"https:\/\/www.artestruzmallorca.com\/cs\/wp-json\/wp\/v2\/pages"}],"about":[{"href":"https:\/\/www.artestruzmallorca.com\/cs\/wp-json\/wp\/v2\/types\/page"}],"author":[{"embeddable":true,"href":"https:\/\/www.artestruzmallorca.com\/cs\/wp-json\/wp\/v2\/users\/2"}],"replies":[{"embeddable":true,"href":"https:\/\/www.artestruzmallorca.com\/cs\/wp-json\/wp\/v2\/comments?post=6646"}],"version-history":[{"count":10,"href":"https:\/\/www.artestruzmallorca.com\/cs\/wp-json\/wp\/v2\/pages\/6646\/revisions"}],"predecessor-version":[{"id":10882,"href":"https:\/\/www.artestruzmallorca.com\/cs\/wp-json\/wp\/v2\/pages\/6646\/revisions\/10882"}],"wp:attachment":[{"href":"https:\/\/www.artestruzmallorca.com\/cs\/wp-json\/wp\/v2\/media?parent=6646"}],"curies":[{"name":"wp","href":"https:\/\/api.w.org\/{rel}","templated":true}]}}