{"id":6645,"date":"2022-02-17T11:12:08","date_gmt":"2022-02-17T10:12:08","guid":{"rendered":"https:\/\/www.artestruzmallorca.com\/bienvenida\/"},"modified":"2024-04-28T10:01:04","modified_gmt":"2024-04-28T08:01:04","slug":"welcome","status":"publish","type":"page","link":"https:\/\/www.artestruzmallorca.com\/ca\/welcome\/","title":{"rendered":"Benvingut"},"content":{"rendered":"<p>[vc_row][vc_column][vc_empty_space height=&#8221;220&#8243;][ts_text_box]<\/p>\n<p style=\"text-align: center;\"><span style=\"font-family: Impact, Chicago; font-size: 24pt;\">Arte&#8230; qu\u00e8? Artestruz!<\/span><\/p>\n<p>[\/ts_text_box][zoomsounds_player source=&#8221;6655&#8243; type=&#8221;detect&#8221; thumb=&#8221;2875&#8243; enable_likes=&#8221;on&#8221; wrapper_image_type=&#8221;zoomsounds-wrapper-bg-center&#8221;][\/zoomsounds_player][vc_single_image image=&#8221;1945&#8243; img_size=&#8221;full&#8221;][ts_section_title title=&#8221;Una granja \u00fanica&#8221;][ts_text_box]<\/p>\n<p style=\"text-align: center;\"><span style=\"font-family: Impact, Chicago; font-size: 24pt;\">Artstruz \u00e9s una granja educativa i de producci\u00f3 d&#8217;ous de estru\u00e7. Les visites s\u00f3n divertides, interessants i molt sorprenents.<\/span><\/p>\n<p>[\/ts_text_box][vc_single_image image=&#8221;1801&#8243; img_size=&#8221;full&#8221;][ts_text_box]<\/p>\n<p style=\"text-align: center;\"><span style=\"font-family: Impact, Chicago; font-size: 24pt;\">Tinc nom, em podries recon\u00e8ixer?<\/span><\/p>\n<p>[\/ts_text_box][vc_empty_space][vc_single_image image=&#8221;6124&#8243; img_size=&#8221;full&#8221;][\/vc_column][\/vc_row][vc_row][vc_column width=&#8221;1\/2&#8243;][ts_text_box]<\/p>\n<p style=\"text-align: center;\"><span style=\"font-family: Impact, Chicago; font-size: 36pt;\">L&#8217;aventura fa gana. Prova alguna cosa diferent, excitant, delici\u00f3s i molt vist\u00f3s!<\/span><\/p>\n<p>[\/ts_text_box][\/vc_column][vc_column width=&#8221;1\/2&#8243;][ts_side_image image=&#8221;4047&#8243;][\/ts_side_image][\/vc_column][\/vc_row][vc_row][vc_column][ts_text_box]<span style=\"font-family: Impact, Chicago; font-size: 36pt;\">Estru\u00e7os: no et deixaran indiferents<\/span>[\/ts_text_box][vc_single_image image=&#8221;1918&#8243; img_size=&#8221;full&#8221;][vc_btn title=&#8221;Descobreix-ne m\u00e9s&#8221; color=&#8221;danger&#8221; align=&#8221;center&#8221; button_block=&#8221;true&#8221; link=&#8221;url:https%3A%2F%2Fwww.artestruzmallorca.com%2F|title:Descubre%20m%C3%A1s&#8221;][ts_google_maps iframe_url=&#8221;https:\/\/www.google.com\/maps\/embed?pb=!1m14!1m8!1m3!1d1541.9123247714035!2d3.002996599089056!3d39.38284561870834!3m2!1i1024!2i768!4f13.1!3m3!1m2!1s0x0%3A0x583cf557611e2e44!2sARTESTRUZ!5e0!3m2!1ses!2ses!4v1624564457548!5m2!1ses!2ses&#8221; map_height=&#8221;520&#8243;][\/vc_column][\/vc_row]<\/p>\n","protected":false},"excerpt":{"rendered":"<p>[vc_row][vc_column][vc_empty_space height=&#8221;220&#8243;][ts_text_box] Arte&#8230; qu\u00e8? Artestruz! [\/ts_text_box][zoomsounds_player source=&#8221;6655&#8243; type=&#8221;detect&#8221; thumb=&#8221;2875&#8243; enable_likes=&#8221;on&#8221; wrapper_image_type=&#8221;zoomsounds-wrapper-bg-center&#8221;][\/zoomsounds_player][vc_single_image image=&#8221;1945&#8243; img_size=&#8221;full&#8221;][ts_section_title title=&#8221;Una granja \u00fanica&#8221;][ts_text_box] Artstruz \u00e9s una granja educativa i de producci\u00f3 d&#8217;ous de estru\u00e7. Les visites s\u00f3n divertides, interessants i molt sorprenents. [\/ts_text_box][vc_single_image image=&#8221;1801&#8243; img_size=&#8221;full&#8221;][ts_text_box] Tinc nom, em podries recon\u00e8ixer? [\/ts_text_box][vc_empty_space][vc_single_image image=&#8221;6124&#8243; img_size=&#8221;full&#8221;][\/vc_column][\/vc_row][vc_row][vc_column width=&#8221;1\/2&#8243;][ts_text_box] L&#8217;aventura fa gana. Prova alguna cosa diferent, excitant, [&hellip;]<\/p>\n","protected":false},"author":2,"featured_media":0,"parent":0,"menu_order":0,"comment_status":"closed","ping_status":"closed","template":"","meta":{"footnotes":""},"class_list":["post-6645","page","type-page","status-publish","hentry"],"_links":{"self":[{"href":"https:\/\/www.artestruzmallorca.com\/ca\/wp-json\/wp\/v2\/pages\/6645","targetHints":{"allow":["GET"]}}],"collection":[{"href":"https:\/\/www.artestruzmallorca.com\/ca\/wp-json\/wp\/v2\/pages"}],"about":[{"href":"https:\/\/www.artestruzmallorca.com\/ca\/wp-json\/wp\/v2\/types\/page"}],"author":[{"embeddable":true,"href":"https:\/\/www.artestruzmallorca.com\/ca\/wp-json\/wp\/v2\/users\/2"}],"replies":[{"embeddable":true,"href":"https:\/\/www.artestruzmallorca.com\/ca\/wp-json\/wp\/v2\/comments?post=6645"}],"version-history":[{"count":9,"href":"https:\/\/www.artestruzmallorca.com\/ca\/wp-json\/wp\/v2\/pages\/6645\/revisions"}],"predecessor-version":[{"id":10880,"href":"https:\/\/www.artestruzmallorca.com\/ca\/wp-json\/wp\/v2\/pages\/6645\/revisions\/10880"}],"wp:attachment":[{"href":"https:\/\/www.artestruzmallorca.com\/ca\/wp-json\/wp\/v2\/media?parent=6645"}],"curies":[{"name":"wp","href":"https:\/\/api.w.org\/{rel}","templated":true}]}}