{"id":2723,"date":"2021-08-31T14:01:15","date_gmt":"2021-08-31T14:01:15","guid":{"rendered":"https:\/\/www.artestruzmallorca.com\/ratites\/"},"modified":"2024-02-10T12:04:57","modified_gmt":"2024-02-10T11:04:57","slug":"ratites","status":"publish","type":"page","link":"https:\/\/www.artestruzmallorca.com\/ca\/ratites\/","title":{"rendered":"Ratites"},"content":{"rendered":"<p>[vc_row anchor_wrap_section=&#8221;no&#8221;][vc_column][vc_video link=&#8221;https:\/\/youtu.be\/zIqMXfI0hIo&#8221;][vc_message message_box_color=&#8221;violet&#8221; icon_fontawesome=&#8221;fas fa-arrow-down&#8221;]Conexi\u00f3 lenta? Prova nom\u00e9s audio debaix.[\/vc_message][zoomsounds_player source=&#8221;2950&#8243; type=&#8221;detect&#8221; thumb=&#8221;2894&#8243; enable_likes=&#8221;on&#8221; wrapper_image_type=&#8221;zoomsounds-wrapper-bg-center&#8221;][\/zoomsounds_player][ts_section_title title=&#8221;Parents de l&#8217;estru\u00e7&#8221;][ts_section_title color=&#8221;#81d742&#8243; title=&#8221;Ratites&#8221;][\/vc_column][vc_column width=&#8221;1\/2&#8243;][ts_side_content position=&#8221;right&#8221;]<\/p>\n<div id=\"comp-kp9jwgnw\" class=\"txtNew\" data-packed=\"true\" data-vertical-text=\"false\">\n<p class=\"font_7\">Les ratites s\u00f3n les aus originals que no volen ni es comuniquen mitjan\u00e7ant la veu, sin\u00f3 que utilitzen el llenguatge corporal. Nom\u00e9s existeixen 5 avui en dia: L&#8217; estru\u00e7, l&#8217;em\u00fa, el nyand\u00fa, el casuari i el kiwi. Fa 1000 anys encara existia l&#8217;au elefant de Madagascar. Va ser l&#8217;au m\u00e9s gran de la hist\u00f2ria i posava els ous m\u00e9s grans de tots els animals de la hist\u00f2ria del nostre planeta. I fa uns 600 anys encara existia la Moa gegant de Nova Zelanda. Tots dos varen ser ca\u00e7ats per humans fins a la seva extinci\u00f3. Al extingir-se els dinosaures, paleont\u00f2legs afirmen que el planeta va ser dominat per cocodrils gegants, serps gegants i ratites (aus gegants no voladores). L&#8217;\u00faltim en extingir-se, tamb\u00e9 ca\u00e7at per l&#8217;home, va ser el fam\u00f3s dodo a l&#8217;any 1662.<\/p>\n<\/div>\n<p>[\/ts_side_content][ts_side_image image=&#8221;2665&#8243;][\/ts_side_image][\/vc_column][vc_column width=&#8221;1\/2&#8243;][vc_empty_space height=&#8221;20px&#8221;][\/vc_column][\/vc_row][vc_row anchor_wrap_section=&#8221;no&#8221;][vc_column][ts_section_title color=&#8221;#81d742&#8243; title=&#8221;Ratites existents&#8221;][\/vc_column][vc_column width=&#8221;1\/2&#8243;][ts_side_content position=&#8221;right&#8221;]<\/p>\n<div id=\"comp-kp9jwgnw\" class=\"txtNew\" data-packed=\"true\" data-vertical-text=\"false\">\n<h3 class=\"font_7\">Estru\u00e7 (Struthio Camelus)<\/h3>\n<p class=\"font_7\">\u00c9s l&#8217;au m\u00e9s gran del m\u00f3n. Mesura aproximadament 2 metres i pesen fins a 180kg.<\/p>\n<p class=\"font_7\">\u00c9s natiu d&#8217;\u00c0frica i habita tant la sabana com el desert. No necessita beure aigua si troba menjar, que inclou tant fulles i llavors com insectes o mol\u00b7luscs. Viu en ramats de fins a 20 individus i comparteixen un niu per a tothom. Ser\u00e0 el mascle alfa qui tingui cura de les cries.\u00a0El mascle \u00e9s capa\u00e7 de matar un lle\u00f3 adult amb les\u00a0seves incre\u00efbles cosses frontals d&#8217;uns 500Kg de pressi\u00f3.<\/p>\n<\/div>\n<p>[\/ts_side_content][ts_side_image image=&#8221;2666&#8243;][\/ts_side_image][\/vc_column][vc_column width=&#8221;1\/2&#8243;][vc_empty_space height=&#8221;20px&#8221;][\/vc_column][\/vc_row][vc_row anchor_wrap_section=&#8221;no&#8221;][vc_column width=&#8221;1\/2&#8243;][ts_side_content position=&#8221;right&#8221;]<\/p>\n<div id=\"comp-kp9jwgnw\" class=\"txtNew\" data-packed=\"true\" data-vertical-text=\"false\">\n<h3 class=\"font_7\">Emu (Dromaius novaehollandiae)<\/h3>\n<p class=\"font_7\">\u00c9s el segon ocell m\u00e9s gran del\u00a0planeta. Mesura\u00a0aproximadament\u00a01.5 metres i pesa fins a 80Kg. L&#8217;em\u00fa \u00e9s natiu d&#8217;Austr\u00e0lia i es distribueix en la major part del territori. Mant\u00e9 una dieta omn\u00edvora que inclou llavors, fruits, brots de plantes, excrement i animals petits. Les seves necessitats d&#8217;aigua s\u00f3n grans: cada dia beu uns 10 litres. Durant la major part de l&#8217;any viu en grups petits i es separen en parelles per aparellar-se.<\/p>\n<\/div>\n<p>[\/ts_side_content][ts_side_image image=&#8221;2667&#8243;][\/ts_side_image][\/vc_column][vc_column width=&#8221;1\/2&#8243;][vc_empty_space height=&#8221;20px&#8221;][\/vc_column][\/vc_row][vc_row anchor_wrap_section=&#8221;no&#8221;][vc_column width=&#8221;1\/2&#8243;][ts_side_content position=&#8221;right&#8221;]<\/p>\n<div id=\"comp-kp9jwgnw\" class=\"txtNew\" data-packed=\"true\" data-vertical-text=\"false\">\n<h3 class=\"font_7\">Casuari (casuarius casuarius)<\/h3>\n<p class=\"font_7\">\u00c9s el tercer ocell m\u00e9s gran del m\u00f3n. Mesura\u00a0aproximadament de 1.5 metres i pesa\u00a0fins a 80Kg.<\/p>\n<p class=\"font_7\">El casuari \u00e9s natiu de Nova Guinea i Austr\u00e0lia. S\u00f3n aus solit\u00e0ries i molt agressives que habiten la selva tropical on s&#8217;alimenten de les fruites caigudes, d&#8217;alguns fongs i petits animals.<\/p>\n<p class=\"font_7\">Juntament amb\u00a0l&#8217;estru\u00e7 es considera l&#8217;au m\u00e9s perill\u00f3s del m\u00f3n ja que no dubta en atacar i matar humans. La femella casuari \u00e9s m\u00e9s perillosa que el mascle. Aquesta es pot aparellar amb diversos mascles, i fer una nidada amb cada un d&#8217;ells. El mascle \u00e9s qui incuba els ous i junts tenen cura dels pollets.<\/p>\n<\/div>\n<p>[\/ts_side_content][ts_side_image image=&#8221;2670&#8243;][\/ts_side_image][\/vc_column][vc_column width=&#8221;1\/2&#8243;][vc_empty_space height=&#8221;20px&#8221;][\/vc_column][\/vc_row][vc_row anchor_wrap_section=&#8221;no&#8221;][vc_column width=&#8221;1\/2&#8243;][ts_side_content position=&#8221;right&#8221;]<\/p>\n<div id=\"comp-kp9jwgnw\" class=\"txtNew\" data-packed=\"true\" data-vertical-text=\"false\">\n<h3 class=\"font_7\">Nyandu (Rhea americana)<\/h3>\n<p class=\"font_7\">\u00c9s la quarta au m\u00e9s gran de m\u00f3n. Mesuren aprox. 1.3m i pesen fins a 30Kg.<\/p>\n<p class=\"font_7\">Es troba exclusivament a Sud-am\u00e8rica i habiten t\u00edpicament els boscos de la Pampa, normalment en \u00e0rees amb pastures altes. S\u00f3n omn\u00edvores que s&#8217;alimenten tant de pastura com d&#8217;animals petits o llavors. Existeixen 8 subesp\u00e8cies d&#8217;aquesta au i viuen en rajades de fins a 20 individus. El mascle \u00e9s qui incuba els ous i t\u00e9 cura dels pollet.<\/p>\n<p class=\"font_7\">L&#8217;any 2000 6 \u00f1and\u00fa\u00e9s van escapar d&#8217;una granja a Alemanya, aconseguint sobreviure a l&#8217;hivern en un h\u00e0bitat molt semblant a el de Sud-am\u00e8rica. Aquestes aus van aconseguir establir-se a l&#8217;\u00e0rea de Mecklenburg-Vorpommern i per a octubre de 2008 la poblaci\u00f3 estimada per cient\u00edfics alemanys era d&#8217;al voltant de 100 individus.<\/p>\n<\/div>\n<p>[\/ts_side_content][\/vc_column][vc_column width=&#8221;1\/2&#8243;][ts_side_image image=&#8221;2672&#8243;][\/ts_side_image][vc_empty_space height=&#8221;20px&#8221;][\/vc_column][\/vc_row][vc_row anchor_wrap_section=&#8221;no&#8221;][vc_column width=&#8221;1\/2&#8243;][\/vc_column][vc_column width=&#8221;1\/2&#8243;][ts_side_content position=&#8221;right&#8221;]<\/p>\n<div id=\"comp-kp9jwgnw\" class=\"txtNew\" data-packed=\"true\" data-vertical-text=\"false\">\n<h3 class=\"font_7\">Kiwi (Apteryx)<\/h3>\n<p class=\"font_7\">\u00c9s la ratite m\u00e9s petita de totes, de la mida aproximada\u00a0d&#8217;una gallina com\u00fa. \u00c9s end\u00e8mic de Nova Zelanda, on va habitar tamb\u00e9 la Moa gegant. Actualment es troba en un greu perill d&#8217;extinci\u00f3 a causa de la deterioraci\u00f3 de l&#8217;ecosistema neozeland\u00e8s, degut principalment a la introducci\u00f3 d&#8217;esp\u00e8cies animals foranes. Els kiwis s\u00f3n criatures t\u00edmides i nocturnes amb un sentit de l&#8217;olfacte molt desenvolupat gr\u00e0cies a l&#8217;exist\u00e8ncia de veritables bigotis al voltant del bec.\u00a0Un altre tret generalment inusual en un au \u00e9s la pres\u00e8ncia de fosses nasals a la punta del seu llarg i filoso bec. S\u00f3n omn\u00edvors; per alimentar-se, incrusten el bec a terra a la recerca de cucs, insectes i altres invertebrats. Tamb\u00e9 mengen cocos i, si l&#8217;oportunitat es presenta, petits crancs de riu, amfibis i anguiles.<\/p>\n<\/div>\n<p>[\/ts_side_content][ts_side_image image=&#8221;2673&#8243;][\/ts_side_image][vc_empty_space height=&#8221;20px&#8221;][\/vc_column][\/vc_row][vc_row anchor_wrap_section=&#8221;no&#8221;][vc_column][ts_section_title color=&#8221;#81d742&#8243; title=&#8221;\u2020 Ratites extingits \u2020&#8221;][\/vc_column][vc_column width=&#8221;1\/2&#8243;][ts_side_content position=&#8221;right&#8221;]<\/p>\n<div id=\"comp-kp9jwgnw\" class=\"txtNew\" data-packed=\"true\" data-vertical-text=\"false\">\n<h3 class=\"font_7\">Dodo\u00a0\u2020<br \/>\n(<a>Raphus cucullatus\u00a0<\/a><a>\u2020<\/a>)<\/h3>\n<p class=\"font_7\">End\u00e8mic de l&#8217;illa Maurici, va ser l&#8217;\u00faltima ratite que es va extingir. L&#8217;\u00e9sser hum\u00e0 va arribar al seu h\u00e0bitat al segle XVI. Els descobridors portuguesos ho van anomenar\u00a0&#8220;dodo&#8221; ( &#8220;est\u00fapid&#8221; en la parla col\u00b7loquial portuguesa) per la seva malaptesa i la facilitat amb que podia ser ca\u00e7ada (el dodo va evolucionar sense cap contacte amb \u00e9ssers humans, de manera que no els veia com una amena\u00e7a). L&#8217;\u00faltim exemplar viu va ser vist l&#8217;any 1662.<\/p>\n<\/div>\n<p>[\/ts_side_content][\/vc_column][vc_column width=&#8221;1\/2&#8243;][ts_side_image image=&#8221;2676&#8243;][\/ts_side_image][vc_empty_space height=&#8221;20px&#8221;][\/vc_column][\/vc_row][vc_row anchor_wrap_section=&#8221;no&#8221;][vc_column width=&#8221;1\/2&#8243;][ts_side_content position=&#8221;right&#8221;]<\/p>\n<div id=\"comp-kp9jwgnw\" class=\"txtNew\" data-packed=\"true\" data-vertical-text=\"false\">\n<h3 class=\"font_7\">Moa Gegant \u2020<br \/>\n(<a>Dinornis novaezealandiae\u00a0<\/a><a>\u2020<\/a>)<\/h3>\n<p class=\"font_7\">Una de les aus m\u00e9s grans que va existir mai. Les\u00a0moas gegants es van extingir per les accions dels humans, que els ca\u00e7aven com a aliment. Aquest grup d&#8217;aus ja havia desaparegut de Nova Zelanda a l&#8217;any 1500. Arribant a mesurar 3,7 metres d&#8217;al\u00e7ada i un pes de 280 kg. La moa tenia un depredador natural: l&#8217;\u00e0guila d&#8217;Haast. A l&#8217;extingir-se la moa, es va extingir tamb\u00e9 l&#8217;\u00e0guila d&#8217;Haast.<\/p>\n<\/div>\n<p>[\/ts_side_content][ts_side_image image=&#8221;2674&#8243;][\/ts_side_image][\/vc_column][vc_column width=&#8221;1\/2&#8243;][vc_empty_space height=&#8221;20px&#8221;][\/vc_column][\/vc_row][vc_row anchor_wrap_section=&#8221;no&#8221;][vc_column width=&#8221;1\/2&#8243;][ts_side_content position=&#8221;right&#8221;]<\/p>\n<div id=\"comp-kp9jwgnw\" class=\"txtNew\" data-packed=\"true\" data-vertical-text=\"false\">\n<h3 class=\"font_7\">Au elefant\u2020<br \/>\n(<a>Aepyornithidae\u00a0<\/a><a>\u2020<\/a>)<\/h3>\n<p class=\"font_7\">\u00c9s l&#8217;au m\u00e9s gran que va existir mai. End\u00e8mic de Madagascar, arribant a mesurar m\u00e9s de 3 metres i pesar m\u00e9s de 500Kg. Tamb\u00e9 es va extingir per les accions dels humans, que els ca\u00e7aven com a aliment. Amb tan formidables dimensions, no \u00e9s d&#8217;estranyar que els ous de l&#8217;au elefant fossin igualment gegants. De m\u00e9s de trenta cent\u00edmetres de di\u00e0metre, pesaven fins a dotze quilos, contenint nou litres en el seu interior i equivalien a set ous d&#8217;estru\u00e7, dos-cents vint ous de gallina o 12.000 ous de colibr\u00ed. Ni tan sols els ous dels majors dinosaures trobats fins avui aconsegueixen les dimensions de l&#8217;ou d&#8217;una au elefant, de manera que amb seguretat parlem dels ous m\u00e9s grans posts per qualsevol animal a la hist\u00f2ria de la terra.<\/p>\n<\/div>\n<p>[\/ts_side_content][\/vc_column][vc_column width=&#8221;1\/2&#8243;][ts_side_image image=&#8221;2675&#8243;][\/ts_side_image][vc_empty_space height=&#8221;20px&#8221;][\/vc_column][\/vc_row]<\/p>\n","protected":false},"excerpt":{"rendered":"<p>[vc_row anchor_wrap_section=&#8221;no&#8221;][vc_column][vc_video link=&#8221;https:\/\/youtu.be\/zIqMXfI0hIo&#8221;][vc_message message_box_color=&#8221;violet&#8221; icon_fontawesome=&#8221;fas fa-arrow-down&#8221;]Conexi\u00f3 lenta? Prova nom\u00e9s audio debaix.[\/vc_message][zoomsounds_player source=&#8221;2950&#8243; type=&#8221;detect&#8221; thumb=&#8221;2894&#8243; enable_likes=&#8221;on&#8221; wrapper_image_type=&#8221;zoomsounds-wrapper-bg-center&#8221;][\/zoomsounds_player][ts_section_title title=&#8221;Parents de l&#8217;estru\u00e7&#8221;][ts_section_title color=&#8221;#81d742&#8243; title=&#8221;Ratites&#8221;][\/vc_column][vc_column width=&#8221;1\/2&#8243;][ts_side_content position=&#8221;right&#8221;] Les ratites s\u00f3n les aus originals que no volen ni es comuniquen mitjan\u00e7ant la veu, sin\u00f3 que utilitzen el llenguatge corporal. Nom\u00e9s existeixen 5 avui en dia: L&#8217; estru\u00e7, l&#8217;em\u00fa, el nyand\u00fa, [&hellip;]<\/p>\n","protected":false},"author":2,"featured_media":0,"parent":0,"menu_order":0,"comment_status":"closed","ping_status":"closed","template":"","meta":{"footnotes":""},"class_list":["post-2723","page","type-page","status-publish","hentry"],"_links":{"self":[{"href":"https:\/\/www.artestruzmallorca.com\/ca\/wp-json\/wp\/v2\/pages\/2723","targetHints":{"allow":["GET"]}}],"collection":[{"href":"https:\/\/www.artestruzmallorca.com\/ca\/wp-json\/wp\/v2\/pages"}],"about":[{"href":"https:\/\/www.artestruzmallorca.com\/ca\/wp-json\/wp\/v2\/types\/page"}],"author":[{"embeddable":true,"href":"https:\/\/www.artestruzmallorca.com\/ca\/wp-json\/wp\/v2\/users\/2"}],"replies":[{"embeddable":true,"href":"https:\/\/www.artestruzmallorca.com\/ca\/wp-json\/wp\/v2\/comments?post=2723"}],"version-history":[{"count":11,"href":"https:\/\/www.artestruzmallorca.com\/ca\/wp-json\/wp\/v2\/pages\/2723\/revisions"}],"predecessor-version":[{"id":8989,"href":"https:\/\/www.artestruzmallorca.com\/ca\/wp-json\/wp\/v2\/pages\/2723\/revisions\/8989"}],"wp:attachment":[{"href":"https:\/\/www.artestruzmallorca.com\/ca\/wp-json\/wp\/v2\/media?parent=2723"}],"curies":[{"name":"wp","href":"https:\/\/api.w.org\/{rel}","templated":true}]}}