{"id":2194,"date":"2021-07-04T10:14:48","date_gmt":"2021-07-04T10:14:48","guid":{"rendered":"https:\/\/bazan-lab.com\/Artestruz\/eventos-e-incentivos\/"},"modified":"2024-05-30T13:49:32","modified_gmt":"2024-05-30T11:49:32","slug":"esdeveniments-i-incentius","status":"publish","type":"page","link":"https:\/\/www.artestruzmallorca.com\/ca\/esdeveniments-i-incentius\/","title":{"rendered":"Esdeveniments i incentius"},"content":{"rendered":"<p>[vc_row anchor_wrap_section=&#8221;no&#8221;][vc_column][ts_section_title color=&#8221;#81d742&#8243; title=&#8221;Un espai \u00fanic per a un esdeveniment ex\u00f2tic, sorprenent i inoblidable&#8221;][\/vc_column][vc_column width=&#8221;1\/2&#8243;][ts_side_content position=&#8221;right&#8221;]Artstruz \u00e9s un lloc ideal per a grups de fins a 60 persones. \u00cdntim, peculiar, ex\u00f2tic, i entranyable. El nostre espai desperta emocions, ajuda a obrir l&#8217;individu per ser part del ramat, i sobretot mai no deixa indiferent.<\/p>\n<p>Un esdeveniment a Artestruz assegura intriga, diversi\u00f3, moments de tendresa i sorpresa. Venir en grup i interactuar amb els estru\u00e7os us donar\u00e0 grats records que dif\u00edcilment oblidareu. Per a m\u00e9s diversi\u00f3 i aventura, afegeix una experi\u00e8ncia culin\u00e0ria original amb, per exemple, un enorme ou ferrat d&#8217;estru\u00e7, per a una petita degustaci\u00f3 de fins a 60 persones.<\/p>\n<p>Contacti amb nosaltres per a les diferents opcions i preus.[\/ts_side_content][\/vc_column][vc_column width=&#8221;1\/2&#8243;][ts_side_slider details=&#8221;%5B%7B%22image%22%3A%22759%22%7D%2C%7B%22image%22%3A%22758%22%7D%2C%7B%22image%22%3A%22607%22%7D%2C%7B%22image%22%3A%22837%22%7D%5D&#8221;][vc_empty_space][\/vc_column][\/vc_row]<\/p>\n","protected":false},"excerpt":{"rendered":"<p>[vc_row anchor_wrap_section=&#8221;no&#8221;][vc_column][ts_section_title color=&#8221;#81d742&#8243; title=&#8221;Un espai \u00fanic per a un esdeveniment ex\u00f2tic, sorprenent i inoblidable&#8221;][\/vc_column][vc_column width=&#8221;1\/2&#8243;][ts_side_content position=&#8221;right&#8221;]Artstruz \u00e9s un lloc ideal per a grups de fins a 60 persones. \u00cdntim, peculiar, ex\u00f2tic, i entranyable. El nostre espai desperta emocions, ajuda a obrir l&#8217;individu per ser part del ramat, i sobretot mai no deixa indiferent. Un esdeveniment [&hellip;]<\/p>\n","protected":false},"author":2,"featured_media":0,"parent":0,"menu_order":0,"comment_status":"closed","ping_status":"closed","template":"","meta":{"footnotes":""},"class_list":["post-2194","page","type-page","status-publish","hentry"],"_links":{"self":[{"href":"https:\/\/www.artestruzmallorca.com\/ca\/wp-json\/wp\/v2\/pages\/2194","targetHints":{"allow":["GET"]}}],"collection":[{"href":"https:\/\/www.artestruzmallorca.com\/ca\/wp-json\/wp\/v2\/pages"}],"about":[{"href":"https:\/\/www.artestruzmallorca.com\/ca\/wp-json\/wp\/v2\/types\/page"}],"author":[{"embeddable":true,"href":"https:\/\/www.artestruzmallorca.com\/ca\/wp-json\/wp\/v2\/users\/2"}],"replies":[{"embeddable":true,"href":"https:\/\/www.artestruzmallorca.com\/ca\/wp-json\/wp\/v2\/comments?post=2194"}],"version-history":[{"count":14,"href":"https:\/\/www.artestruzmallorca.com\/ca\/wp-json\/wp\/v2\/pages\/2194\/revisions"}],"predecessor-version":[{"id":11057,"href":"https:\/\/www.artestruzmallorca.com\/ca\/wp-json\/wp\/v2\/pages\/2194\/revisions\/11057"}],"wp:attachment":[{"href":"https:\/\/www.artestruzmallorca.com\/ca\/wp-json\/wp\/v2\/media?parent=2194"}],"curies":[{"name":"wp","href":"https:\/\/api.w.org\/{rel}","templated":true}]}}