{"id":2170,"date":"2021-07-04T10:14:18","date_gmt":"2021-07-04T10:14:18","guid":{"rendered":"https:\/\/bazan-lab.com\/Artestruz\/boutique-artesanias-avestruz-mallorca\/"},"modified":"2021-07-22T09:43:28","modified_gmt":"2021-07-22T09:43:28","slug":"boutique-artesanias-estruc-mallorca","status":"publish","type":"page","link":"https:\/\/www.artestruzmallorca.com\/ca\/boutique-artesanias-estruc-mallorca\/","title":{"rendered":"Boutique Artestruz"},"content":{"rendered":"<p>[vc_row content_placement=&#8221;middle&#8221; anchor_wrap_section=&#8221;no&#8221; use_container=&#8221;yes&#8221;][vc_column width=&#8221;1\/2&#8243;][ts_section_title color=&#8221;#81d742&#8243; title=&#8221;Artesanies ex\u00f2tiques fetes a Mallorca&#8221;][vc_column_text]Artestruz \u00e9s una granja de visites, per\u00f2 tamb\u00e9 \u00e9s molt m\u00e9s. La nostra experi\u00e8ncia de vida ens ha ensenyat a estar en contacte amb diverses ind\u00fastries. Vine a descobrir productes artesanals ex\u00f2tics fets a Mallorca i altres productes internacionals.<\/p>\n<p>Les principals ind\u00fastries de l&#8217;estru\u00e7 s\u00f3n el cuir, les plomes, la carn, els ous, les peles dels ous, i l&#8217;oli.[\/vc_column_text][\/vc_column][vc_column width=&#8221;1\/2&#8243;][ts_side_slider details=&#8221;%5B%7B%22image%22%3A%222050%22%7D%2C%7B%22image%22%3A%222043%22%7D%2C%7B%22image%22%3A%222045%22%7D%2C%7B%22image%22%3A%222047%22%7D%2C%7B%22image%22%3A%222044%22%7D%5D&#8221;][\/vc_column][\/vc_row][vc_row][vc_column][ts_section_title color=&#8221;#81d742&#8243; title=&#8221;Compra un ou d&#8217;estru\u00e7!&#8221;][\/vc_column][vc_column width=&#8221;1\/2&#8243;][ts_side_slider details=&#8221;%5B%7B%22image%22%3A%221027%22%7D%2C%7B%22image%22%3A%22760%22%7D%2C%7B%22image%22%3A%22744%22%7D%2C%7B%22image%22%3A%22761%22%7D%5D&#8221;][vc_empty_space][\/vc_column][vc_column width=&#8221;1\/2&#8243;][ts_side_content position=&#8221;right&#8221;]La nostra granja produeix incre\u00efbles ous d&#8217;estru\u00e7. Amb l&#8217;ou d&#8217;estru\u00e7 es pot preparar un enorme i sabor\u00f3s ou fregit (el sabor \u00e9s molt semblant a l&#8217;ou de gallina). Les closques s\u00f3n una pe\u00e7a decorativa natural, elegant i senzilla.<\/p>\n<p>Dada curiosa: l&#8217;any 2004 vam obtenir l&#8217;ou m\u00e9s gran de el m\u00f3n en Artestruz.<\/p>\n<p>En aquest web pots comprar les teves ous o closca d&#8217;ou i rebre&#8217;ls directament a casa teva. Tindr\u00e0s l&#8217;experi\u00e8ncia Artestruz on tu vulguis!<\/p>\n<p>Disponible aviat.[\/ts_side_content][\/vc_column][\/vc_row]<\/p>\n","protected":false},"excerpt":{"rendered":"<p>[vc_row content_placement=&#8221;middle&#8221; anchor_wrap_section=&#8221;no&#8221; use_container=&#8221;yes&#8221;][vc_column width=&#8221;1\/2&#8243;][ts_section_title color=&#8221;#81d742&#8243; title=&#8221;Artesanies ex\u00f2tiques fetes a Mallorca&#8221;][vc_column_text]Artestruz \u00e9s una granja de visites, per\u00f2 tamb\u00e9 \u00e9s molt m\u00e9s. La nostra experi\u00e8ncia de vida ens ha ensenyat a estar en contacte amb diverses ind\u00fastries. Vine a descobrir productes artesanals ex\u00f2tics fets a Mallorca i altres productes internacionals. Les principals ind\u00fastries de l&#8217;estru\u00e7 s\u00f3n [&hellip;]<\/p>\n","protected":false},"author":2,"featured_media":0,"parent":0,"menu_order":0,"comment_status":"closed","ping_status":"closed","template":"","meta":{"footnotes":""},"class_list":["post-2170","page","type-page","status-publish","hentry"],"_links":{"self":[{"href":"https:\/\/www.artestruzmallorca.com\/ca\/wp-json\/wp\/v2\/pages\/2170","targetHints":{"allow":["GET"]}}],"collection":[{"href":"https:\/\/www.artestruzmallorca.com\/ca\/wp-json\/wp\/v2\/pages"}],"about":[{"href":"https:\/\/www.artestruzmallorca.com\/ca\/wp-json\/wp\/v2\/types\/page"}],"author":[{"embeddable":true,"href":"https:\/\/www.artestruzmallorca.com\/ca\/wp-json\/wp\/v2\/users\/2"}],"replies":[{"embeddable":true,"href":"https:\/\/www.artestruzmallorca.com\/ca\/wp-json\/wp\/v2\/comments?post=2170"}],"version-history":[{"count":2,"href":"https:\/\/www.artestruzmallorca.com\/ca\/wp-json\/wp\/v2\/pages\/2170\/revisions"}],"predecessor-version":[{"id":2172,"href":"https:\/\/www.artestruzmallorca.com\/ca\/wp-json\/wp\/v2\/pages\/2170\/revisions\/2172"}],"wp:attachment":[{"href":"https:\/\/www.artestruzmallorca.com\/ca\/wp-json\/wp\/v2\/media?parent=2170"}],"curies":[{"name":"wp","href":"https:\/\/api.w.org\/{rel}","templated":true}]}}